{"id":85,"date":"2015-12-21T21:14:05","date_gmt":"2015-12-21T21:14:05","guid":{"rendered":"http:\/\/rohrpost.pulsar-media.de\/?page_id=85"},"modified":"2025-06-02T09:00:39","modified_gmt":"2025-06-02T09:00:39","slug":"impressum","status":"publish","type":"page","link":"https:\/\/rohrpost.de\/de\/impressum\/","title":{"rendered":"Impressum &#038; Datenschutz"},"content":{"rendered":"<section class=\"l-section wpb_row height_medium\"><div class=\"l-section-h i-cf\"><div class=\"g-cols vc_row via_flex valign_top type_default stacking_default\"><div class=\"vc_col-sm-12 wpb_column vc_column_container\"><div class=\"vc_column-inner\"><div class=\"wpb_wrapper\"><div class=\"wpb_text_column\"><div class=\"wpb_wrapper\"><h1>Impressum<\/h1>\n<p><strong>Angaben gem\u00e4\u00df \u00a7 5 TMG:<\/strong><\/p>\n<p><strong>H\u00d6RTIG Rohrpost GmbH<\/strong><br \/>\n<strong>Sophian-Kolb-Stra\u00dfe 4<\/strong><br \/>\n<strong>95448 Bayreuth<\/strong><br \/>\n<strong>GERMANY<\/strong><\/p>\n<p><strong>Tel. 0921-7 89 49-0<br \/>\nFax. 0921-7 89 49 \u201399<\/strong><\/p>\n<p><strong>E-Mail: <u><a href=\"mailto:info@rohrpost.de\">info@rohrpost.de<\/a><\/u><\/strong><br \/>\n<strong>Internet: http:\/\/air-tube-systems.com <\/strong><\/p>\n<p>Gesch\u00e4ftsf\u00fchrer: Dipl.-Ing Martin H\u00f6rtig<br \/>\nSitz der Gesellschaft: Bayreuth<br \/>\nRegistergericht: Bayreuth, HRB 6204<br \/>\nSteuer-Nr.: 208\/128\/60578<br \/>\nUmsatzsteueridentifikationsnummer: DE301582516<\/p>\n<p>Redaktion und inhaltlich verantwortlich:<br \/>\nDipl.-Ing. Martin H\u00f6rtig<br \/>\nTel. 0921-7 89 49-0<br \/>\nFax. 0921-7 89 49-99<br \/>\nE-Mail: <u><a href=\"mailto:info@rohrpost.de\">info@rohrpost.de<\/a><\/u><br \/>\nInternet: http:\/\/air-tube-systems.com<\/p>\n<p>Redaktion \/ st\u00e4ndige Mitarbeit:<br \/>\nMarketingabteilung H\u00f6rtig Rohrpost GmbH<br \/>\nTel. 0921-7 89 49-0<br \/>\nE-Mail: <u><a href=\"mailto:info@rohrpost.de\">info@rohrpost.de<\/a><\/u><\/p>\n<p>Technische Realisation:<br \/>\nPULSAR<br \/>\ninteractive media<br \/>\nForsterstra\u00dfe 100<br \/>\n90441 N\u00fcrnberg<strong><br \/>\n<\/strong>Internet: <u><a href=\"http:\/\/www.pim.de\">http:\/\/www.pim.de<\/a><\/u><\/p>\n<p>Das Copyright f\u00fcr alle Texte und rohrpostbezogene Fotos dieser Website liegt \u2013 soweit nicht anders vermerkt \u2013 bei H\u00d6RTIG Rohrpost.<\/p>\n<p><strong>Streitschlichtung<\/strong><\/p>\n<p>Die Europ\u00e4ische Kommission stellt eine Plattform zur Online-Streitbeilegung (OS) bereit:<br \/>\n<u><a href=\"http:\/\/ec.europa.eu\/consumers\/odr\">http:\/\/ec.europa.eu\/consumers\/odr<\/a><\/u><br \/>\nUnsere E-Mail-Adresse finden Sie oben im Impressum. Wir sind nicht bereit oder verpflichtet, an Streitbeilegungsverfahren vor einer Verbraucherschlichtungsstelle teilzunehmen.<\/p>\n<p><strong>Widerspruch Werbe-Mails<\/strong><\/p>\n<p>Der Nutzung von im Rahmen der Impressumspflicht ver\u00f6ffentlichten Kontaktdaten zur \u00dcbersendung von nicht ausdr\u00fccklich angeforderter Werbung und Informationsmaterialien wird hiermit widersprochen. Die Betreiber der Seiten behalten sich ausdr\u00fccklich rechtliche Schritte im Falle der unverlangten Zusendung von Werbeinformationen, etwa durch Spam-E-Mails, vor.<\/p>\n<p>Quelle:\u00a0e-recht24.de (abge\u00e4ndert)<\/p>\n<\/div><\/div><div class=\"wpb_text_column\"><div class=\"wpb_wrapper\"><div class=\"woocommerce woocommerce-gzd woocommerce-gzd-complaints-shortcode\">\n\t\t\t<h3>Alternative Streitbeilegung gem\u00e4\u00df Art. 14 Abs. 1 ODR-VO und \u00a7 36 VSBG:<\/h3>\n\t\nZur Teilnahme an einem Streitbeilegungsverfahren vor einer Verbraucherschlichtungsstelle sind wir nicht verpflichtet und nicht bereit.<\/div>\n<\/div><\/div><\/div><\/div><\/div><\/div><\/div><\/section><section class=\"l-section wpb_row height_medium\"><div class=\"l-section-h i-cf\"><div class=\"g-cols vc_row via_flex valign_top type_default stacking_default\"><div class=\"vc_col-sm-12 wpb_column vc_column_container\"><div class=\"vc_column-inner\"><div class=\"wpb_wrapper\"><\/div><\/div><\/div><\/div><\/div><\/section>\n","protected":false},"excerpt":{"rendered":"Impressum Angaben gem\u00e4\u00df \u00a7 5 TMG: H\u00d6RTIG Rohrpost GmbH Sophian-Kolb-Stra\u00dfe 4 95448 Bayreuth GERMANY Tel. 0921-7 89 49-0 Fax. 0921-7 89 49 \u201399 E-Mail: info@rohrpost.de Internet: http:\/\/air-tube-systems.com Gesch\u00e4ftsf\u00fchrer: Dipl.-Ing Martin H\u00f6rtig Sitz der Gesellschaft: Bayreuth Registergericht: Bayreuth, HRB 6204 Steuer-Nr.: 208\/128\/60578 Umsatzsteueridentifikationsnummer: DE301582516 Redaktion und inhaltlich verantwortlich: Dipl.-Ing. Martin H\u00f6rtig Tel. 0921-7 89 49-0 Fax....","protected":false},"author":1,"featured_media":0,"parent":0,"menu_order":25,"comment_status":"closed","ping_status":"closed","template":"","meta":{"footnotes":""},"class_list":["post-85","page","type-page","status-publish","hentry"],"yoast_head":"<!-- This site is optimized with the Yoast SEO plugin v27.2 - https:\/\/yoast.com\/product\/yoast-seo-wordpress\/ -->\n<title>Impressum &amp; Datenschutz<\/title>\n<meta name=\"robots\" content=\"noindex, nofollow\" \/>\n<meta property=\"og:locale\" content=\"de_DE\" \/>\n<meta property=\"og:type\" content=\"article\" \/>\n<meta property=\"og:title\" content=\"Impressum &amp; Datenschutz\" \/>\n<meta property=\"og:url\" content=\"https:\/\/rohrpost.de\/de\/impressum\/\" \/>\n<meta property=\"og:site_name\" content=\"H\u00f6rtig Rohrpost\" \/>\n<meta property=\"article:modified_time\" content=\"2025-06-02T09:00:39+00:00\" \/>\n<meta property=\"og:image\" content=\"https:\/\/rohrpost.de\/wp-content\/uploads\/HR-Logo2017-RAL6018.jpg\" \/>\n\t<meta property=\"og:image:width\" content=\"10000\" \/>\n\t<meta property=\"og:image:height\" content=\"2759\" \/>\n\t<meta property=\"og:image:type\" content=\"image\/jpeg\" \/>\n<meta name=\"twitter:card\" content=\"summary_large_image\" \/>\n<meta name=\"twitter:label1\" content=\"Gesch\u00e4tzte Lesezeit\" \/>\n\t<meta name=\"twitter:data1\" content=\"2\u00a0Minuten\" \/>\n<script type=\"application\/ld+json\" class=\"yoast-schema-graph\">{\"@context\":\"https:\/\/schema.org\",\"@graph\":[{\"@type\":\"WebPage\",\"@id\":\"https:\/\/rohrpost.de\/de\/impressum\/\",\"url\":\"https:\/\/rohrpost.de\/de\/impressum\/\",\"name\":\"Impressum & Datenschutz\",\"isPartOf\":{\"@id\":\"https:\/\/rohrpost.de\/de\/#website\"},\"datePublished\":\"2015-12-21T21:14:05+00:00\",\"dateModified\":\"2025-06-02T09:00:39+00:00\",\"breadcrumb\":{\"@id\":\"https:\/\/rohrpost.de\/de\/impressum\/#breadcrumb\"},\"inLanguage\":\"de\",\"potentialAction\":[{\"@type\":\"ReadAction\",\"target\":[\"https:\/\/rohrpost.de\/de\/impressum\/\"]}]},{\"@type\":\"BreadcrumbList\",\"@id\":\"https:\/\/rohrpost.de\/de\/impressum\/#breadcrumb\",\"itemListElement\":[{\"@type\":\"ListItem\",\"position\":1,\"name\":\"Startseite\",\"item\":\"https:\/\/rohrpost.de\/de\/\"},{\"@type\":\"ListItem\",\"position\":2,\"name\":\"Impressum &#038; Datenschutz\"}]},{\"@type\":\"WebSite\",\"@id\":\"https:\/\/rohrpost.de\/de\/#website\",\"url\":\"https:\/\/rohrpost.de\/de\/\",\"name\":\"H\u00f6rtig Rohrpost\",\"description\":\"Hersteller von smarten Rohrpostsystemen\",\"publisher\":{\"@id\":\"https:\/\/rohrpost.de\/de\/#organization\"},\"potentialAction\":[{\"@type\":\"SearchAction\",\"target\":{\"@type\":\"EntryPoint\",\"urlTemplate\":\"https:\/\/rohrpost.de\/de\/?s={search_term_string}\"},\"query-input\":{\"@type\":\"PropertyValueSpecification\",\"valueRequired\":true,\"valueName\":\"search_term_string\"}}],\"inLanguage\":\"de\"},{\"@type\":\"Organization\",\"@id\":\"https:\/\/rohrpost.de\/de\/#organization\",\"name\":\"H\u00f6rtig Rohrpost GmbH\",\"url\":\"https:\/\/rohrpost.de\/de\/\",\"logo\":{\"@type\":\"ImageObject\",\"inLanguage\":\"de\",\"@id\":\"https:\/\/rohrpost.de\/de\/#\/schema\/logo\/image\/\",\"url\":\"http:\/\/air-tube-systems.com\/wp-content\/uploads\/HR-Logo2017-RAL6018.jpg\",\"contentUrl\":\"http:\/\/air-tube-systems.com\/wp-content\/uploads\/HR-Logo2017-RAL6018.jpg\",\"width\":10000,\"height\":2759,\"caption\":\"H\u00f6rtig Rohrpost GmbH\"},\"image\":{\"@id\":\"https:\/\/rohrpost.de\/de\/#\/schema\/logo\/image\/\"}}]}<\/script>\n<!-- \/ Yoast SEO plugin. -->","yoast_head_json":{"title":"Impressum & Datenschutz","robots":{"index":"noindex","follow":"nofollow"},"og_locale":"de_DE","og_type":"article","og_title":"Impressum & Datenschutz","og_url":"https:\/\/rohrpost.de\/de\/impressum\/","og_site_name":"H\u00f6rtig Rohrpost","article_modified_time":"2025-06-02T09:00:39+00:00","og_image":[{"width":10000,"height":2759,"url":"https:\/\/rohrpost.de\/wp-content\/uploads\/HR-Logo2017-RAL6018.jpg","type":"image\/jpeg"}],"twitter_card":"summary_large_image","twitter_misc":{"Gesch\u00e4tzte Lesezeit":"2\u00a0Minuten"},"schema":{"@context":"https:\/\/schema.org","@graph":[{"@type":"WebPage","@id":"https:\/\/rohrpost.de\/de\/impressum\/","url":"https:\/\/rohrpost.de\/de\/impressum\/","name":"Impressum & Datenschutz","isPartOf":{"@id":"https:\/\/rohrpost.de\/de\/#website"},"datePublished":"2015-12-21T21:14:05+00:00","dateModified":"2025-06-02T09:00:39+00:00","breadcrumb":{"@id":"https:\/\/rohrpost.de\/de\/impressum\/#breadcrumb"},"inLanguage":"de","potentialAction":[{"@type":"ReadAction","target":["https:\/\/rohrpost.de\/de\/impressum\/"]}]},{"@type":"BreadcrumbList","@id":"https:\/\/rohrpost.de\/de\/impressum\/#breadcrumb","itemListElement":[{"@type":"ListItem","position":1,"name":"Startseite","item":"https:\/\/rohrpost.de\/de\/"},{"@type":"ListItem","position":2,"name":"Impressum &#038; Datenschutz"}]},{"@type":"WebSite","@id":"https:\/\/rohrpost.de\/de\/#website","url":"https:\/\/rohrpost.de\/de\/","name":"H\u00f6rtig Rohrpost","description":"Hersteller von smarten Rohrpostsystemen","publisher":{"@id":"https:\/\/rohrpost.de\/de\/#organization"},"potentialAction":[{"@type":"SearchAction","target":{"@type":"EntryPoint","urlTemplate":"https:\/\/rohrpost.de\/de\/?s={search_term_string}"},"query-input":{"@type":"PropertyValueSpecification","valueRequired":true,"valueName":"search_term_string"}}],"inLanguage":"de"},{"@type":"Organization","@id":"https:\/\/rohrpost.de\/de\/#organization","name":"H\u00f6rtig Rohrpost GmbH","url":"https:\/\/rohrpost.de\/de\/","logo":{"@type":"ImageObject","inLanguage":"de","@id":"https:\/\/rohrpost.de\/de\/#\/schema\/logo\/image\/","url":"http:\/\/air-tube-systems.com\/wp-content\/uploads\/HR-Logo2017-RAL6018.jpg","contentUrl":"http:\/\/air-tube-systems.com\/wp-content\/uploads\/HR-Logo2017-RAL6018.jpg","width":10000,"height":2759,"caption":"H\u00f6rtig Rohrpost GmbH"},"image":{"@id":"https:\/\/rohrpost.de\/de\/#\/schema\/logo\/image\/"}}]}},"_links":{"self":[{"href":"https:\/\/rohrpost.de\/de\/wp-json\/wp\/v2\/pages\/85","targetHints":{"allow":["GET"]}}],"collection":[{"href":"https:\/\/rohrpost.de\/de\/wp-json\/wp\/v2\/pages"}],"about":[{"href":"https:\/\/rohrpost.de\/de\/wp-json\/wp\/v2\/types\/page"}],"author":[{"embeddable":true,"href":"https:\/\/rohrpost.de\/de\/wp-json\/wp\/v2\/users\/1"}],"replies":[{"embeddable":true,"href":"https:\/\/rohrpost.de\/de\/wp-json\/wp\/v2\/comments?post=85"}],"version-history":[{"count":1,"href":"https:\/\/rohrpost.de\/de\/wp-json\/wp\/v2\/pages\/85\/revisions"}],"predecessor-version":[{"id":27034,"href":"https:\/\/rohrpost.de\/de\/wp-json\/wp\/v2\/pages\/85\/revisions\/27034"}],"wp:attachment":[{"href":"https:\/\/rohrpost.de\/de\/wp-json\/wp\/v2\/media?parent=85"}],"curies":[{"name":"wp","href":"https:\/\/api.w.org\/{rel}","templated":true}]}}