{"id":4269,"date":"2018-11-06T12:33:14","date_gmt":"2018-11-06T12:33:14","guid":{"rendered":"http:\/\/rohrpost.de\/?page_id=4269"},"modified":"2025-02-20T17:03:53","modified_gmt":"2025-02-20T17:03:53","slug":"software-rtw-4-0","status":"publish","type":"page","link":"https:\/\/rohrpost.de\/de\/rohrpostsysteme\/software-rtw-4-0\/","title":{"rendered":"Software RTW 4"},"content":{"rendered":"<section class=\"l-section wpb_row height_medium\"><div class=\"l-section-h i-cf\"><div class=\"g-cols vc_row via_flex valign_top type_default stacking_default\"><div class=\"vc_col-sm-12 wpb_column vc_column_container\"><div class=\"vc_column-inner\"><div class=\"wpb_wrapper\"><div class=\"wpb_text_column\"><div class=\"wpb_wrapper\"><h1><strong>Rohrpostsoftware RT-Win 4<\/strong><\/h1>\n<h2 style=\"text-align: left;\"><strong>Tracking von Sendungen und Optimieren des Systems<\/strong><\/h2>\n<\/div><\/div><\/div><\/div><\/div><\/div><\/div><\/section><!-- Row Backgrounds --><div class=\"upb_bg_img\" data-ultimate-bg=\"url(https:\/\/rohrpost.de\/wp-content\/uploads\/rohrpost-software.jpg)\" data-image-id=\"id^17705|url^http:\/\/air-tube-systems.com\/wp-content\/uploads\/rohrpost-software.jpg|caption^null|alt^rohrpostsoftware|title^rohrpost-software|description^null\" data-ultimate-bg-style=\"vcpb-default\" data-bg-img-repeat=\"repeat\" data-bg-img-size=\"cover\" data-bg-img-position=\"\" data-parallx_sense=\"30\" data-bg-override=\"0\" data-bg_img_attach=\"scroll\" data-upb-overlay-color=\"rgba(0,0,0,0.57)\" data-upb-bg-animation=\"\" data-fadeout=\"\" data-bg-animation=\"left-animation\" data-bg-animation-type=\"h\" data-animation-repeat=\"repeat\" data-fadeout-percentage=\"30\" data-parallax-content=\"\" data-parallax-content-sense=\"30\" data-row-effect-mobile-disable=\"true\" data-img-parallax-mobile-disable=\"true\" data-rtl=\"false\"  data-custom-vc-row=\"\"  data-vc=\"8.7.2\"  data-is_old_vc=\"\"  data-theme-support=\"\"   data-overlay=\"true\" data-overlay-color=\"rgba(0,0,0,0.57)\" data-overlay-pattern=\"\" data-overlay-pattern-opacity=\"0.8\" data-overlay-pattern-size=\"\" data-overlay-pattern-attachment=\"scroll\"    ><\/div><section class=\"l-section wpb_row height_medium\"><div class=\"l-section-h i-cf\"><div class=\"g-cols vc_row via_flex valign_top type_default stacking_default\"><div class=\"vc_col-sm-12 wpb_column vc_column_container\"><div class=\"vc_column-inner\"><div class=\"wpb_wrapper\"><div class=\"wpb_text_column\"><div class=\"wpb_wrapper\"><p>Ihnen ist es wichtig, jederzeit den <strong>Status und Standort aller Sendungen verfolgen<\/strong> zu k\u00f6nnen? Sie m\u00f6chten ein <strong>System, das Ihre Prozesse optimiert?<\/strong> Dann sollten Sie besonderen Wert auf die Software legen, die hinter Ihrem Rohrpostsystem steckt. Die Rohrpostsoftware kann Ihnen Kontrolle und Nachvollziehbarkeit in den Sendungen geben. Sie erh\u00f6ht damit nicht nur die Transparenz, sondern erm\u00f6glicht auch, Transportprozesse zu optimieren. Mit der Software k\u00f6nnen Materialbewegungen analysiert und eventuelle Verschlei\u00dfpunkte pr\u00e4diktiv erkannt werden.<\/p>\n<\/div><\/div><div class=\"wpb_text_column\"><div class=\"wpb_wrapper\"><p>Die Version 4 unserer Rohrpostsoftware RT-Win ist modular aufgebaut. Je nach Kundenanforderung kann die Basissoftware mit <strong>verschiedenen Apps<\/strong> erg\u00e4nzt werden. Dies ist jederzeit m\u00f6glich. Die auf <strong>Ethernet<\/strong> basierende Software bietet <strong>Schnittstellen zu internen Datenbanken<\/strong>\u00a0\u2013 beispielsweise dem Laborinformationssystem. Die <strong>zentrale Steuerlogik<\/strong> ist \u00f6rtlich von den Arbeitspl\u00e4tzen der Mitarbeiter separiert. Die Software kann von einer unbegrenzten Anzahl an PCs verwendet werden.<\/p>\n<\/div><\/div><div class=\"g-cols wpb_row via_flex valign_middle type_default stacking_default\"><div class=\"vc_col-sm-3 wpb_column vc_column_container\"><div class=\"vc_column-inner\"><div class=\"wpb_wrapper\"><div class=\"w-iconbox iconpos_left style_default color_primary align_center no_title\"><div class=\"w-iconbox-icon\" style=\"font-size:2rem;\"><i class=\"fas fa-cubes\"><\/i><\/div><div class=\"w-iconbox-meta\"><div class=\"w-iconbox-text\"><p>Modulares App-System<\/p>\n<\/div><\/div><\/div><\/div><\/div><\/div><div class=\"vc_col-sm-3 wpb_column vc_column_container\"><div class=\"vc_column-inner\"><div class=\"wpb_wrapper\"><div class=\"w-iconbox iconpos_left style_default color_primary align_center no_title\"><div class=\"w-iconbox-icon\" style=\"font-size:2rem;\"><i class=\"fas fa-database\"><\/i><\/div><div class=\"w-iconbox-meta\"><div class=\"w-iconbox-text\"><p>Nutzung von Daten aus Krankenhausdatenbanken<\/p>\n<\/div><\/div><\/div><\/div><\/div><\/div><div class=\"vc_col-sm-3 wpb_column vc_column_container\"><div class=\"vc_column-inner\"><div class=\"wpb_wrapper\"><div class=\"w-iconbox iconpos_left style_default color_primary align_center no_title\"><div class=\"w-iconbox-icon\" style=\"font-size:2rem;\"><i class=\"fas fa-desktop\"><\/i><\/div><div class=\"w-iconbox-meta\"><div class=\"w-iconbox-text\"><p>Steuerungslogik und Datenspeicherung getrennt vom Arbeitsplatz<\/p>\n<\/div><\/div><\/div><\/div><\/div><\/div><div class=\"vc_col-sm-3 wpb_column vc_column_container\"><div class=\"vc_column-inner\"><div class=\"wpb_wrapper\"><div class=\"w-iconbox iconpos_left style_default color_primary align_center no_title\"><div class=\"w-iconbox-icon\" style=\"font-size:2rem;\"><i class=\"fas fa-sitemap\"><\/i><\/div><div class=\"w-iconbox-meta\"><div class=\"w-iconbox-text\"><p>Basierend auf Ethernet<\/p>\n<\/div><\/div><\/div><\/div><\/div><\/div><\/div><\/div><\/div><\/div><\/div><\/div><\/section><section class=\"l-section wpb_row height_medium\"><div class=\"l-section-h i-cf\"><div class=\"g-cols vc_row via_flex valign_top type_default stacking_default\"><div class=\"vc_col-sm-12 wpb_column vc_column_container\"><div class=\"vc_column-inner\"><div class=\"wpb_wrapper\"><div class=\"w-separator size_custom\" style=\"height:32px\"><\/div><div class=\"wpb_text_column\"><div class=\"wpb_wrapper\"><h2 id=\"rtw4-apps\"><strong>Eine Auswahl der Apps f\u00fcr die Rohrpostsoftware RT-Win 4.0<\/strong><\/h2>\n<\/div><\/div><div class=\"w-separator size_small\"><\/div><div class=\"g-cols wpb_row via_flex valign_top type_default stacking_default\"><div class=\"vc_col-sm-4 wpb_column vc_column_container\"><div class=\"vc_column-inner\"><div class=\"wpb_wrapper\"><div class=\"wpb_text_column us_custom_ccf28298 has_text_color\"><div class=\"wpb_wrapper\"><p style=\"text-align: center;\">History<\/p>\n<\/div><\/div><div class=\"w-separator size_custom\" style=\"height:2px\"><\/div><div class=\"wpb_text_column\"><div class=\"wpb_wrapper\"><ul>\n<li style=\"text-align: left;\">Tracking und Tracing aller aktuellen Transporte in Echtzeit<\/li>\n<li style=\"text-align: left;\">Liste aller Transporte mit Zeitpunkt, Sender- und Empf\u00e4ngerinformationen<\/li>\n<li style=\"text-align: left;\">Anomalien in den Transporten erkennen und Unklarheiten aufkl\u00e4ren<\/li>\n<li>Systemdesign optimieren und Prozesse verbessern basierend auf Statistiken<\/li>\n<\/ul>\n<\/div><\/div><div class=\"wpb_text_column\"><div class=\"wpb_wrapper\"><p><strong><a href=\"http:\/\/air-tube-systems.com\/wp-content\/uploads\/DE_Broschuere_RT-Win-4-History-App-DE.pdf\" target=\"_new\">&gt;&gt; Flyer History App<\/a><\/strong><\/p>\n<\/div><\/div><\/div><\/div><\/div><div class=\"vc_col-sm-4 wpb_column vc_column_container\"><div class=\"vc_column-inner\"><div class=\"wpb_wrapper\"><div class=\"wpb_text_column us_custom_ccf28298 has_text_color\"><div class=\"wpb_wrapper\"><p style=\"text-align: center;\">Predictive Maintenance<\/p>\n<\/div><\/div><div class=\"w-separator size_custom\" style=\"height:2px\"><\/div><div class=\"wpb_text_column\"><div class=\"wpb_wrapper\"><ul>\n<li style=\"text-align: left;\">Vorhersage m\u00f6glicher Fehlerquellen auf Basis von verschiedenen statistischen und mechanischen Daten<\/li>\n<li style=\"text-align: left;\">\u00dcberwacht den Zustand der genutzten Rohrpostbeh\u00e4lter, der Rohrlinien und der verbauten Antriebe<\/li>\n<li>Leitet bei kritischen Zust\u00e4nden vorab definierte Aktionen ein<\/li>\n<\/ul>\n<\/div><\/div><div class=\"wpb_text_column\"><div class=\"wpb_wrapper\"><p><strong><a href=\"http:\/\/air-tube-systems.com\/wp-content\/uploads\/DE_Hoertig-Rohrpost_RT-Win-4-Predictive-Maintenance-DE.pdf\" target=\"_new\">&gt;&gt; Flyer Predictive Maintenance<\/a><\/strong><\/p>\n<\/div><\/div><\/div><\/div><\/div><div class=\"vc_col-sm-4 wpb_column vc_column_container\"><div class=\"vc_column-inner\"><div class=\"wpb_wrapper\"><div class=\"wpb_text_column us_custom_ccf28298 has_text_color\"><div class=\"wpb_wrapper\"><p style=\"text-align: center;\">Ankunftsscreen<\/p>\n<\/div><\/div><div class=\"w-separator size_custom\" style=\"height:2px\"><\/div><div class=\"wpb_text_column\"><div class=\"wpb_wrapper\"><ul>\n<li>Zeigt alle ankommenden Transporte f\u00fcr einen Standort<\/li>\n<li>Stellt den Status der Transporte visuell dar (Wartend, unterwegs, verz\u00f6gert, angekommen)<\/li>\n<li>Gibt Informationen \u00fcber jeden Transport, z.B.: Priorit\u00e4t der Sendung, Zeitpunkte, Nutzer- und TransportID, Sender, Empf\u00e4nger<\/li>\n<\/ul>\n<\/div><\/div><div class=\"wpb_text_column\"><div class=\"wpb_wrapper\"><p><strong><a href=\"http:\/\/air-tube-systems.com\/wp-content\/uploads\/DE_InfoScreen-V02.pdf\" target=\"_new\">&gt;&gt; Flyer Info Screen<\/a><\/strong><\/p>\n<\/div><\/div><\/div><\/div><\/div><\/div><div class=\"g-cols wpb_row via_flex valign_top type_default stacking_default\"><div class=\"vc_col-sm-4 wpb_column vc_column_container\"><div class=\"vc_column-inner\"><div class=\"wpb_wrapper\"><div class=\"w-separator size_medium\"><\/div><div class=\"wpb_text_column us_custom_ccf28298 has_text_color\"><div class=\"wpb_wrapper\"><p id=\"scan\" style=\"text-align: center;\">Scan In\/Out<\/p>\n<\/div><\/div><div class=\"w-separator size_custom\" style=\"height:2px\"><\/div><div class=\"wpb_text_column\"><div class=\"wpb_wrapper\"><ul>\n<li style=\"text-align: left;\">Tracking der im Rohrpostbeh\u00e4lter transportierten Materialien<\/li>\n<li>Closed-Loop Tracking von Materialien wie Medikation und Proben<\/li>\n<li>Digitale Echtzeit-Kontrolle aller Schritte des Transportprozesses<\/li>\n<li>Kostensenkung durch Reduktion &#8222;verlorener&#8220; Materialien<\/li>\n<\/ul>\n<\/div><\/div><div class=\"wpb_text_column\"><div class=\"wpb_wrapper\"><p><strong><a href=\"http:\/\/air-tube-systems.com\/wp-content\/uploads\/EN_Brochure_RT-Win-4-Scan-App-1.pdf\" target=\"_new\">&gt;&gt; Flyer Scan App<\/a><\/strong><\/p>\n<\/div><\/div><\/div><\/div><\/div><div class=\"vc_col-sm-4 wpb_column vc_column_container\"><div class=\"vc_column-inner\"><div class=\"wpb_wrapper\"><div class=\"w-separator size_medium\"><\/div><div class=\"wpb_text_column us_custom_ccf28298 has_text_color\"><div class=\"wpb_wrapper\"><p style=\"text-align: center;\">LIMS<\/p>\n<\/div><\/div><div class=\"w-separator size_custom\" style=\"height:2px\"><\/div><div class=\"wpb_text_column\"><div class=\"wpb_wrapper\"><ul>\n<li>Kundenspezifische Verbindung des Rohrpostsystems zu einem SQL-basierten Laborinformations-Managementsystem (LIMS)<\/li>\n<li>Das LIMS steuert die Sendungen automatisch, sodass sie passend zur gew\u00fcnschten Probenanalyse zum ausf\u00fchrenden Labor geleitet werden<\/li>\n<\/ul>\n<\/div><\/div><\/div><\/div><\/div><div class=\"vc_col-sm-4 wpb_column vc_column_container\"><div class=\"vc_column-inner\"><div class=\"wpb_wrapper\"><\/div><\/div><\/div><\/div><\/div><\/div><\/div><\/div><\/div><\/section><!-- Row Backgrounds --><div class=\"upb_color\" data-bg-override=\"0\" data-bg-color=\"#f3f3f3\" data-fadeout=\"\" data-fadeout-percentage=\"30\" data-parallax-content=\"\" data-parallax-content-sense=\"30\" data-row-effect-mobile-disable=\"true\" data-img-parallax-mobile-disable=\"true\" data-rtl=\"false\"  data-custom-vc-row=\"\"  data-vc=\"8.7.2\"  data-is_old_vc=\"\"  data-theme-support=\"\"   data-overlay=\"false\" data-overlay-color=\"\" data-overlay-pattern=\"\" data-overlay-pattern-opacity=\"\" data-overlay-pattern-size=\"\"    ><\/div><section class=\"l-section wpb_row height_auto\"><div class=\"l-section-h i-cf\"><div class=\"g-cols vc_row via_flex valign_top type_default stacking_default\"><div class=\"vc_col-sm-12 wpb_column vc_column_container\"><div class=\"vc_column-inner\"><div class=\"wpb_wrapper\"><div class=\"w-separator size_medium\"><\/div><\/div><\/div><\/div><\/div><\/div><\/section><section class=\"l-section wpb_row height_auto\"><div class=\"l-section-h i-cf\"><div class=\"g-cols vc_row via_flex valign_top type_default stacking_default\"><div class=\"vc_col-sm-12 wpb_column vc_column_container\"><div class=\"vc_column-inner\"><div class=\"wpb_wrapper\"><div class=\"wpb_text_column\"><div class=\"wpb_wrapper\"><h2><strong>Beispielhafte Einbindung von RT-Win 4 in die Krankenhausinfrastruktur<\/strong><\/h2>\n<\/div><\/div><div class=\"wpb_text_column\"><div class=\"wpb_wrapper\"><p>Die Grafik zeigt, die unsere Rohrpostsystem in die Infrastruktur eines Krankenhauses eingebunden werden k\u00f6nnte. Die gelb hinterlegten Fl\u00e4chen deuten an, in welchen Krankenhausbereichen die jeweilige App einen Mehrwert gibt. Alle grau hinterlegten Fl\u00e4chen bilden Datenbanken ab, mit denen die Software verbunden werden k\u00f6nnte.<\/p>\n<\/div><\/div><div class=\"w-separator size_small\"><\/div><div class=\"w-image align_left\"><a ref=\"magnificPopup\" href=\"https:\/\/rohrpost.de\/wp-content\/uploads\/PT-Software-RTW-4.0.jpg\" aria-label=\"PT Software RTW 4.0\" class=\"w-image-h\"><img decoding=\"async\" width=\"768\" height=\"465\" src=\"https:\/\/rohrpost.de\/wp-content\/uploads\/PT-Software-RTW-4.0-768x465.jpg\" class=\"attachment-us_768_0 size-us_768_0\" alt=\"Software RTWin 4.0\" loading=\"lazy\" srcset=\"https:\/\/rohrpost.de\/wp-content\/uploads\/\/PT-Software-RTW-4.0-768x465.jpg 768w, https:\/\/rohrpost.de\/wp-content\/uploads\/\/PT-Software-RTW-4.0-400x242.jpg 400w, https:\/\/rohrpost.de\/wp-content\/uploads\/\/PT-Software-RTW-4.0-300x181.jpg 300w, https:\/\/rohrpost.de\/wp-content\/uploads\/\/PT-Software-RTW-4.0-1024x619.jpg 1024w\" sizes=\"auto, (max-width: 768px) 100vw, 768px\" \/><\/a><\/div><\/div><\/div><\/div><\/div><\/div><\/section><section class=\"l-section wpb_row height_auto\"><div class=\"l-section-h i-cf\"><div class=\"g-cols vc_row via_flex valign_top type_default stacking_default\"><div class=\"vc_col-sm-12 wpb_column vc_column_container\"><div class=\"vc_column-inner\"><div class=\"wpb_wrapper\"><div class=\"w-separator size_medium\"><\/div><\/div><\/div><\/div><\/div><\/div><\/section><section class=\"l-section wpb_row height_medium\"><div class=\"l-section-h i-cf\"><div class=\"g-cols vc_row via_flex valign_top type_default stacking_default\"><div class=\"vc_col-sm-12 wpb_column vc_column_container\"><div class=\"vc_column-inner\"><div class=\"wpb_wrapper\"><div class=\"w-actionbox color_light controls_bottom\"><div class=\"w-actionbox-text\"><h2 class=\"w-actionbox-title\">Sie m\u00f6chten ein Rohrpostsystem, dessen Software mitdenkt?<\/h2><div class=\"w-actionbox-description\"><p>Dann z\u00f6gern Sie nicht, eine unverbindliche Anfrage an uns zu stellen. Gerne helfen wir Ihnen mit Fragen oder Anliegen weiter.<\/p>\n<\/div><\/div><div class=\"w-actionbox-controls\"><a class=\"w-btn us-btn-style_1\" style=\"font-size:15px\" href=\"mailto:j.basten@hortig.biz\"><span class=\"w-btn-label\">Jetzt kontaktieren!<\/span><\/a><\/div><\/div><\/div><\/div><\/div><\/div><\/div><\/section><!-- Row Backgrounds --><div class=\"upb_color\" data-bg-override=\"0\" data-bg-color=\"#f3f3f3\" data-fadeout=\"\" data-fadeout-percentage=\"30\" data-parallax-content=\"\" data-parallax-content-sense=\"30\" data-row-effect-mobile-disable=\"true\" data-img-parallax-mobile-disable=\"true\" data-rtl=\"false\"  data-custom-vc-row=\"\"  data-vc=\"8.7.2\"  data-is_old_vc=\"\"  data-theme-support=\"\"   data-overlay=\"false\" data-overlay-color=\"\" data-overlay-pattern=\"\" data-overlay-pattern-opacity=\"\" data-overlay-pattern-size=\"\"    ><\/div><section class=\"l-section wpb_row height_medium\"><div class=\"l-section-h i-cf\"><div class=\"g-cols vc_row via_flex valign_top type_default stacking_default\"><div class=\"vc_col-sm-12 wpb_column vc_column_container\"><div class=\"vc_column-inner\"><div class=\"wpb_wrapper\"><div class=\"wpb_text_column\"><div class=\"wpb_wrapper\"><h2><strong>Download unserer Rohrpost-Software RT-Win 4<\/strong><\/h2>\n<\/div><\/div><div class=\"wpb_text_column\"><div class=\"wpb_wrapper\"><p>Unsere Software in der aktuellsten Version finden Sie <a href=\"http:\/\/air-tube-systems.com\/downloads\/\">hier zum Download.<\/a> Bitte beachten Sie, dass Sie zur Nutzung zun\u00e4chst eine Lizenz bei uns anfragen m\u00fcssen.<\/p>\n<\/div><\/div><\/div><\/div><\/div><\/div><\/div><\/section>\n","protected":false},"excerpt":{"rendered":"Rohrpostsoftware RT-Win 4 Tracking von Sendungen und Optimieren des Systems Ihnen ist es wichtig, jederzeit den Status und Standort aller Sendungen verfolgen zu k\u00f6nnen? Sie m\u00f6chten ein System, das Ihre Prozesse optimiert? Dann sollten Sie besonderen Wert auf die Software legen, die hinter Ihrem Rohrpostsystem steckt. Die Rohrpostsoftware kann Ihnen Kontrolle und Nachvollziehbarkeit in den...","protected":false},"author":6,"featured_media":0,"parent":1738,"menu_order":0,"comment_status":"closed","ping_status":"closed","template":"","meta":{"footnotes":""},"class_list":["post-4269","page","type-page","status-publish","hentry"],"yoast_head":"<!-- This site is optimized with the Yoast SEO plugin v27.2 - https:\/\/yoast.com\/product\/yoast-seo-wordpress\/ -->\n<title>Rohrpostsoftware \u2013 24\/7 Nachvollziehbarkeit Ihrer Transportketten<\/title>\n<meta name=\"description\" content=\"Modulare Rohrpostsoftware | Predictive Maintenance | Tracking und Tracing der Transporte | Schnittstelle zu Laborinformationssystemen\" \/>\n<meta name=\"robots\" content=\"index, follow, max-snippet:-1, max-image-preview:large, max-video-preview:-1\" \/>\n<link rel=\"canonical\" href=\"https:\/\/rohrpost.de\/de\/rohrpostsysteme\/software-rtw-4-0\/\" \/>\n<meta property=\"og:locale\" content=\"de_DE\" \/>\n<meta property=\"og:type\" content=\"article\" \/>\n<meta property=\"og:title\" content=\"Rohrpostsoftware \u2013 24\/7 Nachvollziehbarkeit Ihrer Transportketten\" \/>\n<meta property=\"og:description\" content=\"Modulare Rohrpostsoftware | Predictive Maintenance | Tracking und Tracing der Transporte | Schnittstelle zu Laborinformationssystemen\" \/>\n<meta property=\"og:url\" content=\"https:\/\/rohrpost.de\/de\/rohrpostsysteme\/software-rtw-4-0\/\" \/>\n<meta property=\"og:site_name\" content=\"H\u00f6rtig Rohrpost\" \/>\n<meta property=\"article:modified_time\" content=\"2025-02-20T17:03:53+00:00\" \/>\n<meta property=\"og:image\" content=\"https:\/\/rohrpost.de\/wp-content\/uploads\/HR-Logo2017-RAL6018.jpg\" \/>\n\t<meta property=\"og:image:width\" content=\"10000\" \/>\n\t<meta property=\"og:image:height\" content=\"2759\" \/>\n\t<meta property=\"og:image:type\" content=\"image\/jpeg\" \/>\n<meta name=\"twitter:card\" content=\"summary_large_image\" \/>\n<meta name=\"twitter:label1\" content=\"Gesch\u00e4tzte Lesezeit\" \/>\n\t<meta name=\"twitter:data1\" content=\"3\u00a0Minuten\" \/>\n<script type=\"application\/ld+json\" class=\"yoast-schema-graph\">{\"@context\":\"https:\/\/schema.org\",\"@graph\":[{\"@type\":\"WebPage\",\"@id\":\"https:\/\/rohrpost.de\/de\/rohrpostsysteme\/software-rtw-4-0\/\",\"url\":\"https:\/\/rohrpost.de\/de\/rohrpostsysteme\/software-rtw-4-0\/\",\"name\":\"Rohrpostsoftware \u2013 24\/7 Nachvollziehbarkeit Ihrer Transportketten\",\"isPartOf\":{\"@id\":\"https:\/\/rohrpost.de\/de\/#website\"},\"datePublished\":\"2018-11-06T12:33:14+00:00\",\"dateModified\":\"2025-02-20T17:03:53+00:00\",\"description\":\"Modulare Rohrpostsoftware | Predictive Maintenance | Tracking und Tracing der Transporte | Schnittstelle zu Laborinformationssystemen\",\"breadcrumb\":{\"@id\":\"https:\/\/rohrpost.de\/de\/rohrpostsysteme\/software-rtw-4-0\/#breadcrumb\"},\"inLanguage\":\"de\",\"potentialAction\":[{\"@type\":\"ReadAction\",\"target\":[\"https:\/\/rohrpost.de\/de\/rohrpostsysteme\/software-rtw-4-0\/\"]}]},{\"@type\":\"BreadcrumbList\",\"@id\":\"https:\/\/rohrpost.de\/de\/rohrpostsysteme\/software-rtw-4-0\/#breadcrumb\",\"itemListElement\":[{\"@type\":\"ListItem\",\"position\":1,\"name\":\"Startseite\",\"item\":\"https:\/\/rohrpost.de\/de\/\"},{\"@type\":\"ListItem\",\"position\":2,\"name\":\"Rohrpostsysteme\",\"item\":\"https:\/\/rohrpost.de\/de\/rohrpostsysteme\/\"},{\"@type\":\"ListItem\",\"position\":3,\"name\":\"Software RTW 4\"}]},{\"@type\":\"WebSite\",\"@id\":\"https:\/\/rohrpost.de\/de\/#website\",\"url\":\"https:\/\/rohrpost.de\/de\/\",\"name\":\"H\u00f6rtig Rohrpost\",\"description\":\"Hersteller von smarten Rohrpostsystemen\",\"publisher\":{\"@id\":\"https:\/\/rohrpost.de\/de\/#organization\"},\"potentialAction\":[{\"@type\":\"SearchAction\",\"target\":{\"@type\":\"EntryPoint\",\"urlTemplate\":\"https:\/\/rohrpost.de\/de\/?s={search_term_string}\"},\"query-input\":{\"@type\":\"PropertyValueSpecification\",\"valueRequired\":true,\"valueName\":\"search_term_string\"}}],\"inLanguage\":\"de\"},{\"@type\":\"Organization\",\"@id\":\"https:\/\/rohrpost.de\/de\/#organization\",\"name\":\"H\u00f6rtig Rohrpost GmbH\",\"url\":\"https:\/\/rohrpost.de\/de\/\",\"logo\":{\"@type\":\"ImageObject\",\"inLanguage\":\"de\",\"@id\":\"https:\/\/rohrpost.de\/de\/#\/schema\/logo\/image\/\",\"url\":\"http:\/\/air-tube-systems.com\/wp-content\/uploads\/HR-Logo2017-RAL6018.jpg\",\"contentUrl\":\"http:\/\/air-tube-systems.com\/wp-content\/uploads\/HR-Logo2017-RAL6018.jpg\",\"width\":10000,\"height\":2759,\"caption\":\"H\u00f6rtig Rohrpost GmbH\"},\"image\":{\"@id\":\"https:\/\/rohrpost.de\/de\/#\/schema\/logo\/image\/\"}}]}<\/script>\n<!-- \/ Yoast SEO plugin. -->","yoast_head_json":{"title":"Rohrpostsoftware \u2013 24\/7 Nachvollziehbarkeit Ihrer Transportketten","description":"Modulare Rohrpostsoftware | Predictive Maintenance | Tracking und Tracing der Transporte | Schnittstelle zu Laborinformationssystemen","robots":{"index":"index","follow":"follow","max-snippet":"max-snippet:-1","max-image-preview":"max-image-preview:large","max-video-preview":"max-video-preview:-1"},"canonical":"https:\/\/rohrpost.de\/de\/rohrpostsysteme\/software-rtw-4-0\/","og_locale":"de_DE","og_type":"article","og_title":"Rohrpostsoftware \u2013 24\/7 Nachvollziehbarkeit Ihrer Transportketten","og_description":"Modulare Rohrpostsoftware | Predictive Maintenance | Tracking und Tracing der Transporte | Schnittstelle zu Laborinformationssystemen","og_url":"https:\/\/rohrpost.de\/de\/rohrpostsysteme\/software-rtw-4-0\/","og_site_name":"H\u00f6rtig Rohrpost","article_modified_time":"2025-02-20T17:03:53+00:00","og_image":[{"width":10000,"height":2759,"url":"https:\/\/rohrpost.de\/wp-content\/uploads\/HR-Logo2017-RAL6018.jpg","type":"image\/jpeg"}],"twitter_card":"summary_large_image","twitter_misc":{"Gesch\u00e4tzte Lesezeit":"3\u00a0Minuten"},"schema":{"@context":"https:\/\/schema.org","@graph":[{"@type":"WebPage","@id":"https:\/\/rohrpost.de\/de\/rohrpostsysteme\/software-rtw-4-0\/","url":"https:\/\/rohrpost.de\/de\/rohrpostsysteme\/software-rtw-4-0\/","name":"Rohrpostsoftware \u2013 24\/7 Nachvollziehbarkeit Ihrer Transportketten","isPartOf":{"@id":"https:\/\/rohrpost.de\/de\/#website"},"datePublished":"2018-11-06T12:33:14+00:00","dateModified":"2025-02-20T17:03:53+00:00","description":"Modulare Rohrpostsoftware | Predictive Maintenance | Tracking und Tracing der Transporte | Schnittstelle zu Laborinformationssystemen","breadcrumb":{"@id":"https:\/\/rohrpost.de\/de\/rohrpostsysteme\/software-rtw-4-0\/#breadcrumb"},"inLanguage":"de","potentialAction":[{"@type":"ReadAction","target":["https:\/\/rohrpost.de\/de\/rohrpostsysteme\/software-rtw-4-0\/"]}]},{"@type":"BreadcrumbList","@id":"https:\/\/rohrpost.de\/de\/rohrpostsysteme\/software-rtw-4-0\/#breadcrumb","itemListElement":[{"@type":"ListItem","position":1,"name":"Startseite","item":"https:\/\/rohrpost.de\/de\/"},{"@type":"ListItem","position":2,"name":"Rohrpostsysteme","item":"https:\/\/rohrpost.de\/de\/rohrpostsysteme\/"},{"@type":"ListItem","position":3,"name":"Software RTW 4"}]},{"@type":"WebSite","@id":"https:\/\/rohrpost.de\/de\/#website","url":"https:\/\/rohrpost.de\/de\/","name":"H\u00f6rtig Rohrpost","description":"Hersteller von smarten Rohrpostsystemen","publisher":{"@id":"https:\/\/rohrpost.de\/de\/#organization"},"potentialAction":[{"@type":"SearchAction","target":{"@type":"EntryPoint","urlTemplate":"https:\/\/rohrpost.de\/de\/?s={search_term_string}"},"query-input":{"@type":"PropertyValueSpecification","valueRequired":true,"valueName":"search_term_string"}}],"inLanguage":"de"},{"@type":"Organization","@id":"https:\/\/rohrpost.de\/de\/#organization","name":"H\u00f6rtig Rohrpost GmbH","url":"https:\/\/rohrpost.de\/de\/","logo":{"@type":"ImageObject","inLanguage":"de","@id":"https:\/\/rohrpost.de\/de\/#\/schema\/logo\/image\/","url":"http:\/\/air-tube-systems.com\/wp-content\/uploads\/HR-Logo2017-RAL6018.jpg","contentUrl":"http:\/\/air-tube-systems.com\/wp-content\/uploads\/HR-Logo2017-RAL6018.jpg","width":10000,"height":2759,"caption":"H\u00f6rtig Rohrpost GmbH"},"image":{"@id":"https:\/\/rohrpost.de\/de\/#\/schema\/logo\/image\/"}}]}},"_links":{"self":[{"href":"https:\/\/rohrpost.de\/de\/wp-json\/wp\/v2\/pages\/4269","targetHints":{"allow":["GET"]}}],"collection":[{"href":"https:\/\/rohrpost.de\/de\/wp-json\/wp\/v2\/pages"}],"about":[{"href":"https:\/\/rohrpost.de\/de\/wp-json\/wp\/v2\/types\/page"}],"author":[{"embeddable":true,"href":"https:\/\/rohrpost.de\/de\/wp-json\/wp\/v2\/users\/6"}],"replies":[{"embeddable":true,"href":"https:\/\/rohrpost.de\/de\/wp-json\/wp\/v2\/comments?post=4269"}],"version-history":[{"count":2,"href":"https:\/\/rohrpost.de\/de\/wp-json\/wp\/v2\/pages\/4269\/revisions"}],"predecessor-version":[{"id":26919,"href":"https:\/\/rohrpost.de\/de\/wp-json\/wp\/v2\/pages\/4269\/revisions\/26919"}],"up":[{"embeddable":true,"href":"https:\/\/rohrpost.de\/de\/wp-json\/wp\/v2\/pages\/1738"}],"wp:attachment":[{"href":"https:\/\/rohrpost.de\/de\/wp-json\/wp\/v2\/media?parent=4269"}],"curies":[{"name":"wp","href":"https:\/\/api.w.org\/{rel}","templated":true}]}}