{"id":2436,"date":"2017-11-07T15:08:17","date_gmt":"2017-11-07T15:08:17","guid":{"rendered":"http:\/\/rohrpost.pulsar-media.de\/?page_id=2436"},"modified":"2025-02-20T14:00:11","modified_gmt":"2025-02-20T14:00:11","slug":"engagement","status":"publish","type":"page","link":"https:\/\/rohrpost.de\/de\/unternehmen\/ueber-uns\/engagement\/","title":{"rendered":"Engagement"},"content":{"rendered":"<section class=\"l-section wpb_row height_medium\"><div class=\"l-section-overlay\" style=\"background:linear-gradient(180deg,#ffffff,rgba(255,255,255,0.7))\"><\/div><div class=\"l-section-h i-cf\"><div class=\"g-cols vc_row via_flex valign_top type_boxes stacking_default\"><div class=\"vc_col-sm-12 wpb_column vc_column_container\"><div class=\"vc_column-inner\"><div class=\"wpb_wrapper\"><div class=\"g-cols wpb_row via_flex valign_top type_boxes stacking_default\"><div class=\"vc_col-sm-12 wpb_column vc_column_container\"><div class=\"vc_column-inner\"><div class=\"wpb_wrapper\"><div class=\"wpb_text_column\"><div class=\"wpb_wrapper\"><h1 style=\"text-align: left;\"><strong>Unser Engagement<\/strong><\/h1>\n<\/div><\/div><div class=\"wpb_text_column\"><div class=\"wpb_wrapper\"><h2 style=\"text-align: center;\"><strong>Heute an die Zukunft denken<\/strong><\/h2>\n<\/div><\/div><\/div><\/div><\/div><\/div><div class=\"g-cols wpb_row us_custom_4fb9e5a3 via_flex valign_top type_boxes stacking_default\"><div class=\"vc_col-sm-8 wpb_column vc_column_container\"><div class=\"vc_column-inner us_custom_28d28cd0\"><div class=\"wpb_wrapper\"><div class=\"wpb_text_column\"><div class=\"wpb_wrapper\"><h3><span style=\"color: #509f3e;\">Wir beraten als Experten die IHK zum Thema Au\u00dfenwirtschaft.<\/span><\/h3>\n<p style=\"text-align: left;\">Unser Gesch\u00e4ftsf\u00fchrer engagiert sich bereits seit 15 Jahren ehrenamtlich im Au\u00dfenhandelsausschuss der <a href=\"https:\/\/www.bayreuth.ihk.de\/\">IHK Oberfranken.<\/a> Als Experte ber\u00e4t er die IHK zu aktuellen wirtschaftspolitischen Themen in den Bereichen Au\u00dfenwirtschaft und EU-Markt. Er setzt sich damit f\u00fcr die Interessen der regionalen Wirtschaft, die St\u00e4rkung unseres Standorts und die berufliche Qualifizierung der Menschen in der Region ein. Von diesem Erfahrungsaustausch profitiert auch unser Unternehmen.<\/p>\n<\/div><\/div><\/div><\/div><\/div><div class=\"vc_col-sm-4 wpb_column vc_column_container\"><div class=\"vc_column-inner us_custom_5bcde191\"><div class=\"wpb_wrapper\"><div class=\"w-image align_none\"><div class=\"w-image-h\"><img decoding=\"async\" width=\"252\" height=\"200\" src=\"https:\/\/rohrpost.de\/wp-content\/uploads\/Webp.net-resizeimage-32.jpg\" class=\"attachment-us_768_0 size-us_768_0\" alt=\"IHK Au\u00dfenhandelsausschuss\" loading=\"lazy\" \/><\/div><\/div><\/div><\/div><\/div><\/div><div class=\"g-cols wpb_row via_flex valign_top type_default stacking_default\"><div class=\"vc_col-sm-12 wpb_column vc_column_container\"><div class=\"vc_column-inner\"><div class=\"wpb_wrapper\"><div class=\"w-separator size_custom\" style=\"height:64px\"><\/div><\/div><\/div><\/div><\/div><div class=\"g-cols wpb_row us_custom_4fb9e5a3 via_flex valign_top type_boxes stacking_default\"><div class=\"vc_col-sm-4 wpb_column vc_column_container\"><div class=\"vc_column-inner us_custom_4d867146\"><div class=\"wpb_wrapper\"><div class=\"w-image align_none\"><div class=\"w-image-h\"><img decoding=\"async\" width=\"300\" height=\"215\" src=\"https:\/\/rohrpost.de\/wp-content\/uploads\/2000px-DIN-Logo.svg-300x215.png\" class=\"attachment-medium size-medium\" alt=\"DIN Rohrpostnorm\" loading=\"lazy\" srcset=\"https:\/\/rohrpost.de\/wp-content\/uploads\/\/2000px-DIN-Logo.svg-300x215.png 300w, https:\/\/rohrpost.de\/wp-content\/uploads\/\/2000px-DIN-Logo.svg-400x287.png 400w, https:\/\/rohrpost.de\/wp-content\/uploads\/\/2000px-DIN-Logo.svg-1024x734.png 1024w, https:\/\/rohrpost.de\/wp-content\/uploads\/\/2000px-DIN-Logo.svg.png 2000w\" sizes=\"auto, (max-width: 300px) 100vw, 300px\" \/><\/div><\/div><\/div><\/div><\/div><div class=\"vc_col-sm-8 wpb_column vc_column_container\"><div class=\"vc_column-inner us_custom_ec9a0033\"><div class=\"wpb_wrapper\"><div class=\"wpb_text_column\"><div class=\"wpb_wrapper\"><h3><span style=\"color: #509f3e;\">Wir engagieren uns f\u00fcr eine neue Rohrpostnorm.<\/span><\/h3>\n<p style=\"text-align: left;\">Seit Jahren macht sich unser Gesch\u00e4ftsf\u00fchrer f\u00fcr eine neue Rohrpostnorm stark. Anfang 2017 wurde er zum Obmann des neu gegr\u00fcndeten\u00a0<a href=\"https:\/\/www.din.de\/de\/mitwirken\/normenausschuesse\/nard\/nationale-gremien\/wdc-grem:din21:54778357\">DIN-Normenausschusses<\/a> Rohrleitungen und Dampfkesselanlagen (NARD) f\u00fcr Rohrpostanlagen ernannt. Ziel des Gremiums ist es, Ma\u00dfe, Toleranzen, Werkstoffe und Lieferzust\u00e4nde f\u00fcr Fahrrohre, Fahrrohrbogen und Muffen festzulegen.<\/p>\n<\/div><\/div><\/div><\/div><\/div><\/div><div class=\"w-separator size_custom\" style=\"height:64px\"><\/div><div class=\"g-cols wpb_row us_custom_4fb9e5a3 via_flex valign_top type_boxes stacking_default\"><div class=\"vc_col-sm-8 wpb_column vc_column_container\"><div class=\"vc_column-inner us_custom_989ad886\"><div class=\"wpb_wrapper\"><div class=\"wpb_text_column\"><div class=\"wpb_wrapper\"><h3><span style=\"color: #509f3e;\">Wir haben Visionen zu zuk\u00fcnftigen Einsatzgebieten der Rohrpost.<\/span><\/h3>\n<p style=\"text-align: left;\">Wir ruhen uns nicht auf Bestehendem aus, sondern sind stets an aktuellen Entwicklungen interessiert und m\u00f6chten diese aktiv mitgestalten. So besch\u00e4ftigen wir uns zum Beispiel mit der Anwendung des Grundgedankens der Rohrpost au\u00dferhalb der Intralogistik. Der Einsatz von Rohrpost h\u00f6rt nicht im Unternehmen auf, weswegen wir etwa Teil des <a href=\"http:\/\/air-tube-systems.com\/unternehmen\/forschung\/\">Forschungsprojektes &#8222;Cargo Cap&#8220;<\/a>\u00a0sind.<\/p>\n<\/div><\/div><\/div><\/div><\/div><div class=\"vc_col-sm-4 wpb_column vc_column_container\"><div class=\"vc_column-inner us_custom_aa712610\"><div class=\"wpb_wrapper\"><div class=\"w-image align_none\"><div class=\"w-image-h\"><img decoding=\"async\" width=\"300\" height=\"240\" src=\"https:\/\/rohrpost.de\/wp-content\/uploads\/Zukunft-Rohrpost-300x240.jpg\" class=\"attachment-medium size-medium\" alt=\"Engagement Zukunft\" loading=\"lazy\" srcset=\"https:\/\/rohrpost.de\/wp-content\/uploads\/\/Zukunft-Rohrpost-300x240.jpg 300w, https:\/\/rohrpost.de\/wp-content\/uploads\/\/Zukunft-Rohrpost-400x320.jpg 400w, https:\/\/rohrpost.de\/wp-content\/uploads\/\/Zukunft-Rohrpost-1024x819.jpg 1024w\" sizes=\"auto, (max-width: 300px) 100vw, 300px\" \/><\/div><\/div><\/div><\/div><\/div><\/div><\/div><\/div><\/div><div class=\"vc_col-sm-12 wpb_column vc_column_container\"><div class=\"vc_column-inner\"><div class=\"wpb_wrapper\"><\/div><\/div><\/div><\/div><\/div><\/section><!-- Row Backgrounds --><div class=\"upb_bg_img\" data-ultimate-bg=\"url(https:\/\/rohrpost.de\/wp-content\/uploads\/technology-2836663_1920.png)\" data-image-id=\"id^2925|url^http:\/\/air-tube-systems.com\/wp-content\/uploads\/technology-2836663_1920.png|caption^null|alt^null|title^technology-2836663_1920|description^null\" data-ultimate-bg-style=\"vcpb-default\" data-bg-img-repeat=\"repeat\" data-bg-img-size=\"cover\" data-bg-img-position=\"\" data-parallx_sense=\"30\" data-bg-override=\"0\" data-bg_img_attach=\"fixed\" data-upb-overlay-color=\"\" data-upb-bg-animation=\"\" data-fadeout=\"\" data-bg-animation=\"left-animation\" data-bg-animation-type=\"h\" data-animation-repeat=\"repeat\" data-fadeout-percentage=\"30\" data-parallax-content=\"\" data-parallax-content-sense=\"30\" data-row-effect-mobile-disable=\"true\" data-img-parallax-mobile-disable=\"true\" data-rtl=\"false\"  data-custom-vc-row=\"\"  data-vc=\"8.7.2\"  data-is_old_vc=\"\"  data-theme-support=\"\"   data-overlay=\"false\" data-overlay-color=\"\" data-overlay-pattern=\"\" data-overlay-pattern-opacity=\"\" data-overlay-pattern-size=\"\"    ><\/div>\n","protected":false},"excerpt":{"rendered":"Unser Engagement Heute an die Zukunft denken Wir beraten als Experten die IHK zum Thema Au\u00dfenwirtschaft. Unser Gesch\u00e4ftsf\u00fchrer engagiert sich bereits seit 15 Jahren ehrenamtlich im Au\u00dfenhandelsausschuss der IHK Oberfranken. Als Experte ber\u00e4t er die IHK zu aktuellen wirtschaftspolitischen Themen in den Bereichen Au\u00dfenwirtschaft und EU-Markt. Er setzt sich damit f\u00fcr die Interessen der regionalen...","protected":false},"author":6,"featured_media":0,"parent":937,"menu_order":0,"comment_status":"closed","ping_status":"closed","template":"","meta":{"footnotes":""},"class_list":["post-2436","page","type-page","status-publish","hentry"],"yoast_head":"<!-- This site is optimized with the Yoast SEO plugin v27.2 - https:\/\/yoast.com\/product\/yoast-seo-wordpress\/ -->\n<title>Unser Engagement | H\u00d6RTIG Rohrpost<\/title>\n<meta name=\"description\" content=\"Erfahren Sie wie wir uns in die Gesellschaft einbringen und auf Nachhaltigkeit wert legen sowie die Zukunft der Rohrpost mitgestalten.\" \/>\n<meta name=\"robots\" content=\"index, follow, max-snippet:-1, max-image-preview:large, max-video-preview:-1\" \/>\n<link rel=\"canonical\" href=\"https:\/\/rohrpost.de\/de\/unternehmen\/ueber-uns\/engagement\/\" \/>\n<meta property=\"og:locale\" content=\"de_DE\" \/>\n<meta property=\"og:type\" content=\"article\" \/>\n<meta property=\"og:title\" content=\"Unser Engagement | H\u00d6RTIG Rohrpost\" \/>\n<meta property=\"og:description\" content=\"Erfahren Sie wie wir uns in die Gesellschaft einbringen und auf Nachhaltigkeit wert legen sowie die Zukunft der Rohrpost mitgestalten.\" \/>\n<meta property=\"og:url\" content=\"https:\/\/rohrpost.de\/de\/unternehmen\/ueber-uns\/engagement\/\" \/>\n<meta property=\"og:site_name\" content=\"H\u00f6rtig Rohrpost\" \/>\n<meta property=\"article:modified_time\" content=\"2025-02-20T14:00:11+00:00\" \/>\n<meta property=\"og:image\" content=\"https:\/\/rohrpost.de\/wp-content\/uploads\/HR-Logo2017-RAL6018.jpg\" \/>\n\t<meta property=\"og:image:width\" content=\"10000\" \/>\n\t<meta property=\"og:image:height\" content=\"2759\" \/>\n\t<meta property=\"og:image:type\" content=\"image\/jpeg\" \/>\n<meta name=\"twitter:card\" content=\"summary_large_image\" \/>\n<meta name=\"twitter:label1\" content=\"Gesch\u00e4tzte Lesezeit\" \/>\n\t<meta name=\"twitter:data1\" content=\"2\u00a0Minuten\" \/>\n<script type=\"application\/ld+json\" class=\"yoast-schema-graph\">{\"@context\":\"https:\/\/schema.org\",\"@graph\":[{\"@type\":\"WebPage\",\"@id\":\"https:\/\/rohrpost.de\/de\/unternehmen\/ueber-uns\/engagement\/\",\"url\":\"https:\/\/rohrpost.de\/de\/unternehmen\/ueber-uns\/engagement\/\",\"name\":\"Unser Engagement | H\u00d6RTIG Rohrpost\",\"isPartOf\":{\"@id\":\"https:\/\/rohrpost.de\/de\/#website\"},\"datePublished\":\"2017-11-07T15:08:17+00:00\",\"dateModified\":\"2025-02-20T14:00:11+00:00\",\"description\":\"Erfahren Sie wie wir uns in die Gesellschaft einbringen und auf Nachhaltigkeit wert legen sowie die Zukunft der Rohrpost mitgestalten.\",\"breadcrumb\":{\"@id\":\"https:\/\/rohrpost.de\/de\/unternehmen\/ueber-uns\/engagement\/#breadcrumb\"},\"inLanguage\":\"de\",\"potentialAction\":[{\"@type\":\"ReadAction\",\"target\":[\"https:\/\/rohrpost.de\/de\/unternehmen\/ueber-uns\/engagement\/\"]}]},{\"@type\":\"BreadcrumbList\",\"@id\":\"https:\/\/rohrpost.de\/de\/unternehmen\/ueber-uns\/engagement\/#breadcrumb\",\"itemListElement\":[{\"@type\":\"ListItem\",\"position\":1,\"name\":\"Startseite\",\"item\":\"https:\/\/rohrpost.de\/de\/\"},{\"@type\":\"ListItem\",\"position\":2,\"name\":\"Unternehmen\",\"item\":\"https:\/\/rohrpost.de\/de\/unternehmen\/\"},{\"@type\":\"ListItem\",\"position\":3,\"name\":\"\u00dcber uns\",\"item\":\"https:\/\/rohrpost.de\/de\/unternehmen\/ueber-uns\/\"},{\"@type\":\"ListItem\",\"position\":4,\"name\":\"Engagement\"}]},{\"@type\":\"WebSite\",\"@id\":\"https:\/\/rohrpost.de\/de\/#website\",\"url\":\"https:\/\/rohrpost.de\/de\/\",\"name\":\"H\u00f6rtig Rohrpost\",\"description\":\"Hersteller von smarten Rohrpostsystemen\",\"publisher\":{\"@id\":\"https:\/\/rohrpost.de\/de\/#organization\"},\"potentialAction\":[{\"@type\":\"SearchAction\",\"target\":{\"@type\":\"EntryPoint\",\"urlTemplate\":\"https:\/\/rohrpost.de\/de\/?s={search_term_string}\"},\"query-input\":{\"@type\":\"PropertyValueSpecification\",\"valueRequired\":true,\"valueName\":\"search_term_string\"}}],\"inLanguage\":\"de\"},{\"@type\":\"Organization\",\"@id\":\"https:\/\/rohrpost.de\/de\/#organization\",\"name\":\"H\u00f6rtig Rohrpost GmbH\",\"url\":\"https:\/\/rohrpost.de\/de\/\",\"logo\":{\"@type\":\"ImageObject\",\"inLanguage\":\"de\",\"@id\":\"https:\/\/rohrpost.de\/de\/#\/schema\/logo\/image\/\",\"url\":\"http:\/\/air-tube-systems.com\/wp-content\/uploads\/HR-Logo2017-RAL6018.jpg\",\"contentUrl\":\"http:\/\/air-tube-systems.com\/wp-content\/uploads\/HR-Logo2017-RAL6018.jpg\",\"width\":10000,\"height\":2759,\"caption\":\"H\u00f6rtig Rohrpost GmbH\"},\"image\":{\"@id\":\"https:\/\/rohrpost.de\/de\/#\/schema\/logo\/image\/\"}}]}<\/script>\n<!-- \/ Yoast SEO plugin. -->","yoast_head_json":{"title":"Unser Engagement | H\u00d6RTIG Rohrpost","description":"Erfahren Sie wie wir uns in die Gesellschaft einbringen und auf Nachhaltigkeit wert legen sowie die Zukunft der Rohrpost mitgestalten.","robots":{"index":"index","follow":"follow","max-snippet":"max-snippet:-1","max-image-preview":"max-image-preview:large","max-video-preview":"max-video-preview:-1"},"canonical":"https:\/\/rohrpost.de\/de\/unternehmen\/ueber-uns\/engagement\/","og_locale":"de_DE","og_type":"article","og_title":"Unser Engagement | H\u00d6RTIG Rohrpost","og_description":"Erfahren Sie wie wir uns in die Gesellschaft einbringen und auf Nachhaltigkeit wert legen sowie die Zukunft der Rohrpost mitgestalten.","og_url":"https:\/\/rohrpost.de\/de\/unternehmen\/ueber-uns\/engagement\/","og_site_name":"H\u00f6rtig Rohrpost","article_modified_time":"2025-02-20T14:00:11+00:00","og_image":[{"width":10000,"height":2759,"url":"https:\/\/rohrpost.de\/wp-content\/uploads\/HR-Logo2017-RAL6018.jpg","type":"image\/jpeg"}],"twitter_card":"summary_large_image","twitter_misc":{"Gesch\u00e4tzte Lesezeit":"2\u00a0Minuten"},"schema":{"@context":"https:\/\/schema.org","@graph":[{"@type":"WebPage","@id":"https:\/\/rohrpost.de\/de\/unternehmen\/ueber-uns\/engagement\/","url":"https:\/\/rohrpost.de\/de\/unternehmen\/ueber-uns\/engagement\/","name":"Unser Engagement | H\u00d6RTIG Rohrpost","isPartOf":{"@id":"https:\/\/rohrpost.de\/de\/#website"},"datePublished":"2017-11-07T15:08:17+00:00","dateModified":"2025-02-20T14:00:11+00:00","description":"Erfahren Sie wie wir uns in die Gesellschaft einbringen und auf Nachhaltigkeit wert legen sowie die Zukunft der Rohrpost mitgestalten.","breadcrumb":{"@id":"https:\/\/rohrpost.de\/de\/unternehmen\/ueber-uns\/engagement\/#breadcrumb"},"inLanguage":"de","potentialAction":[{"@type":"ReadAction","target":["https:\/\/rohrpost.de\/de\/unternehmen\/ueber-uns\/engagement\/"]}]},{"@type":"BreadcrumbList","@id":"https:\/\/rohrpost.de\/de\/unternehmen\/ueber-uns\/engagement\/#breadcrumb","itemListElement":[{"@type":"ListItem","position":1,"name":"Startseite","item":"https:\/\/rohrpost.de\/de\/"},{"@type":"ListItem","position":2,"name":"Unternehmen","item":"https:\/\/rohrpost.de\/de\/unternehmen\/"},{"@type":"ListItem","position":3,"name":"\u00dcber uns","item":"https:\/\/rohrpost.de\/de\/unternehmen\/ueber-uns\/"},{"@type":"ListItem","position":4,"name":"Engagement"}]},{"@type":"WebSite","@id":"https:\/\/rohrpost.de\/de\/#website","url":"https:\/\/rohrpost.de\/de\/","name":"H\u00f6rtig Rohrpost","description":"Hersteller von smarten Rohrpostsystemen","publisher":{"@id":"https:\/\/rohrpost.de\/de\/#organization"},"potentialAction":[{"@type":"SearchAction","target":{"@type":"EntryPoint","urlTemplate":"https:\/\/rohrpost.de\/de\/?s={search_term_string}"},"query-input":{"@type":"PropertyValueSpecification","valueRequired":true,"valueName":"search_term_string"}}],"inLanguage":"de"},{"@type":"Organization","@id":"https:\/\/rohrpost.de\/de\/#organization","name":"H\u00f6rtig Rohrpost GmbH","url":"https:\/\/rohrpost.de\/de\/","logo":{"@type":"ImageObject","inLanguage":"de","@id":"https:\/\/rohrpost.de\/de\/#\/schema\/logo\/image\/","url":"http:\/\/air-tube-systems.com\/wp-content\/uploads\/HR-Logo2017-RAL6018.jpg","contentUrl":"http:\/\/air-tube-systems.com\/wp-content\/uploads\/HR-Logo2017-RAL6018.jpg","width":10000,"height":2759,"caption":"H\u00f6rtig Rohrpost GmbH"},"image":{"@id":"https:\/\/rohrpost.de\/de\/#\/schema\/logo\/image\/"}}]}},"_links":{"self":[{"href":"https:\/\/rohrpost.de\/de\/wp-json\/wp\/v2\/pages\/2436","targetHints":{"allow":["GET"]}}],"collection":[{"href":"https:\/\/rohrpost.de\/de\/wp-json\/wp\/v2\/pages"}],"about":[{"href":"https:\/\/rohrpost.de\/de\/wp-json\/wp\/v2\/types\/page"}],"author":[{"embeddable":true,"href":"https:\/\/rohrpost.de\/de\/wp-json\/wp\/v2\/users\/6"}],"replies":[{"embeddable":true,"href":"https:\/\/rohrpost.de\/de\/wp-json\/wp\/v2\/comments?post=2436"}],"version-history":[{"count":12,"href":"https:\/\/rohrpost.de\/de\/wp-json\/wp\/v2\/pages\/2436\/revisions"}],"predecessor-version":[{"id":26857,"href":"https:\/\/rohrpost.de\/de\/wp-json\/wp\/v2\/pages\/2436\/revisions\/26857"}],"up":[{"embeddable":true,"href":"https:\/\/rohrpost.de\/de\/wp-json\/wp\/v2\/pages\/937"}],"wp:attachment":[{"href":"https:\/\/rohrpost.de\/de\/wp-json\/wp\/v2\/media?parent=2436"}],"curies":[{"name":"wp","href":"https:\/\/api.w.org\/{rel}","templated":true}]}}