{"id":2431,"date":"2017-11-07T15:06:32","date_gmt":"2017-11-07T15:06:32","guid":{"rendered":"http:\/\/rohrpost.pulsar-media.de\/?page_id=2431"},"modified":"2025-02-20T12:36:50","modified_gmt":"2025-02-20T12:36:50","slug":"leitbild","status":"publish","type":"page","link":"https:\/\/rohrpost.de\/de\/unternehmen\/leitbild\/","title":{"rendered":"Leitbild"},"content":{"rendered":"<section class=\"l-section wpb_row height_medium\"><div class=\"l-section-h i-cf\"><div class=\"g-cols vc_row via_flex valign_top type_default stacking_default\"><div class=\"vc_col-sm-12 wpb_column vc_column_container\"><div class=\"vc_column-inner\"><div class=\"wpb_wrapper\">\n<h1><strong>Unser Leitbild<\/strong><\/h1>\n<div class=\"g-cols wpb_row via_flex valign_top type_default stacking_default\">\n<div class=\"vc_col-sm-4 wpb_column vc_column_container\"><div class=\"vc_column-inner\"><div class=\"wpb_wrapper\">[vc_raw_html]JTNDaW1nJTIwc3JjJTNEJTIyaHR0cHMlM0ElMkYlMkZyb2hycG9zdC5kZSUyRndwLWNvbnRlbnQlMkZ1cGxvYWRzJTJGd2VydGUtaCVDMyVCNnJ0aWcuanBnJTIyJTIwYWx0JTNEJTIydmFsdWVzJTIyJTNF[\/vc_raw_html]\n<div class=\"wpb_text_column\"><div class=\"wpb_wrapper\"><h2 style=\"text-align: center;\"><span style=\"font-size: 20pt;\">Mitarbeiter sind unser h\u00f6chstes Gut<\/span><\/h2>\n<\/div><\/div><div class=\"w-separator size_small with_line width_default thick_1 style_solid color_border align_center\"><div class=\"w-separator-h\"><\/div><\/div><div class=\"wpb_text_column\"><div class=\"wpb_wrapper\"><p style=\"text-align: left;\">Wir bei H\u00d6RTIG Rohrpost sind uns bewusst, dass ein gesundes Unternehmen auf <a href=\"http:\/\/air-tube-systems.com\/unternehmen\/stellenangebote\/\">zufriedenen Mitarbeitern<\/a> basiert. Daher legen wir Wert auf gegenseitigen Respekt, Toleranz und ein von Wertsch\u00e4tzung gepr\u00e4gtes Miteinander.<\/p>\n<\/div><\/div><\/div><\/div><\/div><div class=\"vc_col-sm-4 wpb_column vc_column_container\"><div class=\"vc_column-inner\"><div class=\"wpb_wrapper\">[vc_raw_html]JTNDaW1nJTIwc3JjJTNEJTIyaHR0cHMlM0ElMkYlMkZyb2hycG9zdC5kZSUyRndwLWNvbnRlbnQlMkZ1cGxvYWRzJTJGaCVDMyVCNnJ0aWctd2VydGUuanBnJTIyJTIwYWx0JTNEJTIycXVhbGl0eSUyMiUzRQ==[\/vc_raw_html]<div class=\"wpb_text_column\"><div class=\"wpb_wrapper\"><h2 style=\"text-align: center;\"><span style=\"font-size: 20pt;\">Herausragende Qualit\u00e4t bei allem, was wir tun<\/span><\/h2>\n<\/div><\/div><div class=\"w-separator size_small with_line width_default thick_1 style_solid color_border align_center\"><div class=\"w-separator-h\"><\/div><\/div><div class=\"wpb_text_column\"><div class=\"wpb_wrapper\"><p style=\"text-align: left;\">>Wir haben einen hohen Anspruch an uns selbst und unsere Arbeit. Stetig stellen wir h\u00f6chstes Qualit\u00e4tsniveau in unseren <a href=\"http:\/\/air-tube-systems.com\/rohrpostsysteme\/\">Produkten<\/a> und in unseren <a href=\"http:\/\/air-tube-systems.com\/service\/\">Serviceleistungen<\/a> sicher. Darum sind wir 2014 zum wiederholten Male nach ISO 9001 zertifiziert worden.<\/p>\n<\/div><\/div><\/div><\/div><\/div><div class=\"vc_col-sm-4 wpb_column vc_column_container\"><div class=\"vc_column-inner\"><div class=\"wpb_wrapper\">[vc_raw_html]JTNDaW1nJTIwc3JjJTNEJTIyaHR0cHMlM0ElMkYlMkZyb2hycG9zdC5kZSUyRndwLWNvbnRlbnQlMkZ1cGxvYWRzJTJGbGVpdGJpbGQtaW5kdXN0cmllLTQuMC5qcGclMjIlMjBhbHQlM0QlMjJjdXJpdG9zaXR5JTIyJTNF[\/vc_raw_html]<div class=\"wpb_text_column\"><div class=\"wpb_wrapper\"><h2 style=\"text-align: center;\"><span style=\"font-size: 20pt;\">Wir behalten unsere Neugierde<\/span><\/h2>\n<\/div><\/div><div class=\"w-separator size_small with_line width_default thick_1 style_solid color_border align_center\"><div class=\"w-separator-h\"><\/div><\/div><div class=\"wpb_text_column\"><div class=\"wpb_wrapper\"><p style=\"text-align: left;\">Es vergeht kaum ein Tag, an dem unserem Entwicklungsteam nicht die K\u00f6pfe rauchen. <a href=\"http:\/\/air-tube-systems.com\/unternehmen\/forschung\/\">Kontinuierliche Weiterentwicklung<\/a> ist uns wichtig. Wir sehen neue Kundenanforderungen und technologische Entwicklungen als Chance und Herausforderung, der wir uns gerne stellen.<\/p>\n<\/div><\/div><\/div><\/div><\/div><\/div><\/div><\/div><\/div><\/div><\/div><\/section><section class=\"l-section wpb_row height_medium\"><div class=\"l-section-h i-cf\"><div class=\"g-cols vc_row via_flex valign_top type_default stacking_default\"><div class=\"vc_col-sm-12 wpb_column vc_column_container\"><div class=\"vc_column-inner\"><div class=\"wpb_wrapper\"><div class=\"w-actionbox color_primary controls_right\"><div class=\"w-actionbox-text\"><h2 class=\"w-actionbox-title\">Sie m\u00f6chten Teil unseres Unternehmens werden?<\/h2><\/div><div class=\"w-actionbox-controls\"><a class=\"w-btn us-btn-style_1\" title=\"Karriere\" href=\"https:\/\/www.rohrpost.de\/unternehmen\/stellenangebote\/\"><span class=\"w-btn-label\">Offene Stellen<\/span><\/a><\/div><\/div><\/div><\/div><\/div><\/div><\/div><\/section><!-- Row Backgrounds --><div class=\"upb_color\" data-bg-override=\"0\" data-bg-color=\"#f3f3f3\" data-fadeout=\"\" data-fadeout-percentage=\"30\" data-parallax-content=\"\" data-parallax-content-sense=\"30\" data-row-effect-mobile-disable=\"true\" data-img-parallax-mobile-disable=\"true\" data-rtl=\"false\"  data-custom-vc-row=\"\"  data-vc=\"8.7.2\"  data-is_old_vc=\"\"  data-theme-support=\"\"   data-overlay=\"false\" data-overlay-color=\"\" data-overlay-pattern=\"\" data-overlay-pattern-opacity=\"\" data-overlay-pattern-size=\"\"    ><\/div>\n","protected":false},"excerpt":{"rendered":"Unser Leitbild [vc_raw_html]JTNDaW1nJTIwc3JjJTNEJTIyaHR0cHMlM0ElMkYlMkZyb2hycG9zdC5kZSUyRndwLWNvbnRlbnQlMkZ1cGxvYWRzJTJGd2VydGUtaCVDMyVCNnJ0aWcuanBnJTIyJTIwYWx0JTNEJTIydmFsdWVzJTIyJTNF[\/vc_raw_html] Mitarbeiter sind unser h\u00f6chstes Gut Wir bei H\u00d6RTIG Rohrpost sind uns bewusst, dass ein gesundes Unternehmen auf zufriedenen Mitarbeitern basiert. Daher legen wir Wert auf gegenseitigen Respekt, Toleranz und ein von Wertsch\u00e4tzung gepr\u00e4gtes Miteinander. [vc_raw_html]JTNDaW1nJTIwc3JjJTNEJTIyaHR0cHMlM0ElMkYlMkZyb2hycG9zdC5kZSUyRndwLWNvbnRlbnQlMkZ1cGxvYWRzJTJGaCVDMyVCNnJ0aWctd2VydGUuanBnJTIyJTIwYWx0JTNEJTIycXVhbGl0eSUyMiUzRQ==[\/vc_raw_html]Herausragende Qualit\u00e4t bei allem, was wir tun >Wir haben einen hohen Anspruch an uns selbst und unsere Arbeit....","protected":false},"author":6,"featured_media":0,"parent":23,"menu_order":3,"comment_status":"closed","ping_status":"closed","template":"","meta":{"footnotes":""},"class_list":["post-2431","page","type-page","status-publish","hentry"],"yoast_head":"<!-- This site is optimized with the Yoast SEO plugin v27.2 - https:\/\/yoast.com\/product\/yoast-seo-wordpress\/ -->\n<title>Unser Leitbild | H\u00f6rtig Rohrpost GmbH<\/title>\n<meta name=\"description\" content=\"Nach welchen Leitlinien handelt H\u00f6rtig? Erfahren Sie mehr \u00fcber die Werte, die in unserem Unternehmen die Basis bilden.\" \/>\n<meta name=\"robots\" content=\"index, follow, max-snippet:-1, max-image-preview:large, max-video-preview:-1\" \/>\n<link rel=\"canonical\" href=\"https:\/\/rohrpost.de\/de\/unternehmen\/leitbild\/\" \/>\n<meta property=\"og:locale\" content=\"de_DE\" \/>\n<meta property=\"og:type\" content=\"article\" \/>\n<meta property=\"og:title\" content=\"Unser Leitbild | H\u00f6rtig Rohrpost GmbH\" \/>\n<meta property=\"og:description\" content=\"Nach welchen Leitlinien handelt H\u00f6rtig? Erfahren Sie mehr \u00fcber die Werte, die in unserem Unternehmen die Basis bilden.\" \/>\n<meta property=\"og:url\" content=\"https:\/\/rohrpost.de\/de\/unternehmen\/leitbild\/\" \/>\n<meta property=\"og:site_name\" content=\"H\u00f6rtig Rohrpost\" \/>\n<meta property=\"article:modified_time\" content=\"2025-02-20T12:36:50+00:00\" \/>\n<meta property=\"og:image\" content=\"https:\/\/rohrpost.de\/wp-content\/uploads\/HR-Logo2017-RAL6018.jpg\" \/>\n\t<meta property=\"og:image:width\" content=\"10000\" \/>\n\t<meta property=\"og:image:height\" content=\"2759\" \/>\n\t<meta property=\"og:image:type\" content=\"image\/jpeg\" \/>\n<meta name=\"twitter:card\" content=\"summary_large_image\" \/>\n<meta name=\"twitter:label1\" content=\"Gesch\u00e4tzte Lesezeit\" \/>\n\t<meta name=\"twitter:data1\" content=\"2\u00a0Minuten\" \/>\n<script type=\"application\/ld+json\" class=\"yoast-schema-graph\">{\"@context\":\"https:\/\/schema.org\",\"@graph\":[{\"@type\":\"WebPage\",\"@id\":\"https:\/\/rohrpost.de\/de\/unternehmen\/leitbild\/\",\"url\":\"https:\/\/rohrpost.de\/de\/unternehmen\/leitbild\/\",\"name\":\"Unser Leitbild | H\u00f6rtig Rohrpost GmbH\",\"isPartOf\":{\"@id\":\"https:\/\/rohrpost.de\/de\/#website\"},\"datePublished\":\"2017-11-07T15:06:32+00:00\",\"dateModified\":\"2025-02-20T12:36:50+00:00\",\"description\":\"Nach welchen Leitlinien handelt H\u00f6rtig? Erfahren Sie mehr \u00fcber die Werte, die in unserem Unternehmen die Basis bilden.\",\"breadcrumb\":{\"@id\":\"https:\/\/rohrpost.de\/de\/unternehmen\/leitbild\/#breadcrumb\"},\"inLanguage\":\"de\",\"potentialAction\":[{\"@type\":\"ReadAction\",\"target\":[\"https:\/\/rohrpost.de\/de\/unternehmen\/leitbild\/\"]}]},{\"@type\":\"BreadcrumbList\",\"@id\":\"https:\/\/rohrpost.de\/de\/unternehmen\/leitbild\/#breadcrumb\",\"itemListElement\":[{\"@type\":\"ListItem\",\"position\":1,\"name\":\"Startseite\",\"item\":\"https:\/\/rohrpost.de\/de\/\"},{\"@type\":\"ListItem\",\"position\":2,\"name\":\"Unternehmen\",\"item\":\"https:\/\/rohrpost.de\/de\/unternehmen\/\"},{\"@type\":\"ListItem\",\"position\":3,\"name\":\"Leitbild\"}]},{\"@type\":\"WebSite\",\"@id\":\"https:\/\/rohrpost.de\/de\/#website\",\"url\":\"https:\/\/rohrpost.de\/de\/\",\"name\":\"H\u00f6rtig Rohrpost\",\"description\":\"Hersteller von smarten Rohrpostsystemen\",\"publisher\":{\"@id\":\"https:\/\/rohrpost.de\/de\/#organization\"},\"potentialAction\":[{\"@type\":\"SearchAction\",\"target\":{\"@type\":\"EntryPoint\",\"urlTemplate\":\"https:\/\/rohrpost.de\/de\/?s={search_term_string}\"},\"query-input\":{\"@type\":\"PropertyValueSpecification\",\"valueRequired\":true,\"valueName\":\"search_term_string\"}}],\"inLanguage\":\"de\"},{\"@type\":\"Organization\",\"@id\":\"https:\/\/rohrpost.de\/de\/#organization\",\"name\":\"H\u00f6rtig Rohrpost GmbH\",\"url\":\"https:\/\/rohrpost.de\/de\/\",\"logo\":{\"@type\":\"ImageObject\",\"inLanguage\":\"de\",\"@id\":\"https:\/\/rohrpost.de\/de\/#\/schema\/logo\/image\/\",\"url\":\"http:\/\/air-tube-systems.com\/wp-content\/uploads\/HR-Logo2017-RAL6018.jpg\",\"contentUrl\":\"http:\/\/air-tube-systems.com\/wp-content\/uploads\/HR-Logo2017-RAL6018.jpg\",\"width\":10000,\"height\":2759,\"caption\":\"H\u00f6rtig Rohrpost GmbH\"},\"image\":{\"@id\":\"https:\/\/rohrpost.de\/de\/#\/schema\/logo\/image\/\"}}]}<\/script>\n<!-- \/ Yoast SEO plugin. -->","yoast_head_json":{"title":"Unser Leitbild | H\u00f6rtig Rohrpost GmbH","description":"Nach welchen Leitlinien handelt H\u00f6rtig? Erfahren Sie mehr \u00fcber die Werte, die in unserem Unternehmen die Basis bilden.","robots":{"index":"index","follow":"follow","max-snippet":"max-snippet:-1","max-image-preview":"max-image-preview:large","max-video-preview":"max-video-preview:-1"},"canonical":"https:\/\/rohrpost.de\/de\/unternehmen\/leitbild\/","og_locale":"de_DE","og_type":"article","og_title":"Unser Leitbild | H\u00f6rtig Rohrpost GmbH","og_description":"Nach welchen Leitlinien handelt H\u00f6rtig? Erfahren Sie mehr \u00fcber die Werte, die in unserem Unternehmen die Basis bilden.","og_url":"https:\/\/rohrpost.de\/de\/unternehmen\/leitbild\/","og_site_name":"H\u00f6rtig Rohrpost","article_modified_time":"2025-02-20T12:36:50+00:00","og_image":[{"width":10000,"height":2759,"url":"https:\/\/rohrpost.de\/wp-content\/uploads\/HR-Logo2017-RAL6018.jpg","type":"image\/jpeg"}],"twitter_card":"summary_large_image","twitter_misc":{"Gesch\u00e4tzte Lesezeit":"2\u00a0Minuten"},"schema":{"@context":"https:\/\/schema.org","@graph":[{"@type":"WebPage","@id":"https:\/\/rohrpost.de\/de\/unternehmen\/leitbild\/","url":"https:\/\/rohrpost.de\/de\/unternehmen\/leitbild\/","name":"Unser Leitbild | H\u00f6rtig Rohrpost GmbH","isPartOf":{"@id":"https:\/\/rohrpost.de\/de\/#website"},"datePublished":"2017-11-07T15:06:32+00:00","dateModified":"2025-02-20T12:36:50+00:00","description":"Nach welchen Leitlinien handelt H\u00f6rtig? Erfahren Sie mehr \u00fcber die Werte, die in unserem Unternehmen die Basis bilden.","breadcrumb":{"@id":"https:\/\/rohrpost.de\/de\/unternehmen\/leitbild\/#breadcrumb"},"inLanguage":"de","potentialAction":[{"@type":"ReadAction","target":["https:\/\/rohrpost.de\/de\/unternehmen\/leitbild\/"]}]},{"@type":"BreadcrumbList","@id":"https:\/\/rohrpost.de\/de\/unternehmen\/leitbild\/#breadcrumb","itemListElement":[{"@type":"ListItem","position":1,"name":"Startseite","item":"https:\/\/rohrpost.de\/de\/"},{"@type":"ListItem","position":2,"name":"Unternehmen","item":"https:\/\/rohrpost.de\/de\/unternehmen\/"},{"@type":"ListItem","position":3,"name":"Leitbild"}]},{"@type":"WebSite","@id":"https:\/\/rohrpost.de\/de\/#website","url":"https:\/\/rohrpost.de\/de\/","name":"H\u00f6rtig Rohrpost","description":"Hersteller von smarten Rohrpostsystemen","publisher":{"@id":"https:\/\/rohrpost.de\/de\/#organization"},"potentialAction":[{"@type":"SearchAction","target":{"@type":"EntryPoint","urlTemplate":"https:\/\/rohrpost.de\/de\/?s={search_term_string}"},"query-input":{"@type":"PropertyValueSpecification","valueRequired":true,"valueName":"search_term_string"}}],"inLanguage":"de"},{"@type":"Organization","@id":"https:\/\/rohrpost.de\/de\/#organization","name":"H\u00f6rtig Rohrpost GmbH","url":"https:\/\/rohrpost.de\/de\/","logo":{"@type":"ImageObject","inLanguage":"de","@id":"https:\/\/rohrpost.de\/de\/#\/schema\/logo\/image\/","url":"http:\/\/air-tube-systems.com\/wp-content\/uploads\/HR-Logo2017-RAL6018.jpg","contentUrl":"http:\/\/air-tube-systems.com\/wp-content\/uploads\/HR-Logo2017-RAL6018.jpg","width":10000,"height":2759,"caption":"H\u00f6rtig Rohrpost GmbH"},"image":{"@id":"https:\/\/rohrpost.de\/de\/#\/schema\/logo\/image\/"}}]}},"_links":{"self":[{"href":"https:\/\/rohrpost.de\/de\/wp-json\/wp\/v2\/pages\/2431","targetHints":{"allow":["GET"]}}],"collection":[{"href":"https:\/\/rohrpost.de\/de\/wp-json\/wp\/v2\/pages"}],"about":[{"href":"https:\/\/rohrpost.de\/de\/wp-json\/wp\/v2\/types\/page"}],"author":[{"embeddable":true,"href":"https:\/\/rohrpost.de\/de\/wp-json\/wp\/v2\/users\/6"}],"replies":[{"embeddable":true,"href":"https:\/\/rohrpost.de\/de\/wp-json\/wp\/v2\/comments?post=2431"}],"version-history":[{"count":11,"href":"https:\/\/rohrpost.de\/de\/wp-json\/wp\/v2\/pages\/2431\/revisions"}],"predecessor-version":[{"id":26850,"href":"https:\/\/rohrpost.de\/de\/wp-json\/wp\/v2\/pages\/2431\/revisions\/26850"}],"up":[{"embeddable":true,"href":"https:\/\/rohrpost.de\/de\/wp-json\/wp\/v2\/pages\/23"}],"wp:attachment":[{"href":"https:\/\/rohrpost.de\/de\/wp-json\/wp\/v2\/media?parent=2431"}],"curies":[{"name":"wp","href":"https:\/\/api.w.org\/{rel}","templated":true}]}}