{"id":2426,"date":"2017-11-07T15:01:20","date_gmt":"2017-11-07T15:01:20","guid":{"rendered":"http:\/\/rohrpost.pulsar-media.de\/?page_id=2426"},"modified":"2025-02-18T13:54:58","modified_gmt":"2025-02-18T13:54:58","slug":"historie","status":"publish","type":"page","link":"https:\/\/rohrpost.de\/de\/unternehmen\/historie\/","title":{"rendered":"Historie"},"content":{"rendered":"<section class=\"l-section wpb_row height_medium\"><div class=\"l-section-h i-cf\"><div class=\"g-cols vc_row via_flex valign_top type_default stacking_default\"><div class=\"vc_col-sm-12 wpb_column vc_column_container\"><div class=\"vc_column-inner\"><div class=\"wpb_wrapper\"><div class=\"wpb_text_column\"><div class=\"wpb_wrapper\"><h1><strong>Unsere Unternehmensgeschichte<\/strong><\/h1>\n<h2 style=\"text-align: center;\"><strong>H\u00f6rtig Rohrpost blickt auf \u00fcber 50 Jahre als Rohrposthersteller zur\u00fcck<\/strong><\/h2>\n<\/div><\/div><\/div><\/div><\/div><\/div><\/div><\/section><!-- Row Backgrounds --><div class=\"upb_bg_img\" data-ultimate-bg=\"url(https:\/\/rohrpost.de\/wp-content\/uploads\/hoertig-rohrpost-unternehmensgeschichte.jpg)\" data-image-id=\"id^19290|url^http:\/\/air-tube-systems.com\/wp-content\/uploads\/hoertig-rohrpost-unternehmensgeschichte.jpg|caption^null|alt^unternehmensgeschichte|title^hoertig-rohrpost-unternehmensgeschichte|description^null\" data-ultimate-bg-style=\"vcpb-default\" data-bg-img-repeat=\"repeat\" data-bg-img-size=\"cover\" data-bg-img-position=\"\" data-parallx_sense=\"30\" data-bg-override=\"0\" data-bg_img_attach=\"scroll\" data-upb-overlay-color=\"rgba(0,0,0,0.57)\" data-upb-bg-animation=\"\" data-fadeout=\"\" data-bg-animation=\"left-animation\" data-bg-animation-type=\"h\" data-animation-repeat=\"repeat\" data-fadeout-percentage=\"30\" data-parallax-content=\"\" data-parallax-content-sense=\"30\" data-row-effect-mobile-disable=\"true\" data-img-parallax-mobile-disable=\"true\" data-rtl=\"false\"  data-custom-vc-row=\"\"  data-vc=\"8.7.2\"  data-is_old_vc=\"\"  data-theme-support=\"\"   data-overlay=\"true\" data-overlay-color=\"rgba(0,0,0,0.57)\" data-overlay-pattern=\"\" data-overlay-pattern-opacity=\"0.8\" data-overlay-pattern-size=\"\" data-overlay-pattern-attachment=\"scroll\"    ><\/div><section class=\"l-section wpb_row height_medium\"><div class=\"l-section-h i-cf\"><div class=\"g-cols vc_row via_flex valign_top type_default stacking_default\"><div class=\"vc_col-sm-8 wpb_column vc_column_container\"><div class=\"vc_column-inner\"><div class=\"wpb_wrapper\"><div class=\"wpb_text_column\"><div class=\"wpb_wrapper\"><p style=\"text-align: left;\"><span style=\"font-size: 16pt;\"><strong>Bereits im Jahr 1967<\/strong><\/span> gr\u00fcndete Herr Ing. grad. Bruno H\u00f6rtig in Bayreuth unser Rohrpostunternehmen, damals als &#8222;Rohrposttechnik, Fernmelde- und Uhrenanlagen Bruno H\u00f6rtig&#8220;. Er legte damit die Weichen f\u00fcr kontinuierliches Wachstum. Damals noch nicht spezialisiert auf Rohrpost, kristallisierte sich bald heraus, dass das Herzst\u00fcck des Unternehmens die Systeme aus Rohren und Stationen f\u00fcr innerbetrieblichen G\u00fctertransport werden sollen.<\/p>\n<p style=\"text-align: left;\"><span style=\"font-size: 16pt;\"><strong>1995<\/strong><\/span> \u00fcbernahm Bruno H\u00f6rtigs Sohn, Dipl.-Ing. Martin H\u00f6rtig, die Gesch\u00e4ftsf\u00fchrung. Er leitet das Unternehmen in zweiter Generation und f\u00fchrt die Strategie seines Vaters zielgerichtet weiter \u2013 ausgebaut und gesch\u00e4rft durch die M\u00f6glichkeiten, welche neueste technische Innovationen bieten. Unver\u00e4ndert werden Kompetenz, technisches Know-how und innovative, zeitgem\u00e4\u00dfe Weiterentwicklung gro\u00dfgeschrieben. Die internen Forschungsaktivit\u00e4ten und universit\u00e4ren Kooperationen zur L\u00f6sung von F\u00f6rderproblemen der Gegenwart werden ausgebaut.<\/p>\n<p style=\"text-align: left;\"><span style=\"font-size: 16pt;\"><strong>Heute<\/strong><\/span> k\u00f6nnen wir dank unserer umfangreichen Entwicklungst\u00e4tigkeiten f\u00fcr nahezu jeden Einsatzbereich hochmoderne Anlagen anbieten. Dabei ist es uns aufgrund der Expansion m\u00f6glich, auch im globalen Handel und Verkauf schnell auf unterschiedliche und komplexe Kundenbed\u00fcrfnisse zu reagieren und technisch anspruchsvolle Innovationen zu realisieren.<\/p>\n<\/div><\/div><\/div><\/div><\/div><div class=\"vc_col-sm-4 wpb_column vc_column_container\"><div class=\"vc_column-inner\"><div class=\"wpb_wrapper\"><div class=\"w-image align_none\"><div class=\"w-image-h\"><img decoding=\"async\" width=\"823\" height=\"452\" src=\"https:\/\/rohrpost.de\/wp-content\/uploads\/Historie-Rohrpost.jpg\" class=\"attachment-large size-large\" alt=\"Historie H\u00f6rtig GmbH\" loading=\"lazy\" srcset=\"https:\/\/rohrpost.de\/wp-content\/uploads\/\/Historie-Rohrpost.jpg 823w, https:\/\/rohrpost.de\/wp-content\/uploads\/\/Historie-Rohrpost-400x220.jpg 400w, https:\/\/rohrpost.de\/wp-content\/uploads\/\/Historie-Rohrpost-300x165.jpg 300w\" sizes=\"auto, (max-width: 823px) 100vw, 823px\" \/><\/div><\/div><div class=\"wpb_text_column\"><div class=\"wpb_wrapper\"><p>Unternehmensgr\u00fcnder Bruno H\u00f6rtig<\/p>\n<\/div><\/div><div class=\"w-image align_none\"><div class=\"w-image-h\"><img decoding=\"async\" width=\"1024\" height=\"768\" src=\"https:\/\/rohrpost.de\/wp-content\/uploads\/H\u00f6rtigheller-1024x768.jpg\" class=\"attachment-large size-large\" alt=\"Logo H\u00f6rtig Rohrpost\" loading=\"lazy\" srcset=\"https:\/\/rohrpost.de\/wp-content\/uploads\/\/H\u00f6rtigheller-1024x768.jpg 1024w, https:\/\/rohrpost.de\/wp-content\/uploads\/\/H\u00f6rtigheller-400x300.jpg 400w, https:\/\/rohrpost.de\/wp-content\/uploads\/\/H\u00f6rtigheller-300x225.jpg 300w, https:\/\/rohrpost.de\/wp-content\/uploads\/\/H\u00f6rtigheller.jpg 2048w\" sizes=\"auto, (max-width: 1024px) 100vw, 1024px\" \/><\/div><\/div><\/div><\/div><\/div><\/div><\/div><\/section><section class=\"l-section wpb_row height_medium\"><div class=\"l-section-h i-cf\"><div class=\"g-cols vc_row via_flex valign_top type_default stacking_default\"><div class=\"vc_col-sm-12 wpb_column vc_column_container\"><div class=\"vc_column-inner\"><div class=\"wpb_wrapper\"><div class=\"w-tabs us_custom_17f42043 layout_hor style_timeline switch_click has_scrolling\" style=\"--sections-title-size:1em\"><div class=\"w-tabs-list items_10 align_justify\"><div class=\"w-tabs-list-h\"><button class=\"w-tabs-item active\" aria-controls=\"content-1510066731272-e37dbe22-152f\" aria-expanded=\"false\"><span class=\"w-tabs-item-title\">1967<\/span><\/button><button class=\"w-tabs-item\" aria-controls=\"content-w9dd\" aria-expanded=\"false\"><span class=\"w-tabs-item-title\">1995<\/span><\/button><button class=\"w-tabs-item\" aria-controls=\"content-sa68\" aria-expanded=\"false\"><span class=\"w-tabs-item-title\">2002<\/span><\/button><button class=\"w-tabs-item\" aria-controls=\"content-naf1\" aria-expanded=\"false\"><span class=\"w-tabs-item-title\">2003<\/span><\/button><button class=\"w-tabs-item\" aria-controls=\"content-lb7c\" aria-expanded=\"false\"><span class=\"w-tabs-item-title\">2005<\/span><\/button><button class=\"w-tabs-item\" aria-controls=\"content-abfb\" aria-expanded=\"false\"><span class=\"w-tabs-item-title\">2007<\/span><\/button><button class=\"w-tabs-item\" aria-controls=\"content-mc73\" aria-expanded=\"false\"><span class=\"w-tabs-item-title\">2010<\/span><\/button><button class=\"w-tabs-item\" aria-controls=\"content-qd04\" aria-expanded=\"false\"><span class=\"w-tabs-item-title\">2017<\/span><\/button><button class=\"w-tabs-item\" aria-controls=\"content-ed8f\" aria-expanded=\"false\"><span class=\"w-tabs-item-title\">2019<\/span><\/button><button class=\"w-tabs-item\" aria-controls=\"content-ae0f\" aria-expanded=\"false\"><span class=\"w-tabs-item-title\">Heute<\/span><\/button><\/div><\/div><div class=\"w-tabs-sections titles-align_none icon_chevron cpos_right\"><div class=\"w-tabs-section active\" id=\"1510066731272-e37dbe22-152f\"><button class=\"w-tabs-section-header active\" aria-controls=\"content-1510066731272-e37dbe22-152f\" aria-expanded=\"true\"><div class=\"w-tabs-section-title\">1967<\/div><div class=\"w-tabs-section-control\"><\/div><\/button><div  class=\"w-tabs-section-content us_custom_17f42043\" id=\"content-1510066731272-e37dbe22-152f\"><div class=\"w-tabs-section-content-h i-cf\"><div class=\"wpb_text_column\"><div class=\"wpb_wrapper\"><p>Gr\u00fcndung der H\u00d6RTIG Rohrpost GmbH in Bayreuth<\/p>\n<\/div><\/div><\/div><\/div><\/div><div class=\"w-tabs-section\" id=\"w9dd\"><button class=\"w-tabs-section-header\" aria-controls=\"content-w9dd\" aria-expanded=\"false\"><div class=\"w-tabs-section-title\">1995<\/div><div class=\"w-tabs-section-control\"><\/div><\/button><div  class=\"w-tabs-section-content\" id=\"content-w9dd\"><div class=\"w-tabs-section-content-h i-cf\"><div class=\"wpb_text_column\"><div class=\"wpb_wrapper\"><p>Herr Dipl.-Ing. Martin H\u00f6rtig wird Gesch\u00e4ftsf\u00fchrer<\/p>\n<\/div><\/div><\/div><\/div><\/div><div class=\"w-tabs-section\" id=\"sa68\"><button class=\"w-tabs-section-header\" aria-controls=\"content-sa68\" aria-expanded=\"false\"><div class=\"w-tabs-section-title\">2002<\/div><div class=\"w-tabs-section-control\"><\/div><\/button><div  class=\"w-tabs-section-content\" id=\"content-sa68\"><div class=\"w-tabs-section-content-h i-cf\"><div class=\"wpb_text_column\"><div class=\"wpb_wrapper\"><p>Auszeichnung als &#8222;TOP100&#8220; der innovativsten Mittelst\u00e4ndler Deutschlands<\/p>\n<\/div><\/div><\/div><\/div><\/div><div class=\"w-tabs-section\" id=\"naf1\"><button class=\"w-tabs-section-header\" aria-controls=\"content-naf1\" aria-expanded=\"false\"><div class=\"w-tabs-section-title\">2003<\/div><div class=\"w-tabs-section-control\"><\/div><\/button><div  class=\"w-tabs-section-content\" id=\"content-naf1\"><div class=\"w-tabs-section-content-h i-cf\"><div class=\"wpb_text_column\"><div class=\"wpb_wrapper\"><p>Er\u00f6ffnung unseres China Office<\/p>\n<\/div><\/div><\/div><\/div><\/div><div class=\"w-tabs-section\" id=\"lb7c\"><button class=\"w-tabs-section-header\" aria-controls=\"content-lb7c\" aria-expanded=\"false\"><div class=\"w-tabs-section-title\">2005<\/div><div class=\"w-tabs-section-control\"><\/div><\/button><div  class=\"w-tabs-section-content\" id=\"content-lb7c\"><div class=\"w-tabs-section-content-h i-cf\"><div class=\"wpb_text_column\"><div class=\"wpb_wrapper\"><p>Zum f\u00fcnften Mal in Folge ISO 9001 zertifiziert<\/p>\n<\/div><\/div><\/div><\/div><\/div><div class=\"w-tabs-section\" id=\"abfb\"><button class=\"w-tabs-section-header\" aria-controls=\"content-abfb\" aria-expanded=\"false\"><div class=\"w-tabs-section-title\">2007<\/div><div class=\"w-tabs-section-control\"><\/div><\/button><div  class=\"w-tabs-section-content\" id=\"content-abfb\"><div class=\"w-tabs-section-content-h i-cf\"><div class=\"wpb_text_column\"><div class=\"wpb_wrapper\"><p>Auftrag f\u00fcr das weltweit gr\u00f6\u00dfte Rohrpostsystem in einem Krankenhaus<\/p>\n<\/div><\/div><\/div><\/div><\/div><div class=\"w-tabs-section\" id=\"mc73\"><button class=\"w-tabs-section-header\" aria-controls=\"content-mc73\" aria-expanded=\"false\"><div class=\"w-tabs-section-title\">2010<\/div><div class=\"w-tabs-section-control\"><\/div><\/button><div  class=\"w-tabs-section-content\" id=\"content-mc73\"><div class=\"w-tabs-section-content-h i-cf\"><div class=\"wpb_text_column\"><div class=\"wpb_wrapper\"><p>Markteinstieg in Middle East<\/p>\n<\/div><\/div><\/div><\/div><\/div><div class=\"w-tabs-section\" id=\"qd04\"><button class=\"w-tabs-section-header\" aria-controls=\"content-qd04\" aria-expanded=\"false\"><div class=\"w-tabs-section-title\">2017<\/div><div class=\"w-tabs-section-control\"><\/div><\/button><div  class=\"w-tabs-section-content\" id=\"content-qd04\"><div class=\"w-tabs-section-content-h i-cf\"><div class=\"wpb_text_column\"><div class=\"wpb_wrapper\"><ul>\n<li>Weltgr\u00f6\u00dfte Rohrpostanlage in einem Chemiekomplex<\/li>\n<li>Unser Gesch\u00e4ftsf\u00fchrer Dipl.-Ing. Martin H\u00f6rtig ist als Vorsitzender des DIN-Ausschusses f\u00fcr die neue Rohrpostnorm 2017 verantwortlich<\/li>\n<\/ul>\n<\/div><\/div><\/div><\/div><\/div><div class=\"w-tabs-section\" id=\"ed8f\"><button class=\"w-tabs-section-header\" aria-controls=\"content-ed8f\" aria-expanded=\"false\"><div class=\"w-tabs-section-title\">2019<\/div><div class=\"w-tabs-section-control\"><\/div><\/button><div  class=\"w-tabs-section-content\" id=\"content-ed8f\"><div class=\"w-tabs-section-content-h i-cf\"><div class=\"wpb_text_column\"><div class=\"wpb_wrapper\"><p>Pr\u00e4sentation des neuen Stationsdesigns mit 10&#8220; Touchscreens<\/p>\n<\/div><\/div><\/div><\/div><\/div><div class=\"w-tabs-section\" id=\"ae0f\"><button class=\"w-tabs-section-header\" aria-controls=\"content-ae0f\" aria-expanded=\"false\"><div class=\"w-tabs-section-title\">Heute<\/div><div class=\"w-tabs-section-control\"><\/div><\/button><div  class=\"w-tabs-section-content\" id=\"content-ae0f\"><div class=\"w-tabs-section-content-h i-cf\"><div class=\"wpb_text_column\"><div class=\"wpb_wrapper\"><p>55 Jahre H\u00f6rtig Rohrpost mit \u00fcber 600 erfolgreich realisierten Projekten<\/p>\n<\/div><\/div><\/div><\/div><\/div><\/div><\/div><\/div><\/div><\/div><\/div><\/div><\/section><!-- Row Backgrounds --><div class=\"upb_color\" data-bg-override=\"0\" data-bg-color=\"#f3f3f3\" data-fadeout=\"\" data-fadeout-percentage=\"30\" data-parallax-content=\"\" data-parallax-content-sense=\"30\" data-row-effect-mobile-disable=\"true\" data-img-parallax-mobile-disable=\"true\" data-rtl=\"false\"  data-custom-vc-row=\"\"  data-vc=\"8.7.2\"  data-is_old_vc=\"\"  data-theme-support=\"\"   data-overlay=\"false\" data-overlay-color=\"\" data-overlay-pattern=\"\" data-overlay-pattern-opacity=\"\" data-overlay-pattern-size=\"\"    ><\/div><section class=\"l-section wpb_row height_medium\"><div class=\"l-section-h i-cf\"><div class=\"g-cols vc_row via_flex valign_top type_default stacking_default\"><div class=\"vc_col-sm-12 wpb_column vc_column_container\"><div class=\"vc_column-inner\"><div class=\"wpb_wrapper\"><div class=\"wpb_text_column\"><div class=\"wpb_wrapper\"><h2 style=\"text-align: center;\"><span style=\"color: #ffffff;\"><strong><span style=\"font-size: 16pt;\">Mehr als 50 Jahre Firmengeschichte zeigen unsere Kompetenz.<\/span><\/strong><\/span><\/h2>\n<\/div><\/div><\/div><\/div><\/div><\/div><\/div><\/section><!-- Row Backgrounds --><div class=\"upb_color\" data-bg-override=\"0\" data-bg-color=\"#509f3e\" data-fadeout=\"\" data-fadeout-percentage=\"30\" data-parallax-content=\"\" data-parallax-content-sense=\"30\" data-row-effect-mobile-disable=\"true\" data-img-parallax-mobile-disable=\"true\" data-rtl=\"false\"  data-custom-vc-row=\"\"  data-vc=\"8.7.2\"  data-is_old_vc=\"\"  data-theme-support=\"\"   data-overlay=\"false\" data-overlay-color=\"\" data-overlay-pattern=\"\" data-overlay-pattern-opacity=\"\" data-overlay-pattern-size=\"\"    ><\/div>\n","protected":false},"excerpt":{"rendered":"Unsere Unternehmensgeschichte H\u00f6rtig Rohrpost blickt auf \u00fcber 50 Jahre als Rohrposthersteller zur\u00fcck Bereits im Jahr 1967 gr\u00fcndete Herr Ing. grad. Bruno H\u00f6rtig in Bayreuth unser Rohrpostunternehmen, damals als &#8222;Rohrposttechnik, Fernmelde- und Uhrenanlagen Bruno H\u00f6rtig&#8220;. Er legte damit die Weichen f\u00fcr kontinuierliches Wachstum. Damals noch nicht spezialisiert auf Rohrpost, kristallisierte sich bald heraus, dass das Herzst\u00fcck...","protected":false},"author":6,"featured_media":0,"parent":23,"menu_order":3,"comment_status":"closed","ping_status":"closed","template":"","meta":{"footnotes":""},"class_list":["post-2426","page","type-page","status-publish","hentry"],"yoast_head":"<!-- This site is optimized with the Yoast SEO plugin v27.2 - https:\/\/yoast.com\/product\/yoast-seo-wordpress\/ -->\n<title>Historie | Unternehmensgeschichte von H\u00f6rtig Rohrpost GmbH<\/title>\n<meta name=\"description\" content=\"Erfahren Sie mehr \u00fcber unsere 50-j\u00e4hrige Unternehmensgeschichte und die verschiedenen Entwicklungsstationen seit 1967.\" \/>\n<meta name=\"robots\" content=\"index, follow, max-snippet:-1, max-image-preview:large, max-video-preview:-1\" \/>\n<link rel=\"canonical\" href=\"https:\/\/rohrpost.de\/de\/unternehmen\/historie\/\" \/>\n<meta property=\"og:locale\" content=\"de_DE\" \/>\n<meta property=\"og:type\" content=\"article\" \/>\n<meta property=\"og:title\" content=\"Historie | Unternehmensgeschichte von H\u00f6rtig Rohrpost GmbH\" \/>\n<meta property=\"og:description\" content=\"Erfahren Sie mehr \u00fcber unsere 50-j\u00e4hrige Unternehmensgeschichte und die verschiedenen Entwicklungsstationen seit 1967.\" \/>\n<meta property=\"og:url\" content=\"https:\/\/rohrpost.de\/de\/unternehmen\/historie\/\" \/>\n<meta property=\"og:site_name\" content=\"H\u00f6rtig Rohrpost\" \/>\n<meta property=\"article:modified_time\" content=\"2025-02-18T13:54:58+00:00\" \/>\n<meta property=\"og:image\" content=\"https:\/\/rohrpost.de\/wp-content\/uploads\/HR-Logo2017-RAL6018.jpg\" \/>\n\t<meta property=\"og:image:width\" content=\"10000\" \/>\n\t<meta property=\"og:image:height\" content=\"2759\" \/>\n\t<meta property=\"og:image:type\" content=\"image\/jpeg\" \/>\n<meta name=\"twitter:card\" content=\"summary_large_image\" \/>\n<meta name=\"twitter:label1\" content=\"Gesch\u00e4tzte Lesezeit\" \/>\n\t<meta name=\"twitter:data1\" content=\"2\u00a0Minuten\" \/>\n<script type=\"application\/ld+json\" class=\"yoast-schema-graph\">{\"@context\":\"https:\/\/schema.org\",\"@graph\":[{\"@type\":\"WebPage\",\"@id\":\"https:\/\/rohrpost.de\/de\/unternehmen\/historie\/\",\"url\":\"https:\/\/rohrpost.de\/de\/unternehmen\/historie\/\",\"name\":\"Historie | Unternehmensgeschichte von H\u00f6rtig Rohrpost GmbH\",\"isPartOf\":{\"@id\":\"https:\/\/rohrpost.de\/de\/#website\"},\"datePublished\":\"2017-11-07T15:01:20+00:00\",\"dateModified\":\"2025-02-18T13:54:58+00:00\",\"description\":\"Erfahren Sie mehr \u00fcber unsere 50-j\u00e4hrige Unternehmensgeschichte und die verschiedenen Entwicklungsstationen seit 1967.\",\"breadcrumb\":{\"@id\":\"https:\/\/rohrpost.de\/de\/unternehmen\/historie\/#breadcrumb\"},\"inLanguage\":\"de\",\"potentialAction\":[{\"@type\":\"ReadAction\",\"target\":[\"https:\/\/rohrpost.de\/de\/unternehmen\/historie\/\"]}]},{\"@type\":\"BreadcrumbList\",\"@id\":\"https:\/\/rohrpost.de\/de\/unternehmen\/historie\/#breadcrumb\",\"itemListElement\":[{\"@type\":\"ListItem\",\"position\":1,\"name\":\"Startseite\",\"item\":\"https:\/\/rohrpost.de\/de\/\"},{\"@type\":\"ListItem\",\"position\":2,\"name\":\"Unternehmen\",\"item\":\"https:\/\/rohrpost.de\/de\/unternehmen\/\"},{\"@type\":\"ListItem\",\"position\":3,\"name\":\"Historie\"}]},{\"@type\":\"WebSite\",\"@id\":\"https:\/\/rohrpost.de\/de\/#website\",\"url\":\"https:\/\/rohrpost.de\/de\/\",\"name\":\"H\u00f6rtig Rohrpost\",\"description\":\"Hersteller von smarten Rohrpostsystemen\",\"publisher\":{\"@id\":\"https:\/\/rohrpost.de\/de\/#organization\"},\"potentialAction\":[{\"@type\":\"SearchAction\",\"target\":{\"@type\":\"EntryPoint\",\"urlTemplate\":\"https:\/\/rohrpost.de\/de\/?s={search_term_string}\"},\"query-input\":{\"@type\":\"PropertyValueSpecification\",\"valueRequired\":true,\"valueName\":\"search_term_string\"}}],\"inLanguage\":\"de\"},{\"@type\":\"Organization\",\"@id\":\"https:\/\/rohrpost.de\/de\/#organization\",\"name\":\"H\u00f6rtig Rohrpost GmbH\",\"url\":\"https:\/\/rohrpost.de\/de\/\",\"logo\":{\"@type\":\"ImageObject\",\"inLanguage\":\"de\",\"@id\":\"https:\/\/rohrpost.de\/de\/#\/schema\/logo\/image\/\",\"url\":\"http:\/\/air-tube-systems.com\/wp-content\/uploads\/HR-Logo2017-RAL6018.jpg\",\"contentUrl\":\"http:\/\/air-tube-systems.com\/wp-content\/uploads\/HR-Logo2017-RAL6018.jpg\",\"width\":10000,\"height\":2759,\"caption\":\"H\u00f6rtig Rohrpost GmbH\"},\"image\":{\"@id\":\"https:\/\/rohrpost.de\/de\/#\/schema\/logo\/image\/\"}}]}<\/script>\n<!-- \/ Yoast SEO plugin. -->","yoast_head_json":{"title":"Historie | Unternehmensgeschichte von H\u00f6rtig Rohrpost GmbH","description":"Erfahren Sie mehr \u00fcber unsere 50-j\u00e4hrige Unternehmensgeschichte und die verschiedenen Entwicklungsstationen seit 1967.","robots":{"index":"index","follow":"follow","max-snippet":"max-snippet:-1","max-image-preview":"max-image-preview:large","max-video-preview":"max-video-preview:-1"},"canonical":"https:\/\/rohrpost.de\/de\/unternehmen\/historie\/","og_locale":"de_DE","og_type":"article","og_title":"Historie | Unternehmensgeschichte von H\u00f6rtig Rohrpost GmbH","og_description":"Erfahren Sie mehr \u00fcber unsere 50-j\u00e4hrige Unternehmensgeschichte und die verschiedenen Entwicklungsstationen seit 1967.","og_url":"https:\/\/rohrpost.de\/de\/unternehmen\/historie\/","og_site_name":"H\u00f6rtig Rohrpost","article_modified_time":"2025-02-18T13:54:58+00:00","og_image":[{"width":10000,"height":2759,"url":"https:\/\/rohrpost.de\/wp-content\/uploads\/HR-Logo2017-RAL6018.jpg","type":"image\/jpeg"}],"twitter_card":"summary_large_image","twitter_misc":{"Gesch\u00e4tzte Lesezeit":"2\u00a0Minuten"},"schema":{"@context":"https:\/\/schema.org","@graph":[{"@type":"WebPage","@id":"https:\/\/rohrpost.de\/de\/unternehmen\/historie\/","url":"https:\/\/rohrpost.de\/de\/unternehmen\/historie\/","name":"Historie | Unternehmensgeschichte von H\u00f6rtig Rohrpost GmbH","isPartOf":{"@id":"https:\/\/rohrpost.de\/de\/#website"},"datePublished":"2017-11-07T15:01:20+00:00","dateModified":"2025-02-18T13:54:58+00:00","description":"Erfahren Sie mehr \u00fcber unsere 50-j\u00e4hrige Unternehmensgeschichte und die verschiedenen Entwicklungsstationen seit 1967.","breadcrumb":{"@id":"https:\/\/rohrpost.de\/de\/unternehmen\/historie\/#breadcrumb"},"inLanguage":"de","potentialAction":[{"@type":"ReadAction","target":["https:\/\/rohrpost.de\/de\/unternehmen\/historie\/"]}]},{"@type":"BreadcrumbList","@id":"https:\/\/rohrpost.de\/de\/unternehmen\/historie\/#breadcrumb","itemListElement":[{"@type":"ListItem","position":1,"name":"Startseite","item":"https:\/\/rohrpost.de\/de\/"},{"@type":"ListItem","position":2,"name":"Unternehmen","item":"https:\/\/rohrpost.de\/de\/unternehmen\/"},{"@type":"ListItem","position":3,"name":"Historie"}]},{"@type":"WebSite","@id":"https:\/\/rohrpost.de\/de\/#website","url":"https:\/\/rohrpost.de\/de\/","name":"H\u00f6rtig Rohrpost","description":"Hersteller von smarten Rohrpostsystemen","publisher":{"@id":"https:\/\/rohrpost.de\/de\/#organization"},"potentialAction":[{"@type":"SearchAction","target":{"@type":"EntryPoint","urlTemplate":"https:\/\/rohrpost.de\/de\/?s={search_term_string}"},"query-input":{"@type":"PropertyValueSpecification","valueRequired":true,"valueName":"search_term_string"}}],"inLanguage":"de"},{"@type":"Organization","@id":"https:\/\/rohrpost.de\/de\/#organization","name":"H\u00f6rtig Rohrpost GmbH","url":"https:\/\/rohrpost.de\/de\/","logo":{"@type":"ImageObject","inLanguage":"de","@id":"https:\/\/rohrpost.de\/de\/#\/schema\/logo\/image\/","url":"http:\/\/air-tube-systems.com\/wp-content\/uploads\/HR-Logo2017-RAL6018.jpg","contentUrl":"http:\/\/air-tube-systems.com\/wp-content\/uploads\/HR-Logo2017-RAL6018.jpg","width":10000,"height":2759,"caption":"H\u00f6rtig Rohrpost GmbH"},"image":{"@id":"https:\/\/rohrpost.de\/de\/#\/schema\/logo\/image\/"}}]}},"_links":{"self":[{"href":"https:\/\/rohrpost.de\/de\/wp-json\/wp\/v2\/pages\/2426","targetHints":{"allow":["GET"]}}],"collection":[{"href":"https:\/\/rohrpost.de\/de\/wp-json\/wp\/v2\/pages"}],"about":[{"href":"https:\/\/rohrpost.de\/de\/wp-json\/wp\/v2\/types\/page"}],"author":[{"embeddable":true,"href":"https:\/\/rohrpost.de\/de\/wp-json\/wp\/v2\/users\/6"}],"replies":[{"embeddable":true,"href":"https:\/\/rohrpost.de\/de\/wp-json\/wp\/v2\/comments?post=2426"}],"version-history":[{"count":4,"href":"https:\/\/rohrpost.de\/de\/wp-json\/wp\/v2\/pages\/2426\/revisions"}],"predecessor-version":[{"id":26788,"href":"https:\/\/rohrpost.de\/de\/wp-json\/wp\/v2\/pages\/2426\/revisions\/26788"}],"up":[{"embeddable":true,"href":"https:\/\/rohrpost.de\/de\/wp-json\/wp\/v2\/pages\/23"}],"wp:attachment":[{"href":"https:\/\/rohrpost.de\/de\/wp-json\/wp\/v2\/media?parent=2426"}],"curies":[{"name":"wp","href":"https:\/\/api.w.org\/{rel}","templated":true}]}}