{"id":24,"date":"2015-01-08T20:27:41","date_gmt":"2015-01-08T20:27:41","guid":{"rendered":"http:\/\/m8-academy.pulsar-media.de\/?page_id=24"},"modified":"2025-02-18T15:16:50","modified_gmt":"2025-02-18T15:16:50","slug":"forschung","status":"publish","type":"page","link":"https:\/\/rohrpost.de\/de\/unternehmen\/forschung\/","title":{"rendered":"Forschung"},"content":{"rendered":"<section class=\"l-section wpb_row height_medium\"><div class=\"l-section-h i-cf\"><div class=\"g-cols vc_row via_flex valign_top type_default stacking_default\"><div class=\"vc_col-sm-12 wpb_column vc_column_container\"><div class=\"vc_column-inner\"><div class=\"wpb_wrapper\"><div class=\"wpb_text_column\"><div class=\"wpb_wrapper\"><h1><strong>Interne Entwicklung<\/strong><\/h1>\n<\/div><\/div><div class=\"wpb_text_column\"><div class=\"wpb_wrapper\"><h2 style=\"text-align: center;\"><strong>Forschung und Entwicklung bei H\u00d6RTIG Rohrpost<\/strong><\/h2>\n<\/div><\/div><\/div><\/div><\/div><\/div><\/div><\/section><!-- Row Backgrounds --><div class=\"upb_bg_img\" data-ultimate-bg=\"url(https:\/\/rohrpost.de\/wp-content\/uploads\/IMG_20170728_082952-verdunkelt.jpg)\" data-image-id=\"id^1330|url^http:\/\/air-tube-systems.com\/wp-content\/uploads\/IMG_20170728_082952-verdunkelt.jpg|caption^dav|alt^null|title^dav|description^null\" data-ultimate-bg-style=\"vcpb-default\" data-bg-img-repeat=\"repeat\" data-bg-img-size=\"cover\" data-bg-img-position=\"\" data-parallx_sense=\"30\" data-bg-override=\"0\" data-bg_img_attach=\"scroll\" data-upb-overlay-color=\"\" data-upb-bg-animation=\"\" data-fadeout=\"\" data-bg-animation=\"left-animation\" data-bg-animation-type=\"h\" data-animation-repeat=\"repeat\" data-fadeout-percentage=\"30\" data-parallax-content=\"\" data-parallax-content-sense=\"30\" data-row-effect-mobile-disable=\"true\" data-img-parallax-mobile-disable=\"true\" data-rtl=\"false\"  data-custom-vc-row=\"\"  data-vc=\"8.7.2\"  data-is_old_vc=\"\"  data-theme-support=\"\"   data-overlay=\"false\" data-overlay-color=\"\" data-overlay-pattern=\"\" data-overlay-pattern-opacity=\"\" data-overlay-pattern-size=\"\"    ><\/div><section class=\"l-section wpb_row height_auto\"><div class=\"l-section-h i-cf\"><div class=\"g-cols vc_row via_flex valign_top type_default stacking_default\"><div class=\"vc_col-sm-8 wpb_column vc_column_container\"><div class=\"vc_column-inner\"><div class=\"wpb_wrapper\"><div class=\"wpb_text_column\"><div class=\"wpb_wrapper\"><h3 style=\"text-align: left;\">Vier F&amp;E-Abteilungen f\u00fcr exzellente Innovationskraft<\/h3>\n<p>Als einer der weltweit f\u00fchrenden Hersteller von Rohrpostanlagen sind wir bekannt f\u00fcr systematische Innovationen und die Weiterentwicklung bestehender Produkte. Wir haben ein leidenschaftliches Interesse an der Forschung und investieren in die technologische Fortentwicklung der Rohrpost mit unseren\u00a0<strong>vier internen F&amp;E-Abteilungen:<\/strong><\/p>\n<p><img loading=\"lazy\" decoding=\"async\" class=\"size-medium wp-image-1328 alignright\" src=\"http:\/\/air-tube-systems.com\/wp-content\/uploads\/Forschung_Rohrpost_Innovation_Top100-256x300.jpg\" alt=\"\" width=\"256\" height=\"300\" srcset=\"https:\/\/rohrpost.de\/wp-content\/uploads\/\/Forschung_Rohrpost_Innovation_Top100-256x300.jpg 256w, https:\/\/rohrpost.de\/wp-content\/uploads\/\/Forschung_Rohrpost_Innovation_Top100.jpg 300w\" sizes=\"auto, (max-width: 256px) 100vw, 256px\" \/><\/p>\n<ul>\n<li>Mechanical Development<\/li>\n<li>Electronical Circuit Development<\/li>\n<li>System Control Software<\/li>\n<li>System Visualization Software (Windows)<\/li>\n<\/ul>\n<p>Unsere Teams beobachten aktuelle technologische Entwicklungen, setzen selbst Impulse f\u00fcr neue Produkte und integrieren diese in unsere Rohrpostsysteme. So gew\u00e4hrleisten wir den <strong>Einsatz modernster Technologien<\/strong> und eine breite Produktpalette, deren intelligenten Systemkomponenten untereinander und mit anderen Systemen kommunizieren. Gleichzeitig stellt dies eine hohe Verf\u00fcgbarkeit aller elektronischen und mechanischen Systemkomponenten sicher &#8211; auch im 24-Stunden-Betrieb.<\/p>\n<p>Die Entwicklungsabteilung legt ihr spezielles Augenmerk darauf, neue Ideen und Produkte immer auch <strong>in bereits bestehende Systeme integrieren<\/strong> zu k\u00f6nnen. Kontinuit\u00e4t in der technologischen Weiterentwicklung \u2013 auch f\u00fcr bereits installierte Systeme \u2013 durch abw\u00e4rtskompatible Anpassung neuer elektronischer Baugruppen macht uns zu einem verl\u00e4sslichen Partner.<\/p>\n<p>Auf dieser Basis erlangt unser Unternehmen ein <strong>enormes Innovationspotential.<\/strong> Nicht umsonst wurde H\u00d6RTIG Rohrpost als eines der &#8222;TOP 100 mittelst\u00e4ndischen Unternehmen&#8220;\u00a0 Deutschlands ausgezeichnet.<\/p>\n<\/div><\/div><\/div><\/div><\/div><div class=\"vc_col-sm-4 wpb_column vc_column_container has_bg_color us_animate_afr\" style=\"animation-delay:1s\"><div class=\"vc_column-inner us_custom_17f42043\"><div class=\"wpb_wrapper\"><div class=\"wpb_text_column\"><div class=\"wpb_wrapper\"><h3>Meilensteine unserer F&amp;E<\/h3>\n<\/div><\/div><div class=\"w-tabs layout_hor style_trendy switch_click has_scrolling\" style=\"--sections-title-size:18px\"><div class=\"w-tabs-list items_9 align_none\"><div class=\"w-tabs-list-h\"><button class=\"w-tabs-item active\" aria-controls=\"content-x58b\" aria-expanded=\"false\"><span class=\"w-tabs-item-title\">Patent f\u00fcr H\u00fclsenbremse<\/span><\/button><button class=\"w-tabs-item\" aria-controls=\"content-r61e\" aria-expanded=\"false\"><span class=\"w-tabs-item-title\">Staatspreis f\u00fcr 3-fach Weiche<\/span><\/button><button class=\"w-tabs-item\" aria-controls=\"content-h6a9\" aria-expanded=\"false\"><span class=\"w-tabs-item-title\">Staatspreis f\u00fcr Tisch-Einbaustation<\/span><\/button><button class=\"w-tabs-item\" aria-controls=\"content-e730\" aria-expanded=\"false\"><span class=\"w-tabs-item-title\">Jumbo<\/span><\/button><button class=\"w-tabs-item\" aria-controls=\"content-x7b3\" aria-expanded=\"false\"><span class=\"w-tabs-item-title\">Weltweit erstes Fahrrohr mit einem Au\u00dfendurchmesser von 500 mm<\/span><\/button><button class=\"w-tabs-item\" aria-controls=\"content-r832\" aria-expanded=\"false\"><span class=\"w-tabs-item-title\">Patent f\u00fcr automatisches F\u00fcllsystem<\/span><\/button><button class=\"w-tabs-item\" aria-controls=\"content-m8b4\" aria-expanded=\"false\"><span class=\"w-tabs-item-title\">Gr\u00f6\u00dfter Rohrpostbeh\u00e4lter<\/span><\/button><button class=\"w-tabs-item\" aria-controls=\"content-i936\" aria-expanded=\"false\"><span class=\"w-tabs-item-title\">Neue Generation H61F<\/span><\/button><button class=\"w-tabs-item\" aria-controls=\"content-w9ae\" aria-expanded=\"false\"><span class=\"w-tabs-item-title\">Touchscreen<\/span><\/button><\/div><\/div><div class=\"w-tabs-sections titles-align_none icon_chevron cpos_right\"><div class=\"w-tabs-section active\" id=\"x58b\"><button class=\"w-tabs-section-header active\" aria-controls=\"content-x58b\" aria-expanded=\"true\"><div class=\"w-tabs-section-title\">Patent f\u00fcr H\u00fclsenbremse<\/div><div class=\"w-tabs-section-control\"><\/div><\/button><div  class=\"w-tabs-section-content\" id=\"content-x58b\"><div class=\"w-tabs-section-content-h i-cf\"><div class=\"wpb_text_column\"><div class=\"wpb_wrapper\"><p>Aufgrund der eigenen Entwicklungsabteilung kann die &#8222;H\u00d6RTIG H\u00fclsenbremse&#8220; f\u00fcr sanfte Ankunft der Transportbeh\u00e4lter zum Patent angemeldet werden.<\/p>\n<\/div><\/div><\/div><\/div><\/div><div class=\"w-tabs-section\" id=\"r61e\"><button class=\"w-tabs-section-header\" aria-controls=\"content-r61e\" aria-expanded=\"false\"><div class=\"w-tabs-section-title\">Staatspreis f\u00fcr 3-fach Weiche<\/div><div class=\"w-tabs-section-control\"><\/div><\/button><div  class=\"w-tabs-section-content\" id=\"content-r61e\"><div class=\"w-tabs-section-content-h i-cf\"><div class=\"wpb_text_column\"><div class=\"wpb_wrapper\"><p>Die &#8222;H\u00d6RTIG 3-fach Weiche&#8220; wird durch den Staatspreis der Regierung des Freistaates Bayern mit der Goldmedaille ausgezeichnet.<\/p>\n<\/div><\/div><\/div><\/div><\/div><div class=\"w-tabs-section\" id=\"h6a9\"><button class=\"w-tabs-section-header\" aria-controls=\"content-h6a9\" aria-expanded=\"false\"><div class=\"w-tabs-section-title\">Staatspreis f\u00fcr Tisch-Einbaustation<\/div><div class=\"w-tabs-section-control\"><\/div><\/button><div  class=\"w-tabs-section-content\" id=\"content-h6a9\"><div class=\"w-tabs-section-content-h i-cf\"><div class=\"wpb_text_column\"><div class=\"wpb_wrapper\"><p>Die &#8222;H\u00d6RTIG Tisch-Einbaustation&#8220; erh\u00e4lt die Goldmedaille des Staatspreises der Regierung des Freistaates Bayern.<\/p>\n<\/div><\/div><\/div><\/div><\/div><div class=\"w-tabs-section\" id=\"e730\"><button class=\"w-tabs-section-header\" aria-controls=\"content-e730\" aria-expanded=\"false\"><div class=\"w-tabs-section-title\">Jumbo<\/div><div class=\"w-tabs-section-control\"><\/div><\/button><div  class=\"w-tabs-section-content\" id=\"content-e730\"><div class=\"w-tabs-section-content-h i-cf\"><div class=\"wpb_text_column\"><div class=\"wpb_wrapper\"><p>Entwicklung des Rohrpostsystems <a href=\"http:\/\/air-tube-systems.com\/rohrpostsysteme\/rohrpost-spezialloesungen\/\">&#8222;JUMBO&#8220;<\/a>, welches bis zu 10 kg transportiert.<\/p>\n<\/div><\/div><\/div><\/div><\/div><div class=\"w-tabs-section\" id=\"x7b3\"><button class=\"w-tabs-section-header\" aria-controls=\"content-x7b3\" aria-expanded=\"false\"><div class=\"w-tabs-section-title\">Weltweit erstes Fahrrohr mit einem Au\u00dfendurchmesser von 500 mm<\/div><div class=\"w-tabs-section-control\"><\/div><\/button><div  class=\"w-tabs-section-content\" id=\"content-x7b3\"><div class=\"w-tabs-section-content-h i-cf\"><div class=\"wpb_text_column\"><div class=\"wpb_wrapper\"><p>Das weltweit erste Rohrf\u00f6rdersysstem <a href=\"http:\/\/air-tube-systems.com\/rohrpostsysteme\/rohrpost-spezialloesungen\/\">Cargo Plus<\/a> mit einem Fahrrohr-Durchmesser von 500 mm wurde von H\u00f6rtig entwickelt.<\/p>\n<\/div><\/div><\/div><\/div><\/div><div class=\"w-tabs-section\" id=\"r832\"><button class=\"w-tabs-section-header\" aria-controls=\"content-r832\" aria-expanded=\"false\"><div class=\"w-tabs-section-title\">Patent f\u00fcr automatisches F\u00fcllsystem<\/div><div class=\"w-tabs-section-control\"><\/div><\/button><div  class=\"w-tabs-section-content\" id=\"content-r832\"><div class=\"w-tabs-section-content-h i-cf\"><div class=\"wpb_text_column\"><div class=\"wpb_wrapper\"><p>Anmeldung des Patents f\u00fcr das automatische F\u00fcllsystem.<\/p>\n<\/div><\/div><\/div><\/div><\/div><div class=\"w-tabs-section\" id=\"m8b4\"><button class=\"w-tabs-section-header\" aria-controls=\"content-m8b4\" aria-expanded=\"false\"><div class=\"w-tabs-section-title\">Gr\u00f6\u00dfter Rohrpostbeh\u00e4lter<\/div><div class=\"w-tabs-section-control\"><\/div><\/button><div  class=\"w-tabs-section-content\" id=\"content-m8b4\"><div class=\"w-tabs-section-content-h i-cf\"><div class=\"wpb_text_column\"><div class=\"wpb_wrapper\"><p>Entwicklung des gr\u00f6\u00dften Rohrpostbeh\u00e4lters am Markt f\u00fcr Fahrrohr 160 mm mit 123 mm Innen-Durchmesser. Der f\u00fcr Bogenradius 800 mm geeignete Beh\u00e4lter ist aus unzerbrechlichem Werkstoff.<\/p>\n<\/div><\/div><\/div><\/div><\/div><div class=\"w-tabs-section\" id=\"i936\"><button class=\"w-tabs-section-header\" aria-controls=\"content-i936\" aria-expanded=\"false\"><div class=\"w-tabs-section-title\">Neue Generation H61F<\/div><div class=\"w-tabs-section-control\"><\/div><\/button><div  class=\"w-tabs-section-content\" id=\"content-i936\"><div class=\"w-tabs-section-content-h i-cf\"><div class=\"wpb_text_column\"><div class=\"wpb_wrapper\"><p>Launch der neuen Systemgeneration <a href=\"http:\/\/air-tube-systems.com\/rohrpostsysteme\/universalsystem-h61\/\">H61F &#8222;Technology&#8220;<\/a>.<\/p>\n<\/div><\/div><\/div><\/div><\/div><div class=\"w-tabs-section\" id=\"w9ae\"><button class=\"w-tabs-section-header\" aria-controls=\"content-w9ae\" aria-expanded=\"false\"><div class=\"w-tabs-section-title\">Touchscreen<\/div><div class=\"w-tabs-section-control\"><\/div><\/button><div  class=\"w-tabs-section-content\" id=\"content-w9ae\"><div class=\"w-tabs-section-content-h i-cf\"><div class=\"wpb_text_column\"><div class=\"wpb_wrapper\"><p>Bedienung von Stationen \u00fcber 10&#8220; Touchscreens<\/p>\n<\/div><\/div><\/div><\/div><\/div><\/div><\/div><\/div><\/div><\/div><\/div><\/div><\/section><section class=\"l-section wpb_row height_medium\"><div class=\"l-section-h i-cf\"><div class=\"g-cols vc_row via_flex valign_top type_default stacking_default\"><div class=\"vc_col-sm-12 wpb_column vc_column_container\"><div class=\"vc_column-inner\"><div class=\"wpb_wrapper\"><div class=\"wpb_text_column\"><div class=\"wpb_wrapper\"><h1>Universit\u00e4re Forschung<\/h1>\n<\/div><\/div><\/div><\/div><\/div><\/div><\/div><\/section><section class=\"l-section wpb_row height_auto\"><div class=\"l-section-h i-cf\"><div class=\"g-cols vc_row via_flex valign_top type_default stacking_default\"><div class=\"vc_col-sm-9 wpb_column vc_column_container\"><div class=\"vc_column-inner\"><div class=\"wpb_wrapper\"><div class=\"wpb_text_column\"><div class=\"wpb_wrapper\"><p>H\u00d6RTIG Rohrpost ist Mitglied im <strong>Verbundforschungsprojekt &#8222;Cargo Cap&#8220; der Ruhr-Universit\u00e4t Bochum<\/strong>. Dieses Projekt besch\u00e4ftigt sich mit dem St\u00fcckguttransport durch unterirdische Rohrleitungen und wird vom Wirtschaftsministerium in Nordrhein-Westfalen gef\u00f6rdert.<\/p>\n<p>Mittelfristig soll im Ruhrgebiet ein R\u00f6hrensystem mit einem Durchmesser von 1,60 Metern entstehen. Cargo Cap hat zum Ziel, den <strong>Warentransport per LKW von den verstopften Stra\u00dfen in den Untergrund zu verlegen.\u00a0<\/strong>Eine Verkn\u00fcpfung des Leistungsnetzes mit jedem privaten Haushalt, so die Vision des Entwicklungsteams, erm\u00f6glicht dann die direkte Anlieferung von im Internet bestellten Waren in jedes Haus.<\/p>\n<p>Das Projekt zeigt das Spektrum an\u00a0verschiedensten Einsatzm\u00f6glichkeiten\u00a0von Rohrpostsystemen, welche auch in Zukunft eine wichtige Rolle in der Logistik spielen werden.<\/p>\n<p>Mehr Informationen zum Projekt: <a href=\"http:\/\/www.cargocap.de\">www.cargocap.de<\/a><\/p>\n<\/div><\/div><\/div><\/div><\/div><div class=\"vc_col-sm-3 wpb_column vc_column_container\"><div class=\"vc_column-inner\"><div class=\"wpb_wrapper\"><div class=\"w-image align_none\"><div class=\"w-image-h\"><img decoding=\"async\" width=\"210\" height=\"300\" src=\"https:\/\/rohrpost.de\/wp-content\/uploads\/forschung-rohrpost-cargocap-210x300.jpg\" class=\"attachment-medium size-medium\" alt=\"Cargo Cap\" loading=\"lazy\" \/><\/div><\/div><div class=\"wpb_text_column\"><div class=\"wpb_wrapper\"><p><em>Quelle: www.cargocap.de<\/em><\/p>\n<\/div><\/div><\/div><\/div><\/div><\/div><\/div><\/section><section class=\"l-section wpb_row height_medium\"><div class=\"l-section-h i-cf\"><div class=\"g-cols vc_row via_flex valign_top type_default stacking_default\"><div class=\"vc_col-sm-12 wpb_column vc_column_container\"><div class=\"vc_column-inner\"><div class=\"wpb_wrapper\"><div class=\"w-separator size_small\"><\/div><\/div><\/div><\/div><\/div><\/div><\/section>\n","protected":false},"excerpt":{"rendered":"Interne Entwicklung Forschung und Entwicklung bei H\u00d6RTIG Rohrpost Vier F&amp;E-Abteilungen f\u00fcr exzellente Innovationskraft Als einer der weltweit f\u00fchrenden Hersteller von Rohrpostanlagen sind wir bekannt f\u00fcr systematische Innovationen und die Weiterentwicklung bestehender Produkte. Wir haben ein leidenschaftliches Interesse an der Forschung und investieren in die technologische Fortentwicklung der Rohrpost mit unseren\u00a0vier internen F&amp;E-Abteilungen: Mechanical Development Electronical...","protected":false},"author":1,"featured_media":0,"parent":23,"menu_order":7,"comment_status":"closed","ping_status":"closed","template":"","meta":{"footnotes":""},"class_list":["post-24","page","type-page","status-publish","hentry"],"yoast_head":"<!-- This site is optimized with the Yoast SEO plugin v27.2 - https:\/\/yoast.com\/product\/yoast-seo-wordpress\/ -->\n<title>Forschung und Entwicklung | H\u00f6rtig Rohrpost GmbH<\/title>\n<meta name=\"description\" content=\"Forschung und Entwicklung auf dem Gebiet der Rohrpostsysteme | Vier F&amp;E-Abteilungen | Rohrpost-Innovationen | Technologische Weiterentwicklung\" \/>\n<meta name=\"robots\" content=\"index, follow, max-snippet:-1, max-image-preview:large, max-video-preview:-1\" \/>\n<link rel=\"canonical\" href=\"https:\/\/rohrpost.de\/de\/unternehmen\/forschung\/\" \/>\n<meta property=\"og:locale\" content=\"de_DE\" \/>\n<meta property=\"og:type\" content=\"article\" \/>\n<meta property=\"og:title\" content=\"Forschung und Entwicklung | H\u00f6rtig Rohrpost GmbH\" \/>\n<meta property=\"og:description\" content=\"Forschung und Entwicklung auf dem Gebiet der Rohrpostsysteme | Vier F&amp;E-Abteilungen | Rohrpost-Innovationen | Technologische Weiterentwicklung\" \/>\n<meta property=\"og:url\" content=\"https:\/\/rohrpost.de\/de\/unternehmen\/forschung\/\" \/>\n<meta property=\"og:site_name\" content=\"H\u00f6rtig Rohrpost\" \/>\n<meta property=\"article:modified_time\" content=\"2025-02-18T15:16:50+00:00\" \/>\n<meta property=\"og:image\" content=\"http:\/\/air-tube-systems.com\/wp-content\/uploads\/Forschung_Rohrpost_Innovation_Top100-256x300.jpg\" \/>\n<meta name=\"twitter:card\" content=\"summary_large_image\" \/>\n<meta name=\"twitter:label1\" content=\"Gesch\u00e4tzte Lesezeit\" \/>\n\t<meta name=\"twitter:data1\" content=\"3\u00a0Minuten\" \/>\n<script type=\"application\/ld+json\" class=\"yoast-schema-graph\">{\"@context\":\"https:\/\/schema.org\",\"@graph\":[{\"@type\":\"WebPage\",\"@id\":\"https:\/\/rohrpost.de\/de\/unternehmen\/forschung\/\",\"url\":\"https:\/\/rohrpost.de\/de\/unternehmen\/forschung\/\",\"name\":\"Forschung und Entwicklung | H\u00f6rtig Rohrpost GmbH\",\"isPartOf\":{\"@id\":\"https:\/\/rohrpost.de\/de\/#website\"},\"primaryImageOfPage\":{\"@id\":\"https:\/\/rohrpost.de\/de\/unternehmen\/forschung\/#primaryimage\"},\"image\":{\"@id\":\"https:\/\/rohrpost.de\/de\/unternehmen\/forschung\/#primaryimage\"},\"thumbnailUrl\":\"http:\/\/air-tube-systems.com\/wp-content\/uploads\/Forschung_Rohrpost_Innovation_Top100-256x300.jpg\",\"datePublished\":\"2015-01-08T20:27:41+00:00\",\"dateModified\":\"2025-02-18T15:16:50+00:00\",\"description\":\"Forschung und Entwicklung auf dem Gebiet der Rohrpostsysteme | Vier F&E-Abteilungen | Rohrpost-Innovationen | Technologische Weiterentwicklung\",\"breadcrumb\":{\"@id\":\"https:\/\/rohrpost.de\/de\/unternehmen\/forschung\/#breadcrumb\"},\"inLanguage\":\"de\",\"potentialAction\":[{\"@type\":\"ReadAction\",\"target\":[\"https:\/\/rohrpost.de\/de\/unternehmen\/forschung\/\"]}]},{\"@type\":\"ImageObject\",\"inLanguage\":\"de\",\"@id\":\"https:\/\/rohrpost.de\/de\/unternehmen\/forschung\/#primaryimage\",\"url\":\"http:\/\/air-tube-systems.com\/wp-content\/uploads\/Forschung_Rohrpost_Innovation_Top100-256x300.jpg\",\"contentUrl\":\"http:\/\/air-tube-systems.com\/wp-content\/uploads\/Forschung_Rohrpost_Innovation_Top100-256x300.jpg\"},{\"@type\":\"BreadcrumbList\",\"@id\":\"https:\/\/rohrpost.de\/de\/unternehmen\/forschung\/#breadcrumb\",\"itemListElement\":[{\"@type\":\"ListItem\",\"position\":1,\"name\":\"Startseite\",\"item\":\"https:\/\/rohrpost.de\/de\/\"},{\"@type\":\"ListItem\",\"position\":2,\"name\":\"Unternehmen\",\"item\":\"https:\/\/rohrpost.de\/de\/unternehmen\/\"},{\"@type\":\"ListItem\",\"position\":3,\"name\":\"Forschung\"}]},{\"@type\":\"WebSite\",\"@id\":\"https:\/\/rohrpost.de\/de\/#website\",\"url\":\"https:\/\/rohrpost.de\/de\/\",\"name\":\"H\u00f6rtig Rohrpost\",\"description\":\"Hersteller von smarten Rohrpostsystemen\",\"publisher\":{\"@id\":\"https:\/\/rohrpost.de\/de\/#organization\"},\"potentialAction\":[{\"@type\":\"SearchAction\",\"target\":{\"@type\":\"EntryPoint\",\"urlTemplate\":\"https:\/\/rohrpost.de\/de\/?s={search_term_string}\"},\"query-input\":{\"@type\":\"PropertyValueSpecification\",\"valueRequired\":true,\"valueName\":\"search_term_string\"}}],\"inLanguage\":\"de\"},{\"@type\":\"Organization\",\"@id\":\"https:\/\/rohrpost.de\/de\/#organization\",\"name\":\"H\u00f6rtig Rohrpost GmbH\",\"url\":\"https:\/\/rohrpost.de\/de\/\",\"logo\":{\"@type\":\"ImageObject\",\"inLanguage\":\"de\",\"@id\":\"https:\/\/rohrpost.de\/de\/#\/schema\/logo\/image\/\",\"url\":\"http:\/\/air-tube-systems.com\/wp-content\/uploads\/HR-Logo2017-RAL6018.jpg\",\"contentUrl\":\"http:\/\/air-tube-systems.com\/wp-content\/uploads\/HR-Logo2017-RAL6018.jpg\",\"width\":10000,\"height\":2759,\"caption\":\"H\u00f6rtig Rohrpost GmbH\"},\"image\":{\"@id\":\"https:\/\/rohrpost.de\/de\/#\/schema\/logo\/image\/\"}}]}<\/script>\n<!-- \/ Yoast SEO plugin. -->","yoast_head_json":{"title":"Forschung und Entwicklung | H\u00f6rtig Rohrpost GmbH","description":"Forschung und Entwicklung auf dem Gebiet der Rohrpostsysteme | Vier F&E-Abteilungen | Rohrpost-Innovationen | Technologische Weiterentwicklung","robots":{"index":"index","follow":"follow","max-snippet":"max-snippet:-1","max-image-preview":"max-image-preview:large","max-video-preview":"max-video-preview:-1"},"canonical":"https:\/\/rohrpost.de\/de\/unternehmen\/forschung\/","og_locale":"de_DE","og_type":"article","og_title":"Forschung und Entwicklung | H\u00f6rtig Rohrpost GmbH","og_description":"Forschung und Entwicklung auf dem Gebiet der Rohrpostsysteme | Vier F&E-Abteilungen | Rohrpost-Innovationen | Technologische Weiterentwicklung","og_url":"https:\/\/rohrpost.de\/de\/unternehmen\/forschung\/","og_site_name":"H\u00f6rtig Rohrpost","article_modified_time":"2025-02-18T15:16:50+00:00","og_image":[{"url":"http:\/\/air-tube-systems.com\/wp-content\/uploads\/Forschung_Rohrpost_Innovation_Top100-256x300.jpg","type":"","width":"","height":""}],"twitter_card":"summary_large_image","twitter_misc":{"Gesch\u00e4tzte Lesezeit":"3\u00a0Minuten"},"schema":{"@context":"https:\/\/schema.org","@graph":[{"@type":"WebPage","@id":"https:\/\/rohrpost.de\/de\/unternehmen\/forschung\/","url":"https:\/\/rohrpost.de\/de\/unternehmen\/forschung\/","name":"Forschung und Entwicklung | H\u00f6rtig Rohrpost GmbH","isPartOf":{"@id":"https:\/\/rohrpost.de\/de\/#website"},"primaryImageOfPage":{"@id":"https:\/\/rohrpost.de\/de\/unternehmen\/forschung\/#primaryimage"},"image":{"@id":"https:\/\/rohrpost.de\/de\/unternehmen\/forschung\/#primaryimage"},"thumbnailUrl":"http:\/\/air-tube-systems.com\/wp-content\/uploads\/Forschung_Rohrpost_Innovation_Top100-256x300.jpg","datePublished":"2015-01-08T20:27:41+00:00","dateModified":"2025-02-18T15:16:50+00:00","description":"Forschung und Entwicklung auf dem Gebiet der Rohrpostsysteme | Vier F&E-Abteilungen | Rohrpost-Innovationen | Technologische Weiterentwicklung","breadcrumb":{"@id":"https:\/\/rohrpost.de\/de\/unternehmen\/forschung\/#breadcrumb"},"inLanguage":"de","potentialAction":[{"@type":"ReadAction","target":["https:\/\/rohrpost.de\/de\/unternehmen\/forschung\/"]}]},{"@type":"ImageObject","inLanguage":"de","@id":"https:\/\/rohrpost.de\/de\/unternehmen\/forschung\/#primaryimage","url":"http:\/\/air-tube-systems.com\/wp-content\/uploads\/Forschung_Rohrpost_Innovation_Top100-256x300.jpg","contentUrl":"http:\/\/air-tube-systems.com\/wp-content\/uploads\/Forschung_Rohrpost_Innovation_Top100-256x300.jpg"},{"@type":"BreadcrumbList","@id":"https:\/\/rohrpost.de\/de\/unternehmen\/forschung\/#breadcrumb","itemListElement":[{"@type":"ListItem","position":1,"name":"Startseite","item":"https:\/\/rohrpost.de\/de\/"},{"@type":"ListItem","position":2,"name":"Unternehmen","item":"https:\/\/rohrpost.de\/de\/unternehmen\/"},{"@type":"ListItem","position":3,"name":"Forschung"}]},{"@type":"WebSite","@id":"https:\/\/rohrpost.de\/de\/#website","url":"https:\/\/rohrpost.de\/de\/","name":"H\u00f6rtig Rohrpost","description":"Hersteller von smarten Rohrpostsystemen","publisher":{"@id":"https:\/\/rohrpost.de\/de\/#organization"},"potentialAction":[{"@type":"SearchAction","target":{"@type":"EntryPoint","urlTemplate":"https:\/\/rohrpost.de\/de\/?s={search_term_string}"},"query-input":{"@type":"PropertyValueSpecification","valueRequired":true,"valueName":"search_term_string"}}],"inLanguage":"de"},{"@type":"Organization","@id":"https:\/\/rohrpost.de\/de\/#organization","name":"H\u00f6rtig Rohrpost GmbH","url":"https:\/\/rohrpost.de\/de\/","logo":{"@type":"ImageObject","inLanguage":"de","@id":"https:\/\/rohrpost.de\/de\/#\/schema\/logo\/image\/","url":"http:\/\/air-tube-systems.com\/wp-content\/uploads\/HR-Logo2017-RAL6018.jpg","contentUrl":"http:\/\/air-tube-systems.com\/wp-content\/uploads\/HR-Logo2017-RAL6018.jpg","width":10000,"height":2759,"caption":"H\u00f6rtig Rohrpost GmbH"},"image":{"@id":"https:\/\/rohrpost.de\/de\/#\/schema\/logo\/image\/"}}]}},"_links":{"self":[{"href":"https:\/\/rohrpost.de\/de\/wp-json\/wp\/v2\/pages\/24","targetHints":{"allow":["GET"]}}],"collection":[{"href":"https:\/\/rohrpost.de\/de\/wp-json\/wp\/v2\/pages"}],"about":[{"href":"https:\/\/rohrpost.de\/de\/wp-json\/wp\/v2\/types\/page"}],"author":[{"embeddable":true,"href":"https:\/\/rohrpost.de\/de\/wp-json\/wp\/v2\/users\/1"}],"replies":[{"embeddable":true,"href":"https:\/\/rohrpost.de\/de\/wp-json\/wp\/v2\/comments?post=24"}],"version-history":[{"count":3,"href":"https:\/\/rohrpost.de\/de\/wp-json\/wp\/v2\/pages\/24\/revisions"}],"predecessor-version":[{"id":26806,"href":"https:\/\/rohrpost.de\/de\/wp-json\/wp\/v2\/pages\/24\/revisions\/26806"}],"up":[{"embeddable":true,"href":"https:\/\/rohrpost.de\/de\/wp-json\/wp\/v2\/pages\/23"}],"wp:attachment":[{"href":"https:\/\/rohrpost.de\/de\/wp-json\/wp\/v2\/media?parent=24"}],"curies":[{"name":"wp","href":"https:\/\/api.w.org\/{rel}","templated":true}]}}