{"id":2024,"date":"2017-10-16T12:58:07","date_gmt":"2017-10-16T12:58:07","guid":{"rendered":"http:\/\/rohrpost.pulsar-media.de\/?page_id=2024"},"modified":"2025-02-20T14:33:24","modified_gmt":"2025-02-20T14:33:24","slug":"produktion","status":"publish","type":"page","link":"https:\/\/rohrpost.de\/de\/anwendungen\/produktion\/","title":{"rendered":"Produktion"},"content":{"rendered":"<section class=\"l-section wpb_row height_medium\"><div class=\"l-section-h i-cf\"><div class=\"g-cols vc_row via_flex valign_top type_default stacking_default\"><div class=\"vc_col-sm-12 wpb_column vc_column_container\"><div class=\"vc_column-inner\"><div class=\"wpb_wrapper\"><div class=\"wpb_text_column\"><div class=\"wpb_wrapper\"><h1><strong>Rohrpost Produktion<\/strong><\/h1>\n<h2 style=\"text-align: center;\"><strong>Platzsparende Intralogistik in produzierenden Bereichen<\/strong><\/h2>\n<\/div><\/div><\/div><\/div><\/div><\/div><\/div><\/section><section class=\"l-section wpb_row height_medium\"><div class=\"l-section-h i-cf\"><div class=\"g-cols vc_row via_flex valign_top type_default stacking_default\"><div class=\"vc_col-sm-8 wpb_column vc_column_container\"><div class=\"vc_column-inner\"><div class=\"wpb_wrapper\"><div class=\"wpb_text_column\"><div class=\"wpb_wrapper\"><p style=\"text-align: left;\">Produktionsbetriebe setzen Rohrpostsysteme aufgrund ihrer <a href=\"http:\/\/air-tube-systems.com\/warum-rohrpost\/\">zahlreichen Vorteile<\/a> auf vielf\u00e4ltige Weise ein. Rohrpostlinien k\u00f6nnen in der Herstellung unter anderem\u00a0<strong>Flie\u00dfb\u00e4nder und Produktionsroboter begleiten.<\/strong> Sie stellen jederzeit und just-in-time<\/p>\n<ul>\n<li>Messger\u00e4te<\/li>\n<li>Werkzeuge<\/li>\n<li>Ersatzteile<\/li>\n<li>Werkst\u00fccke<\/li>\n<li>und andere Produktionsmaterialien<\/li>\n<\/ul>\n<p style=\"text-align: left;\">zum gew\u00fcnschten Zeitpunkt an Ort und Stelle bereit.<\/p>\n<p style=\"text-align: left;\">Die Rohrpost schafft im Industriebetrieb eine <strong>Verbindung zwischen Zentrallager und Fertigung.<\/strong> Dadurch ist es beispielsweise m\u00f6glich, Schl\u00fcsselsets bei Autoherstellern zentral zu bevorraten und sie den Fertigungslinien zu unterschiedlichen Zeitpunkten zur Verf\u00fcgung zu stellen. Andere Transportg\u00fcter sind zum Beispiel Lieferscheine, Schrauben, Bohrer oder Fr\u00e4ser. Unsere <a href=\"http:\/\/air-tube-systems.com\/rohrpostsysteme\/rohrpost-spezialloesungen\/\">Speziall\u00f6sungen<\/a>\u00a0k\u00f6nnen Objekte mit einem Gewicht von bis zu 50 kg und einem Durchmesser von bis zu 500 mm f\u00f6rdern.<\/p>\n<p style=\"text-align: left;\">Wir ber\u00fccksichtigen die<strong> speziellen Umfeldbedingungen in der produzierenden Industrie<\/strong>\u00a0bei der Konzeption jeder Anlage. Dank geschlossenem Transportsystem ist die Rohrpost auch f\u00fcr den Einsatz in staubiger Umgebung geeignet. Hitzebest\u00e4ndige Rohre k\u00f6nnen bei hei\u00dfen Umfeldtemperaturen, wie beispielsweise in der N\u00e4he von Hoch\u00f6fen, verwendet werden.<\/p>\n<p style=\"text-align: left;\">Der Einsatz von Rohrpostsystemen in Industrieunternehmen reduziert die Produktionskosten und f\u00fchrt zu mehr <strong>Effizienz im Produktionsprozess<\/strong>.<\/p>\n<\/div><\/div><div class=\"wpb_text_column\"><div class=\"wpb_wrapper\"><p style=\"text-align: left;\">Im produzierenden Gewerbe kann die Rohrpost auch zum Versand von verschiedenartigen Proben genutzt werden. Mehr Informationen dazu finden Sie unter\u00a0<a href=\"http:\/\/air-tube-systems.com\/anwendungen\/industrielabor\/\">Industrielabor<\/a>.<\/p>\n<\/div><\/div><\/div><\/div><\/div><div class=\"vc_col-sm-4 wpb_column vc_column_container\"><div class=\"vc_column-inner\"><div class=\"wpb_wrapper\"><div class=\"w-image style_shadow-1 align_none\"><div class=\"w-image-h\"><img decoding=\"async\" width=\"225\" height=\"300\" src=\"https:\/\/rohrpost.de\/wp-content\/uploads\/Rohrpost-Produktion-225x300.jpg\" class=\"attachment-medium size-medium\" alt=\"Transport von Werkzeug in der Produktion\" loading=\"lazy\" \/><\/div><\/div><div class=\"w-image style_shadow-1 align_none\"><div class=\"w-image-h\"><img decoding=\"async\" width=\"300\" height=\"200\" src=\"https:\/\/rohrpost.de\/wp-content\/uploads\/Produktion-Rohrpostsystem-300x200.jpg\" class=\"attachment-medium size-medium\" alt=\"Nutzung der Rohrpost in der Produktion\" loading=\"lazy\" srcset=\"https:\/\/rohrpost.de\/wp-content\/uploads\/\/Produktion-Rohrpostsystem.jpg 300w, https:\/\/rohrpost.de\/wp-content\/uploads\/\/Produktion-Rohrpostsystem-272x182.jpg 272w\" sizes=\"auto, (max-width: 300px) 100vw, 300px\" \/><\/div><\/div><\/div><\/div><\/div><\/div><\/div><\/section><section class=\"l-section wpb_row height_medium\"><div class=\"l-section-h i-cf\"><div class=\"g-cols vc_row via_flex valign_middle type_default stacking_default\"><div class=\"vc_col-sm-8 wpb_column vc_column_container\"><div class=\"vc_column-inner\"><div class=\"wpb_wrapper\"><div class=\"wpb_text_column\"><div class=\"wpb_wrapper\"><h2>Case Study Rohrpost in der Produktion<\/h2>\n<\/div><\/div><div class=\"wpb_text_column\"><div class=\"wpb_wrapper\"><p>Lernen Sie mehr \u00fcber die Nutzung von Rohrpostsystemen in produzierenden Unternehmen. Die Case Study zeigt den Einsatz eines Rohrpostsystems bei einem unserer Kunden, der Kraftfahrzeuge herstellt.<\/p>\n<\/div><\/div><\/div><\/div><\/div><div class=\"vc_col-sm-4 wpb_column vc_column_container\"><div class=\"vc_column-inner\"><div class=\"wpb_wrapper\"><div class=\"w-image align_left\"><a target=\" _blank\" rel=\"nofollow\" href=\"https:\/\/rohrpost.de\/wp-content\/uploads\/Use-Case-Automobilhersteller.pdf\" aria-label=\"Case Study Produktion\" class=\"w-image-h\"><img decoding=\"async\" width=\"142\" height=\"203\" src=\"https:\/\/rohrpost.de\/wp-content\/uploads\/Case-Study-Produktion.jpg\" class=\"attachment-large size-large\" alt=\"Produktion Rohrpost\" loading=\"lazy\" \/><\/a><\/div><\/div><\/div><\/div><\/div><\/div><\/section><!-- Row Backgrounds --><div class=\"upb_color\" data-bg-override=\"0\" data-bg-color=\"#f3f3f3\" data-fadeout=\"\" data-fadeout-percentage=\"30\" data-parallax-content=\"\" data-parallax-content-sense=\"30\" data-row-effect-mobile-disable=\"true\" data-img-parallax-mobile-disable=\"true\" data-rtl=\"false\"  data-custom-vc-row=\"\"  data-vc=\"8.7.2\"  data-is_old_vc=\"\"  data-theme-support=\"\"   data-overlay=\"false\" data-overlay-color=\"\" data-overlay-pattern=\"\" data-overlay-pattern-opacity=\"\" data-overlay-pattern-size=\"\"    ><\/div><section class=\"l-section wpb_row height_small\"><div class=\"l-section-h i-cf\"><div class=\"g-cols vc_row via_flex valign_top type_default stacking_default\"><div class=\"vc_col-sm-12 wpb_column vc_column_container\"><div class=\"vc_column-inner\"><div class=\"wpb_wrapper\"><div class=\"wpb_text_column\"><div class=\"wpb_wrapper\"><h2><strong>In der Produktion werden h\u00e4ufig folgende Systeme verwendet:<\/strong><\/h2>\n<\/div><\/div><\/div><\/div><\/div><\/div><\/div><\/section><section class=\"l-section wpb_row height_auto\"><div class=\"l-section-h i-cf\"><div class=\"g-cols vc_row via_flex valign_top type_default stacking_default\"><div class=\"vc_col-sm-4 wpb_column vc_column_container\"><div class=\"vc_column-inner\"><div class=\"wpb_wrapper\"><div class=\"w-actionbox color_primary controls_bottom\"><div class=\"w-actionbox-text\"><h3 class=\"w-actionbox-title\">H21<\/h3><div class=\"w-actionbox-description\"><p>2-Punkt-Anlage f\u00fcr einfache Verbindungen, zum Beispiel zwischen B\u00fcro und Lager<\/p>\n<\/div><\/div><div class=\"w-actionbox-controls\"><a class=\"w-btn us-btn-style_5\" href=\"https:\/\/www.rohrpost.de\/rohrpostsysteme\/punkt-zu-punkt-h21\/\"><span class=\"w-btn-label\">Mehr erfahren<\/span><\/a><\/div><\/div><\/div><\/div><\/div><div class=\"vc_col-sm-4 wpb_column vc_column_container\"><div class=\"vc_column-inner\"><div class=\"wpb_wrapper\"><div class=\"w-actionbox color_primary controls_bottom\"><div class=\"w-actionbox-text\"><h3 class=\"w-actionbox-title\">H61<\/h3><div class=\"w-actionbox-description\"><p>Computergesteuertes System f\u00fcr alle Bereiche des innerbetrieblichen Transports<\/p>\n<\/div><\/div><div class=\"w-actionbox-controls\"><a class=\"w-btn us-btn-style_5\" href=\"https:\/\/www.rohrpost.de\/rohrpostsysteme\/universalsystem-h61\/\"><span class=\"w-btn-label\">Mehr erfahren<\/span><\/a><\/div><\/div><\/div><\/div><\/div><div class=\"vc_col-sm-4 wpb_column vc_column_container\"><div class=\"vc_column-inner\"><div class=\"wpb_wrapper\"><div class=\"w-actionbox color_light controls_bottom\"><div class=\"w-actionbox-text\"><h3 class=\"w-actionbox-title\">Speziall\u00f6sungen<\/h3><div class=\"w-actionbox-description\"><p>Logistikl\u00f6sungen f\u00fcr besonders schwere und\/oder gro\u00dfe G\u00fcter, f\u00fcr Sch\u00fcttgut oder hei\u00dfe Schlacke<\/p>\n<\/div><\/div><div class=\"w-actionbox-controls\"><a class=\"w-btn us-btn-style_1\" href=\"https:\/\/www.rohrpost.de\/rohrpostsysteme\/rohrpost-spezialloesungen\/\"><span class=\"w-btn-label\">Mehr erfahren<\/span><\/a><\/div><\/div><\/div><\/div><\/div><\/div><\/div><\/section><section class=\"l-section wpb_row height_medium\"><div class=\"l-section-h i-cf\"><div class=\"g-cols vc_row via_flex valign_top type_default stacking_default\"><div class=\"vc_col-sm-12 wpb_column vc_column_container\"><div class=\"vc_column-inner\"><div class=\"wpb_wrapper\"><div class=\"w-separator size_medium\"><\/div><div class=\"wpb_text_column\"><div class=\"wpb_wrapper\"><h2><strong>Eine Auswahl der Produktionsbetriebe, die unsere Anlagen einsetzen<\/strong><\/h2>\n<\/div><\/div><\/div><\/div><\/div><\/div><\/div><\/section><section class=\"l-section wpb_row height_auto\"><div class=\"l-section-h i-cf\"><div class=\"g-cols vc_row via_flex valign_middle type_default stacking_default\"><div class=\"vc_col-sm-1\/5 wpb_column vc_column_container\"><div class=\"vc_column-inner\"><div class=\"wpb_wrapper\">[vc_raw_html]JTNDYSUyMGhyZWYlM0QlMjJodHRwcyUzQSUyRiUyRnd3dy5nb2xkc3RlaWcuZGUlMkYlMjIlM0UlM0NpbWclMjBzcmMlM0QlMjJodHRwcyUzQSUyRiUyRnJvaHJwb3N0LmRlJTJGd3AtY29udGVudCUyRnVwbG9hZHMlMkZSZWZlcmVuei1Hb2xkc3RlaWctUm9ocnBvc3QucG5nJTIyJTIwYWx0JTNEJTIyUmVmZXJlbnotR29sZHN0ZWlnLVJvaHJwb3N0JTIyJTIwJTJGJTNFJTNDJTJGYSUzRQ==[\/vc_raw_html]<\/div><\/div><\/div><div class=\"vc_col-sm-1\/5 wpb_column vc_column_container\"><div class=\"vc_column-inner\"><div class=\"wpb_wrapper\">[vc_raw_html]JTNDYSUyMGhyZWYlM0QlMjJodHRwcyUzQSUyRiUyRnd3dy5rYWVzZXIuZGUlMkYlMjIlM0UlM0NpbWclMjBzcmMlM0QlMjJodHRwcyUzQSUyRiUyRnJvaHJwb3N0LmRlJTJGd3AtY29udGVudCUyRnVwbG9hZHMlMkZSZWZlcmVuei1LYWVzZXItUm9ocnBvc3QucG5nJTIyJTIwYWx0JTNEJTIyUmVmZXJlbnota2Flc2VyLWtvbXByZXNzb3JlbiUyMiUyMCUyRiUzRSUzQyUyRmElM0U=[\/vc_raw_html]<\/div><\/div><\/div><div class=\"vc_col-sm-1\/5 wpb_column vc_column_container\"><div class=\"vc_column-inner\"><div class=\"wpb_wrapper\">[vc_raw_html]JTNDYSUyMGhyZWYlM0QlMjJodHRwcyUzQSUyRiUyRnd3dy5jbGFyaWFudC5jb20lMkZkZSUyRkNvcnBvcmF0ZSUyMiUzRSUzQ2ltZyUyMHNyYyUzRCUyMmh0dHBzJTNBJTJGJTJGcm9ocnBvc3QuZGUlMkZ3cC1jb250ZW50JTJGdXBsb2FkcyUyRkNsYXJpYW50LVJvaHJwb3N0LVJlZmVyZW56LmpwZyUyMiUyMGFsdCUzRCUyMlJlZmVyZW56LWNsYXJpYW50JTIyJTIwJTJGJTNFJTNDJTJGYSUzRQ==[\/vc_raw_html]<\/div><\/div><\/div><div class=\"vc_col-sm-1\/5 wpb_column vc_column_container\"><div class=\"vc_column-inner\"><div class=\"wpb_wrapper\">[vc_raw_html]JTNDYSUyMGhyZWYlM0QlMjJodHRwcyUzQSUyRiUyRnd3dy5zY2hsYWVnZXIuY29tJTJGJTIyJTNFJTNDaW1nJTIwc3JjJTNEJTIyaHR0cHMlM0ElMkYlMkZyb2hycG9zdC5kZSUyRndwLWNvbnRlbnQlMkZ1cGxvYWRzJTJGUmVmZXJlbnotU2NobGFlZ2VyLVJvaHJvcHN0LmpwZyUyMiUyMGFsdCUzRCUyMlJlZmVyZW56LXNjaGxhZWdlciUyMiUyMCUyRiUzRSUzQyUyRmElM0U=[\/vc_raw_html]<\/div><\/div><\/div><div class=\"vc_col-sm-1\/5 wpb_column vc_column_container\"><div class=\"vc_column-inner\"><div class=\"wpb_wrapper\">[vc_raw_html]JTNDYSUyMGhyZWYlM0QlMjJodHRwcyUzQSUyRiUyRnd3dy5rdXJ6LmRlJTJGJTIyJTNFJTNDaW1nJTIwc3JjJTNEJTIyaHR0cHMlM0ElMkYlMkZyb2hycG9zdC5kZSUyRndwLWNvbnRlbnQlMkZ1cGxvYWRzJTJGUmVmZXJlbnotS3Vyei1Sb2hycG9zdC5qcGclMjIlMjBhbHQlM0QlMjJSZWZlcmVuei1rdXJ6JTIyJTIwJTJGJTNFJTNDJTJGYSUzRQ==[\/vc_raw_html]<\/div><\/div><\/div><\/div><\/div><\/section><section class=\"l-section wpb_row height_medium\"><div class=\"l-section-h i-cf\"><div class=\"g-cols vc_row via_flex valign_top type_default stacking_default\"><div class=\"vc_col-sm-12 wpb_column vc_column_container\"><div class=\"vc_column-inner\"><div class=\"wpb_wrapper\"><div class=\"w-actionbox color_light controls_bottom\"><div class=\"w-actionbox-text\"><h2 class=\"w-actionbox-title\">Sie interessieren sich f\u00fcr den Einsatz von Rohrpost in Ihrer Produktion?<\/h2><\/div><div class=\"w-actionbox-controls\"><a class=\"w-btn us-btn-style_1\" style=\"font-size:15px\" href=\"mailto:j.basten@rohrpost.de\"><span class=\"w-btn-label\">Jetzt kontaktieren<\/span><\/a><\/div><\/div><\/div><\/div><\/div><\/div><\/div><\/section>\n","protected":false},"excerpt":{"rendered":"Rohrpost Produktion Platzsparende Intralogistik in produzierenden Bereichen Produktionsbetriebe setzen Rohrpostsysteme aufgrund ihrer zahlreichen Vorteile auf vielf\u00e4ltige Weise ein. Rohrpostlinien k\u00f6nnen in der Herstellung unter anderem\u00a0Flie\u00dfb\u00e4nder und Produktionsroboter begleiten. Sie stellen jederzeit und just-in-time Messger\u00e4te Werkzeuge Ersatzteile Werkst\u00fccke und andere Produktionsmaterialien zum gew\u00fcnschten Zeitpunkt an Ort und Stelle bereit. Die Rohrpost schafft im Industriebetrieb eine Verbindung...","protected":false},"author":6,"featured_media":0,"parent":20,"menu_order":0,"comment_status":"closed","ping_status":"closed","template":"","meta":{"footnotes":""},"class_list":["post-2024","page","type-page","status-publish","hentry"],"yoast_head":"<!-- This site is optimized with the Yoast SEO plugin v27.2 - https:\/\/yoast.com\/product\/yoast-seo-wordpress\/ -->\n<title>Rohrpost in Produktion und Industrie | Effiziente Intralogistik<\/title>\n<meta name=\"description\" content=\"Anwendungsm\u00f6glichkeiten von Rohrpost in der Produktion \u2013 Effiziente Intralogistik bei produzierenden Unternehmen\" \/>\n<meta name=\"robots\" content=\"index, follow, max-snippet:-1, max-image-preview:large, max-video-preview:-1\" \/>\n<link rel=\"canonical\" href=\"https:\/\/rohrpost.de\/de\/anwendungen\/produktion\/\" \/>\n<meta property=\"og:locale\" content=\"de_DE\" \/>\n<meta property=\"og:type\" content=\"article\" \/>\n<meta property=\"og:title\" content=\"Rohrpost in Produktion und Industrie | Effiziente Intralogistik\" \/>\n<meta property=\"og:description\" content=\"Anwendungsm\u00f6glichkeiten von Rohrpost in der Produktion \u2013 Effiziente Intralogistik bei produzierenden Unternehmen\" \/>\n<meta property=\"og:url\" content=\"https:\/\/rohrpost.de\/de\/anwendungen\/produktion\/\" \/>\n<meta property=\"og:site_name\" content=\"H\u00f6rtig Rohrpost\" \/>\n<meta property=\"article:modified_time\" content=\"2025-02-20T14:33:24+00:00\" \/>\n<meta property=\"og:image\" content=\"https:\/\/rohrpost.de\/wp-content\/uploads\/HR-Logo2017-RAL6018.jpg\" \/>\n\t<meta property=\"og:image:width\" content=\"10000\" \/>\n\t<meta property=\"og:image:height\" content=\"2759\" \/>\n\t<meta property=\"og:image:type\" content=\"image\/jpeg\" \/>\n<meta name=\"twitter:card\" content=\"summary_large_image\" \/>\n<meta name=\"twitter:label1\" content=\"Gesch\u00e4tzte Lesezeit\" \/>\n\t<meta name=\"twitter:data1\" content=\"3\u00a0Minuten\" \/>\n<script type=\"application\/ld+json\" class=\"yoast-schema-graph\">{\"@context\":\"https:\/\/schema.org\",\"@graph\":[{\"@type\":\"WebPage\",\"@id\":\"https:\/\/rohrpost.de\/de\/anwendungen\/produktion\/\",\"url\":\"https:\/\/rohrpost.de\/de\/anwendungen\/produktion\/\",\"name\":\"Rohrpost in Produktion und Industrie | Effiziente Intralogistik\",\"isPartOf\":{\"@id\":\"https:\/\/rohrpost.de\/de\/#website\"},\"datePublished\":\"2017-10-16T12:58:07+00:00\",\"dateModified\":\"2025-02-20T14:33:24+00:00\",\"description\":\"Anwendungsm\u00f6glichkeiten von Rohrpost in der Produktion \u2013 Effiziente Intralogistik bei produzierenden Unternehmen\",\"breadcrumb\":{\"@id\":\"https:\/\/rohrpost.de\/de\/anwendungen\/produktion\/#breadcrumb\"},\"inLanguage\":\"de\",\"potentialAction\":[{\"@type\":\"ReadAction\",\"target\":[\"https:\/\/rohrpost.de\/de\/anwendungen\/produktion\/\"]}]},{\"@type\":\"BreadcrumbList\",\"@id\":\"https:\/\/rohrpost.de\/de\/anwendungen\/produktion\/#breadcrumb\",\"itemListElement\":[{\"@type\":\"ListItem\",\"position\":1,\"name\":\"Startseite\",\"item\":\"https:\/\/rohrpost.de\/de\/\"},{\"@type\":\"ListItem\",\"position\":2,\"name\":\"Anwendungen\",\"item\":\"https:\/\/rohrpost.de\/de\/anwendungen\/\"},{\"@type\":\"ListItem\",\"position\":3,\"name\":\"Produktion\"}]},{\"@type\":\"WebSite\",\"@id\":\"https:\/\/rohrpost.de\/de\/#website\",\"url\":\"https:\/\/rohrpost.de\/de\/\",\"name\":\"H\u00f6rtig Rohrpost\",\"description\":\"Hersteller von smarten Rohrpostsystemen\",\"publisher\":{\"@id\":\"https:\/\/rohrpost.de\/de\/#organization\"},\"potentialAction\":[{\"@type\":\"SearchAction\",\"target\":{\"@type\":\"EntryPoint\",\"urlTemplate\":\"https:\/\/rohrpost.de\/de\/?s={search_term_string}\"},\"query-input\":{\"@type\":\"PropertyValueSpecification\",\"valueRequired\":true,\"valueName\":\"search_term_string\"}}],\"inLanguage\":\"de\"},{\"@type\":\"Organization\",\"@id\":\"https:\/\/rohrpost.de\/de\/#organization\",\"name\":\"H\u00f6rtig Rohrpost GmbH\",\"url\":\"https:\/\/rohrpost.de\/de\/\",\"logo\":{\"@type\":\"ImageObject\",\"inLanguage\":\"de\",\"@id\":\"https:\/\/rohrpost.de\/de\/#\/schema\/logo\/image\/\",\"url\":\"http:\/\/air-tube-systems.com\/wp-content\/uploads\/HR-Logo2017-RAL6018.jpg\",\"contentUrl\":\"http:\/\/air-tube-systems.com\/wp-content\/uploads\/HR-Logo2017-RAL6018.jpg\",\"width\":10000,\"height\":2759,\"caption\":\"H\u00f6rtig Rohrpost GmbH\"},\"image\":{\"@id\":\"https:\/\/rohrpost.de\/de\/#\/schema\/logo\/image\/\"}}]}<\/script>\n<!-- \/ Yoast SEO plugin. -->","yoast_head_json":{"title":"Rohrpost in Produktion und Industrie | Effiziente Intralogistik","description":"Anwendungsm\u00f6glichkeiten von Rohrpost in der Produktion \u2013 Effiziente Intralogistik bei produzierenden Unternehmen","robots":{"index":"index","follow":"follow","max-snippet":"max-snippet:-1","max-image-preview":"max-image-preview:large","max-video-preview":"max-video-preview:-1"},"canonical":"https:\/\/rohrpost.de\/de\/anwendungen\/produktion\/","og_locale":"de_DE","og_type":"article","og_title":"Rohrpost in Produktion und Industrie | Effiziente Intralogistik","og_description":"Anwendungsm\u00f6glichkeiten von Rohrpost in der Produktion \u2013 Effiziente Intralogistik bei produzierenden Unternehmen","og_url":"https:\/\/rohrpost.de\/de\/anwendungen\/produktion\/","og_site_name":"H\u00f6rtig Rohrpost","article_modified_time":"2025-02-20T14:33:24+00:00","og_image":[{"width":10000,"height":2759,"url":"https:\/\/rohrpost.de\/wp-content\/uploads\/HR-Logo2017-RAL6018.jpg","type":"image\/jpeg"}],"twitter_card":"summary_large_image","twitter_misc":{"Gesch\u00e4tzte Lesezeit":"3\u00a0Minuten"},"schema":{"@context":"https:\/\/schema.org","@graph":[{"@type":"WebPage","@id":"https:\/\/rohrpost.de\/de\/anwendungen\/produktion\/","url":"https:\/\/rohrpost.de\/de\/anwendungen\/produktion\/","name":"Rohrpost in Produktion und Industrie | Effiziente Intralogistik","isPartOf":{"@id":"https:\/\/rohrpost.de\/de\/#website"},"datePublished":"2017-10-16T12:58:07+00:00","dateModified":"2025-02-20T14:33:24+00:00","description":"Anwendungsm\u00f6glichkeiten von Rohrpost in der Produktion \u2013 Effiziente Intralogistik bei produzierenden Unternehmen","breadcrumb":{"@id":"https:\/\/rohrpost.de\/de\/anwendungen\/produktion\/#breadcrumb"},"inLanguage":"de","potentialAction":[{"@type":"ReadAction","target":["https:\/\/rohrpost.de\/de\/anwendungen\/produktion\/"]}]},{"@type":"BreadcrumbList","@id":"https:\/\/rohrpost.de\/de\/anwendungen\/produktion\/#breadcrumb","itemListElement":[{"@type":"ListItem","position":1,"name":"Startseite","item":"https:\/\/rohrpost.de\/de\/"},{"@type":"ListItem","position":2,"name":"Anwendungen","item":"https:\/\/rohrpost.de\/de\/anwendungen\/"},{"@type":"ListItem","position":3,"name":"Produktion"}]},{"@type":"WebSite","@id":"https:\/\/rohrpost.de\/de\/#website","url":"https:\/\/rohrpost.de\/de\/","name":"H\u00f6rtig Rohrpost","description":"Hersteller von smarten Rohrpostsystemen","publisher":{"@id":"https:\/\/rohrpost.de\/de\/#organization"},"potentialAction":[{"@type":"SearchAction","target":{"@type":"EntryPoint","urlTemplate":"https:\/\/rohrpost.de\/de\/?s={search_term_string}"},"query-input":{"@type":"PropertyValueSpecification","valueRequired":true,"valueName":"search_term_string"}}],"inLanguage":"de"},{"@type":"Organization","@id":"https:\/\/rohrpost.de\/de\/#organization","name":"H\u00f6rtig Rohrpost GmbH","url":"https:\/\/rohrpost.de\/de\/","logo":{"@type":"ImageObject","inLanguage":"de","@id":"https:\/\/rohrpost.de\/de\/#\/schema\/logo\/image\/","url":"http:\/\/air-tube-systems.com\/wp-content\/uploads\/HR-Logo2017-RAL6018.jpg","contentUrl":"http:\/\/air-tube-systems.com\/wp-content\/uploads\/HR-Logo2017-RAL6018.jpg","width":10000,"height":2759,"caption":"H\u00f6rtig Rohrpost GmbH"},"image":{"@id":"https:\/\/rohrpost.de\/de\/#\/schema\/logo\/image\/"}}]}},"_links":{"self":[{"href":"https:\/\/rohrpost.de\/de\/wp-json\/wp\/v2\/pages\/2024","targetHints":{"allow":["GET"]}}],"collection":[{"href":"https:\/\/rohrpost.de\/de\/wp-json\/wp\/v2\/pages"}],"about":[{"href":"https:\/\/rohrpost.de\/de\/wp-json\/wp\/v2\/types\/page"}],"author":[{"embeddable":true,"href":"https:\/\/rohrpost.de\/de\/wp-json\/wp\/v2\/users\/6"}],"replies":[{"embeddable":true,"href":"https:\/\/rohrpost.de\/de\/wp-json\/wp\/v2\/comments?post=2024"}],"version-history":[{"count":3,"href":"https:\/\/rohrpost.de\/de\/wp-json\/wp\/v2\/pages\/2024\/revisions"}],"predecessor-version":[{"id":26883,"href":"https:\/\/rohrpost.de\/de\/wp-json\/wp\/v2\/pages\/2024\/revisions\/26883"}],"up":[{"embeddable":true,"href":"https:\/\/rohrpost.de\/de\/wp-json\/wp\/v2\/pages\/20"}],"wp:attachment":[{"href":"https:\/\/rohrpost.de\/de\/wp-json\/wp\/v2\/media?parent=2024"}],"curies":[{"name":"wp","href":"https:\/\/api.w.org\/{rel}","templated":true}]}}