{"id":2019,"date":"2017-10-16T12:29:53","date_gmt":"2017-10-16T12:29:53","guid":{"rendered":"http:\/\/rohrpost.pulsar-media.de\/?page_id=2019"},"modified":"2025-02-20T17:16:09","modified_gmt":"2025-02-20T17:16:09","slug":"geldtransport-h36","status":"publish","type":"page","link":"https:\/\/rohrpost.de\/de\/rohrpostsysteme\/geldtransport-h36\/","title":{"rendered":"Geldtransport H36"},"content":{"rendered":"<section class=\"l-section wpb_row height_medium\"><div class=\"l-section-h i-cf\"><div class=\"g-cols vc_row via_flex valign_top type_default stacking_default\"><div class=\"vc_col-sm-12 wpb_column vc_column_container\"><div class=\"vc_column-inner\"><div class=\"wpb_wrapper\"><div class=\"wpb_text_column\"><div class=\"wpb_wrapper\"><h1><strong>Geldtransportsystem H36<\/strong><\/h1>\n<h2 style=\"text-align: center;\"><strong>Besonders schnell und sicher<\/strong><\/h2>\n<\/div><\/div><\/div><\/div><\/div><\/div><\/div><\/section><section class=\"l-section wpb_row height_small\"><div class=\"l-section-h i-cf\"><div class=\"g-cols vc_row via_flex valign_top type_default stacking_default\"><div class=\"vc_col-sm-12 wpb_column vc_column_container\"><div class=\"vc_column-inner\"><div class=\"wpb_wrapper\"><div class=\"w-separator size_custom\" style=\"height:32px\"><\/div><div class=\"g-cols wpb_row via_flex valign_middle type_default stacking_default\"><div class=\"vc_col-sm-6 wpb_column vc_column_container\"><div class=\"vc_column-inner\"><div class=\"wpb_wrapper\"><div class=\"wpb_text_column\"><div class=\"wpb_wrapper\"><p>Das System H36 wurde speziell f\u00fcr den <a href=\"http:\/\/air-tube-systems.com\/anwendungen\/bargeld-logistik\/\">Transport von Geld in verschiedenen Anwendungsf\u00e4llen<\/a> entwickelt. Mit diesem System ist das R\u00fccksenden leerer Beh\u00e4lter oder das <strong>R\u00fccksenden<\/strong> von Wechselgeld<strong> aufgrund von Sicherheitsgr\u00fcnden nicht m\u00f6glich.<\/strong><\/p>\n<p>Eine, oder mehrere Kassen senden Transportbeh\u00e4lter zu einer zentralen Stelle, an der das Bargeld aufbewahrt wird \u2013 zum Beispiel das B\u00fcro oder der Tresor. Sobald der letzte Beh\u00e4lter diese Stelle erreicht hat, k\u00f6nnen die Kassen erneut versenden. Das H36 erm\u00f6glicht eine <strong>sehr hohe Sendefrequenz.<\/strong><\/p>\n<p><strong>Bis zu 50 Stationen<\/strong> in verschiedenen Typen k\u00f6nnen miteinander verbunden werden. Die Rohrleitungen sind je nach Situation \u00fcber, unter oder horizontal zu den Kassen installiert.<\/p>\n<\/div><\/div><\/div><\/div><\/div><div class=\"vc_col-sm-6 wpb_column vc_column_container\"><div class=\"vc_column-inner\"><div class=\"wpb_wrapper\"><div class=\"w-image align_center\"><div class=\"w-image-h\"><img decoding=\"async\" width=\"1024\" height=\"284\" src=\"https:\/\/rohrpost.de\/wp-content\/uploads\/Rohrpostanlage-H36-Kasse-1024x284.png\" class=\"attachment-large size-large\" alt=\"Schema einer Rohrpostanlage an einer Kasse\" loading=\"lazy\" srcset=\"https:\/\/rohrpost.de\/wp-content\/uploads\/\/Rohrpostanlage-H36-Kasse-1024x284.png 1024w, https:\/\/rohrpost.de\/wp-content\/uploads\/\/Rohrpostanlage-H36-Kasse-300x83.png 300w, https:\/\/rohrpost.de\/wp-content\/uploads\/\/Rohrpostanlage-H36-Kasse-768x213.png 768w, https:\/\/rohrpost.de\/wp-content\/uploads\/\/Rohrpostanlage-H36-Kasse.png 1459w\" sizes=\"auto, (max-width: 1024px) 100vw, 1024px\" \/><\/div><\/div><div class=\"wpb_text_column\"><div class=\"wpb_wrapper\"><p style=\"text-align: center;\"><em>Beispielschema eines H36-Systems<\/em><\/p>\n<\/div><\/div><\/div><\/div><\/div><\/div><\/div><\/div><\/div><\/div><\/div><\/section><!-- Row Backgrounds --><div class=\"upb_color\" data-bg-override=\"0\" data-bg-color=\"#f3f3f3\" data-fadeout=\"\" data-fadeout-percentage=\"30\" data-parallax-content=\"\" data-parallax-content-sense=\"30\" data-row-effect-mobile-disable=\"true\" data-img-parallax-mobile-disable=\"true\" data-rtl=\"false\"  data-custom-vc-row=\"\"  data-vc=\"8.7.2\"  data-is_old_vc=\"\"  data-theme-support=\"\"   data-overlay=\"false\" data-overlay-color=\"\" data-overlay-pattern=\"\" data-overlay-pattern-opacity=\"\" data-overlay-pattern-size=\"\"    ><\/div><section class=\"l-section wpb_row height_medium\"><div class=\"l-section-h i-cf\"><div class=\"g-cols vc_row via_flex valign_middle type_default stacking_default\"><div class=\"vc_col-sm-4 wpb_column vc_column_container\"><div class=\"vc_column-inner us_custom_0cc03805\"><div class=\"wpb_wrapper\"><div class=\"w-slider style_none fit_scaledown nav_none count_2\"><div class=\"w-slider-h\" aria-hidden=\"true\"><div class=\"royalSlider\"><div class=\"rsContent\"><a class=\"rsImg\" data-rsw=\"350\" data-rsh=\"467\" href=\"https:\/\/rohrpost.de\/wp-content\/uploads\/Kassensendestation-Geld-Rohrpostsystem-H36.jpg\"><span data-alt=\"Kassensendestation Geld System H36\"><\/span><\/a><div class=\"rsABlock\" data-fadeEffect=\"false\" data-moveEffect=\"none\"><div class=\"w-slider-item-title\">Kassensendestation<\/div><\/div><\/div><div class=\"rsContent\"><a class=\"rsImg\" data-rsw=\"350\" data-rsh=\"467\" href=\"https:\/\/rohrpost.de\/wp-content\/uploads\/Tresorstation-Geld-Rohrpostsystem-H36.jpg\"><span data-alt=\"Rohrpostsystem Geld H36\"><\/span><\/a><div class=\"rsABlock\" data-fadeEffect=\"false\" data-moveEffect=\"none\"><div class=\"w-slider-item-title\">Tresorstation<\/div><\/div><\/div><\/div><img decoding=\"async\" src=\"https:\/\/rohrpost.de\/wp-content\/uploads\/Kassensendestation-Geld-Rohrpostsystem-H36.jpg\" width=\"350\" height=\"467\" alt=\"Kassensendestation Geld System H36\" loading=\"lazy\"><\/div><div class=\"w-slider-json\" onclick='return {&quot;autoScaleSlider&quot;:true,&quot;addActiveClass&quot;:true,&quot;loop&quot;:true,&quot;fadeInLoadedSlide&quot;:false,&quot;slidesSpacing&quot;:0,&quot;imageScalePadding&quot;:0,&quot;numImagesToPreload&quot;:2,&quot;arrowsNav&quot;:true,&quot;arrowsNavAutoHide&quot;:false,&quot;transitionType&quot;:&quot;move&quot;,&quot;transitionSpeed&quot;:250,&quot;block&quot;:{&quot;moveEffect&quot;:&quot;none&quot;,&quot;speed&quot;:300},&quot;thumbs&quot;:{&quot;fitInViewport&quot;:false,&quot;firstMargin&quot;:false,&quot;spacing&quot;:4},&quot;controlNavigation&quot;:&quot;none&quot;,&quot;autoScaleSliderWidth&quot;:350,&quot;autoScaleSliderHeight&quot;:467}'><\/div><\/div><\/div><\/div><\/div><div class=\"vc_col-sm-8 wpb_column vc_column_container\"><div class=\"vc_column-inner us_custom_3376c7e2\"><div class=\"wpb_wrapper\"><div class=\"wpb_text_column\"><div class=\"wpb_wrapper\"><h2>Stationsformen f\u00fcr das Geldtransportsystem H36<\/h2>\n<p><strong>F\u00fcr das Geldtransportsystem H36 k\u00f6nnen Sie aus folgenden Stationen w\u00e4hlen:<\/strong><\/p>\n<ul>\n<li>Kassen-Sendestation mit unterschiedlichen Montagem\u00f6glichkeiten\n<ul>\n<li>Tischeinbau mit waagrechter oder senkrechter Sendem\u00f6glichkeit<\/li>\n<li>Wandmontage<\/li>\n<li>Bodenmontage<\/li>\n<\/ul>\n<\/li>\n<li>Empfangsapparat<\/li>\n<li>Empfangsstation direkt im Tresor<\/li>\n<li>Verschlie\u00dfbare Empfangsstation<\/li>\n<\/ul>\n<\/div><\/div><\/div><\/div><\/div><\/div><\/div><\/section><section class=\"l-section wpb_row height_medium\"><div class=\"l-section-h i-cf\"><div class=\"g-cols vc_row via_flex valign_top type_default stacking_default\"><div class=\"vc_col-sm-4 wpb_column vc_column_container\"><div class=\"vc_column-inner\"><div class=\"wpb_wrapper\"><div class=\"wpb_text_column\"><div class=\"wpb_wrapper\"><h2>Case Study Pariser Kaufhaus<\/h2>\n<\/div><\/div><div class=\"wpb_text_column\"><div class=\"wpb_wrapper\"><p>Erfahren Sie wie ein ber\u00fchmtes Pariser Kaufhaus Rohrpost nutzt, um Geld zu transportieren.<\/p>\n<\/div><\/div><div class=\"wpb_text_column\"><div class=\"wpb_wrapper\"><p><a href=\"http:\/\/air-tube-systems.com\/wp-content\/uploads\/DE_Use-Case_Warenhaus.pdf\" target=\"_new\">&gt;&gt; Download Case Study Warenhaus<\/a><\/p>\n<\/div><\/div><\/div><\/div><\/div><div class=\"vc_col-sm-4 wpb_column vc_column_container\"><div class=\"vc_column-inner\"><div class=\"wpb_wrapper\"><div class=\"wpb_text_column\"><div class=\"wpb_wrapper\"><h2>Bargeld-Beh\u00e4lter<\/h2>\n<\/div><\/div><div class=\"wpb_text_column\"><div class=\"wpb_wrapper\"><p><a href=\"http:\/\/air-tube-systems.com\/rohrpostsysteme\/rohrpost-transportbehaelter\/\">Beh\u00e4lter<\/a>, die f\u00fcr den Versand von Bargeld optimiert sind.<\/p>\n<\/div><\/div><div class=\"w-image align_none\"><div class=\"w-image-h\"><img decoding=\"async\" width=\"349\" height=\"242\" src=\"https:\/\/rohrpost.de\/wp-content\/uploads\/geldtransport-h36-behaelter.jpg\" class=\"attachment-large size-large\" alt=\"behaelter f\u00fcr geldsystem h36\" loading=\"lazy\" srcset=\"https:\/\/rohrpost.de\/wp-content\/uploads\/\/geldtransport-h36-behaelter.jpg 349w, https:\/\/rohrpost.de\/wp-content\/uploads\/\/geldtransport-h36-behaelter-300x208.jpg 300w\" sizes=\"auto, (max-width: 349px) 100vw, 349px\" \/><\/div><\/div><\/div><\/div><\/div><div class=\"vc_col-sm-4 wpb_column vc_column_container\"><div class=\"vc_column-inner\"><div class=\"wpb_wrapper\"><div class=\"wpb_text_column\"><div class=\"wpb_wrapper\"><h2>Einsatz des Geldsystems H36<\/h2>\n<\/div><\/div><div class=\"wpb_text_column\"><div class=\"wpb_wrapper\"><p>Sie interessieren sich daf\u00fcr, wo der Bargeldtransport mittels Rohrpost eingesetzt wird? Dann werfen Sie einen Blick auf die Anwendungsm\u00f6glichkeiten des H36.<\/p>\n<\/div><\/div><div class=\"w-btn-wrapper align_none\"><a class=\"w-btn us-btn-style_1 icon_atleft\" href=\"#\"><i class=\"fas fa-arrow-right\"><\/i><span class=\"w-btn-label\">Anwendungen des H36<\/span><\/a><\/div><\/div><\/div><\/div><\/div><\/div><\/section><!-- Row Backgrounds --><div class=\"upb_color\" data-bg-override=\"0\" data-bg-color=\"#f3f3f3\" data-fadeout=\"\" data-fadeout-percentage=\"30\" data-parallax-content=\"\" data-parallax-content-sense=\"30\" data-row-effect-mobile-disable=\"true\" data-img-parallax-mobile-disable=\"true\" data-rtl=\"false\"  data-custom-vc-row=\"\"  data-vc=\"8.7.2\"  data-is_old_vc=\"\"  data-theme-support=\"\"   data-overlay=\"false\" data-overlay-color=\"\" data-overlay-pattern=\"\" data-overlay-pattern-opacity=\"\" data-overlay-pattern-size=\"\"    ><\/div><section class=\"l-section wpb_row height_medium width_full\"><div class=\"l-section-h i-cf\"><div class=\"g-cols vc_row via_flex valign_top type_default stacking_default\"><div class=\"vc_col-sm-12 wpb_column vc_column_container\"><div class=\"vc_column-inner\"><div class=\"wpb_wrapper\"><div class=\"w-actionbox us_custom_4fb9e5a3 color_light controls_bottom\"><div class=\"w-actionbox-text\"><h2 class=\"w-actionbox-title\">Sie haben eine Frage oder interessieren sich f\u00fcr das H36?<\/h2><\/div><div class=\"w-actionbox-controls\"><a class=\"w-btn us-btn-style_1 icon_atleft\" href=\"https:\/\/www.rohrpost.de\/unternehmen\/kontakt\/\"><i class=\"fas fa-envelope\"><\/i><span class=\"w-btn-label\">Jetzt kontaktieren<\/span><\/a><\/div><\/div><\/div><\/div><\/div><\/div><\/div><\/section>\n","protected":false},"excerpt":{"rendered":"Geldtransportsystem H36 Besonders schnell und sicher Das System H36 wurde speziell f\u00fcr den Transport von Geld in verschiedenen Anwendungsf\u00e4llen entwickelt. Mit diesem System ist das R\u00fccksenden leerer Beh\u00e4lter oder das R\u00fccksenden von Wechselgeld aufgrund von Sicherheitsgr\u00fcnden nicht m\u00f6glich. Eine, oder mehrere Kassen senden Transportbeh\u00e4lter zu einer zentralen Stelle, an der das Bargeld aufbewahrt wird \u2013...","protected":false},"author":6,"featured_media":0,"parent":1738,"menu_order":0,"comment_status":"closed","ping_status":"closed","template":"","meta":{"footnotes":""},"class_list":["post-2019","page","type-page","status-publish","hentry"],"yoast_head":"<!-- This site is optimized with the Yoast SEO plugin v27.2 - https:\/\/yoast.com\/product\/yoast-seo-wordpress\/ -->\n<title>Geldtransportsystem H36 | H\u00f6rtig Rohrpost GmbH<\/title>\n<meta name=\"description\" content=\"Rohrpostsystem speziell f\u00fcr den Transport von Bargeld \u2013 Einwegetransport mit hoher Sendefrequenz \u2013 Informieren Sie sich \u00fcber das H36!\" \/>\n<meta name=\"robots\" content=\"index, follow, max-snippet:-1, max-image-preview:large, max-video-preview:-1\" \/>\n<link rel=\"canonical\" href=\"https:\/\/rohrpost.de\/de\/rohrpostsysteme\/geldtransport-h36\/\" \/>\n<meta property=\"og:locale\" content=\"de_DE\" \/>\n<meta property=\"og:type\" content=\"article\" \/>\n<meta property=\"og:title\" content=\"Geldtransportsystem H36 | H\u00f6rtig Rohrpost GmbH\" \/>\n<meta property=\"og:description\" content=\"Rohrpostsystem speziell f\u00fcr den Transport von Bargeld \u2013 Einwegetransport mit hoher Sendefrequenz \u2013 Informieren Sie sich \u00fcber das H36!\" \/>\n<meta property=\"og:url\" content=\"https:\/\/rohrpost.de\/de\/rohrpostsysteme\/geldtransport-h36\/\" \/>\n<meta property=\"og:site_name\" content=\"H\u00f6rtig Rohrpost\" \/>\n<meta property=\"article:modified_time\" content=\"2025-02-20T17:16:09+00:00\" \/>\n<meta property=\"og:image\" content=\"https:\/\/rohrpost.de\/wp-content\/uploads\/HR-Logo2017-RAL6018.jpg\" \/>\n\t<meta property=\"og:image:width\" content=\"10000\" \/>\n\t<meta property=\"og:image:height\" content=\"2759\" \/>\n\t<meta property=\"og:image:type\" content=\"image\/jpeg\" \/>\n<meta name=\"twitter:card\" content=\"summary_large_image\" \/>\n<meta name=\"twitter:label1\" content=\"Gesch\u00e4tzte Lesezeit\" \/>\n\t<meta name=\"twitter:data1\" content=\"2\u00a0Minuten\" \/>\n<script type=\"application\/ld+json\" class=\"yoast-schema-graph\">{\"@context\":\"https:\/\/schema.org\",\"@graph\":[{\"@type\":\"WebPage\",\"@id\":\"https:\/\/rohrpost.de\/de\/rohrpostsysteme\/geldtransport-h36\/\",\"url\":\"https:\/\/rohrpost.de\/de\/rohrpostsysteme\/geldtransport-h36\/\",\"name\":\"Geldtransportsystem H36 | H\u00f6rtig Rohrpost GmbH\",\"isPartOf\":{\"@id\":\"https:\/\/rohrpost.de\/de\/#website\"},\"datePublished\":\"2017-10-16T12:29:53+00:00\",\"dateModified\":\"2025-02-20T17:16:09+00:00\",\"description\":\"Rohrpostsystem speziell f\u00fcr den Transport von Bargeld \u2013 Einwegetransport mit hoher Sendefrequenz \u2013 Informieren Sie sich \u00fcber das H36!\",\"breadcrumb\":{\"@id\":\"https:\/\/rohrpost.de\/de\/rohrpostsysteme\/geldtransport-h36\/#breadcrumb\"},\"inLanguage\":\"de\",\"potentialAction\":[{\"@type\":\"ReadAction\",\"target\":[\"https:\/\/rohrpost.de\/de\/rohrpostsysteme\/geldtransport-h36\/\"]}]},{\"@type\":\"BreadcrumbList\",\"@id\":\"https:\/\/rohrpost.de\/de\/rohrpostsysteme\/geldtransport-h36\/#breadcrumb\",\"itemListElement\":[{\"@type\":\"ListItem\",\"position\":1,\"name\":\"Startseite\",\"item\":\"https:\/\/rohrpost.de\/de\/\"},{\"@type\":\"ListItem\",\"position\":2,\"name\":\"Rohrpostsysteme\",\"item\":\"https:\/\/rohrpost.de\/de\/rohrpostsysteme\/\"},{\"@type\":\"ListItem\",\"position\":3,\"name\":\"Geldtransport H36\"}]},{\"@type\":\"WebSite\",\"@id\":\"https:\/\/rohrpost.de\/de\/#website\",\"url\":\"https:\/\/rohrpost.de\/de\/\",\"name\":\"H\u00f6rtig Rohrpost\",\"description\":\"Hersteller von smarten Rohrpostsystemen\",\"publisher\":{\"@id\":\"https:\/\/rohrpost.de\/de\/#organization\"},\"potentialAction\":[{\"@type\":\"SearchAction\",\"target\":{\"@type\":\"EntryPoint\",\"urlTemplate\":\"https:\/\/rohrpost.de\/de\/?s={search_term_string}\"},\"query-input\":{\"@type\":\"PropertyValueSpecification\",\"valueRequired\":true,\"valueName\":\"search_term_string\"}}],\"inLanguage\":\"de\"},{\"@type\":\"Organization\",\"@id\":\"https:\/\/rohrpost.de\/de\/#organization\",\"name\":\"H\u00f6rtig Rohrpost GmbH\",\"url\":\"https:\/\/rohrpost.de\/de\/\",\"logo\":{\"@type\":\"ImageObject\",\"inLanguage\":\"de\",\"@id\":\"https:\/\/rohrpost.de\/de\/#\/schema\/logo\/image\/\",\"url\":\"http:\/\/air-tube-systems.com\/wp-content\/uploads\/HR-Logo2017-RAL6018.jpg\",\"contentUrl\":\"http:\/\/air-tube-systems.com\/wp-content\/uploads\/HR-Logo2017-RAL6018.jpg\",\"width\":10000,\"height\":2759,\"caption\":\"H\u00f6rtig Rohrpost GmbH\"},\"image\":{\"@id\":\"https:\/\/rohrpost.de\/de\/#\/schema\/logo\/image\/\"}}]}<\/script>\n<!-- \/ Yoast SEO plugin. -->","yoast_head_json":{"title":"Geldtransportsystem H36 | H\u00f6rtig Rohrpost GmbH","description":"Rohrpostsystem speziell f\u00fcr den Transport von Bargeld \u2013 Einwegetransport mit hoher Sendefrequenz \u2013 Informieren Sie sich \u00fcber das H36!","robots":{"index":"index","follow":"follow","max-snippet":"max-snippet:-1","max-image-preview":"max-image-preview:large","max-video-preview":"max-video-preview:-1"},"canonical":"https:\/\/rohrpost.de\/de\/rohrpostsysteme\/geldtransport-h36\/","og_locale":"de_DE","og_type":"article","og_title":"Geldtransportsystem H36 | H\u00f6rtig Rohrpost GmbH","og_description":"Rohrpostsystem speziell f\u00fcr den Transport von Bargeld \u2013 Einwegetransport mit hoher Sendefrequenz \u2013 Informieren Sie sich \u00fcber das H36!","og_url":"https:\/\/rohrpost.de\/de\/rohrpostsysteme\/geldtransport-h36\/","og_site_name":"H\u00f6rtig Rohrpost","article_modified_time":"2025-02-20T17:16:09+00:00","og_image":[{"width":10000,"height":2759,"url":"https:\/\/rohrpost.de\/wp-content\/uploads\/HR-Logo2017-RAL6018.jpg","type":"image\/jpeg"}],"twitter_card":"summary_large_image","twitter_misc":{"Gesch\u00e4tzte Lesezeit":"2\u00a0Minuten"},"schema":{"@context":"https:\/\/schema.org","@graph":[{"@type":"WebPage","@id":"https:\/\/rohrpost.de\/de\/rohrpostsysteme\/geldtransport-h36\/","url":"https:\/\/rohrpost.de\/de\/rohrpostsysteme\/geldtransport-h36\/","name":"Geldtransportsystem H36 | H\u00f6rtig Rohrpost GmbH","isPartOf":{"@id":"https:\/\/rohrpost.de\/de\/#website"},"datePublished":"2017-10-16T12:29:53+00:00","dateModified":"2025-02-20T17:16:09+00:00","description":"Rohrpostsystem speziell f\u00fcr den Transport von Bargeld \u2013 Einwegetransport mit hoher Sendefrequenz \u2013 Informieren Sie sich \u00fcber das H36!","breadcrumb":{"@id":"https:\/\/rohrpost.de\/de\/rohrpostsysteme\/geldtransport-h36\/#breadcrumb"},"inLanguage":"de","potentialAction":[{"@type":"ReadAction","target":["https:\/\/rohrpost.de\/de\/rohrpostsysteme\/geldtransport-h36\/"]}]},{"@type":"BreadcrumbList","@id":"https:\/\/rohrpost.de\/de\/rohrpostsysteme\/geldtransport-h36\/#breadcrumb","itemListElement":[{"@type":"ListItem","position":1,"name":"Startseite","item":"https:\/\/rohrpost.de\/de\/"},{"@type":"ListItem","position":2,"name":"Rohrpostsysteme","item":"https:\/\/rohrpost.de\/de\/rohrpostsysteme\/"},{"@type":"ListItem","position":3,"name":"Geldtransport H36"}]},{"@type":"WebSite","@id":"https:\/\/rohrpost.de\/de\/#website","url":"https:\/\/rohrpost.de\/de\/","name":"H\u00f6rtig Rohrpost","description":"Hersteller von smarten Rohrpostsystemen","publisher":{"@id":"https:\/\/rohrpost.de\/de\/#organization"},"potentialAction":[{"@type":"SearchAction","target":{"@type":"EntryPoint","urlTemplate":"https:\/\/rohrpost.de\/de\/?s={search_term_string}"},"query-input":{"@type":"PropertyValueSpecification","valueRequired":true,"valueName":"search_term_string"}}],"inLanguage":"de"},{"@type":"Organization","@id":"https:\/\/rohrpost.de\/de\/#organization","name":"H\u00f6rtig Rohrpost GmbH","url":"https:\/\/rohrpost.de\/de\/","logo":{"@type":"ImageObject","inLanguage":"de","@id":"https:\/\/rohrpost.de\/de\/#\/schema\/logo\/image\/","url":"http:\/\/air-tube-systems.com\/wp-content\/uploads\/HR-Logo2017-RAL6018.jpg","contentUrl":"http:\/\/air-tube-systems.com\/wp-content\/uploads\/HR-Logo2017-RAL6018.jpg","width":10000,"height":2759,"caption":"H\u00f6rtig Rohrpost GmbH"},"image":{"@id":"https:\/\/rohrpost.de\/de\/#\/schema\/logo\/image\/"}}]}},"_links":{"self":[{"href":"https:\/\/rohrpost.de\/de\/wp-json\/wp\/v2\/pages\/2019","targetHints":{"allow":["GET"]}}],"collection":[{"href":"https:\/\/rohrpost.de\/de\/wp-json\/wp\/v2\/pages"}],"about":[{"href":"https:\/\/rohrpost.de\/de\/wp-json\/wp\/v2\/types\/page"}],"author":[{"embeddable":true,"href":"https:\/\/rohrpost.de\/de\/wp-json\/wp\/v2\/users\/6"}],"replies":[{"embeddable":true,"href":"https:\/\/rohrpost.de\/de\/wp-json\/wp\/v2\/comments?post=2019"}],"version-history":[{"count":1,"href":"https:\/\/rohrpost.de\/de\/wp-json\/wp\/v2\/pages\/2019\/revisions"}],"predecessor-version":[{"id":26930,"href":"https:\/\/rohrpost.de\/de\/wp-json\/wp\/v2\/pages\/2019\/revisions\/26930"}],"up":[{"embeddable":true,"href":"https:\/\/rohrpost.de\/de\/wp-json\/wp\/v2\/pages\/1738"}],"wp:attachment":[{"href":"https:\/\/rohrpost.de\/de\/wp-json\/wp\/v2\/media?parent=2019"}],"curies":[{"name":"wp","href":"https:\/\/api.w.org\/{rel}","templated":true}]}}