{"id":20,"date":"2015-01-08T20:26:51","date_gmt":"2015-01-08T20:26:51","guid":{"rendered":"http:\/\/m8-academy.pulsar-media.de\/?page_id=20"},"modified":"2023-08-02T14:12:51","modified_gmt":"2023-08-02T14:12:51","slug":"anwendungen","status":"publish","type":"page","link":"https:\/\/rohrpost.de\/de\/anwendungen\/","title":{"rendered":"Anwendungen"},"content":{"rendered":"<section class=\"l-section wpb_row height_medium\"><div class=\"l-section-h i-cf\"><div class=\"g-cols vc_row via_flex valign_top type_default stacking_default\"><div class=\"vc_col-sm-12 wpb_column vc_column_container\"><div class=\"vc_column-inner\"><div class=\"wpb_wrapper\"><div class=\"wpb_text_column\"><div class=\"wpb_wrapper\"><h1>Wo Rohrpost eingesetzt werden kann<\/h1>\n<p>Die <strong>Einsatzm\u00f6glichkeiten der Rohrpost<\/strong> haben mit den technologischen Anforderungen Schritt gehalten und sich weiterentwickelt. Anfangs wurden sie tats\u00e4chlich als R\u00f6hrenpost in gro\u00dfen St\u00e4dten zum Briefversand genutzt. Heutige Verwendungen sind weit ausdifferenziert und nutzerorientiert. Rohrpostsysteme werden \u00fcberall dort eingesetzt, wo In-house Logistik eine zuverl\u00e4ssige interne Transportkommunikation zur \u00dcberbr\u00fcckung gr\u00f6\u00dferer Entfernungen fordert.<\/p>\n<p style=\"text-align: justify;\">Vom Krankenhaus bis zum Einzelhandel \u2013 unsere modernen Anlagen k\u00f6nnen in den verschiedensten Branchen eingesetzt werden. Jede Branche hat ihre eigenen <strong>Besonderheiten und Anforderungen,<\/strong> welche in der Konzipierung der Systeme ber\u00fccksichtigt werden m\u00fcssen. Wir haben die n\u00f6tige Branchenkompetenz und jahrzehntelange Erfahrung, um die besonderen <strong>Merkmale Ihrer Anforderungen<\/strong> bei der Entwicklung unserer Anlagen einbeziehen k\u00f6nnen. Ob Krankenhaus, Supermarkt, Apotheke, Autohersteller oder Industrielabor.<\/p>\n<\/div><\/div><\/div><\/div><\/div><\/div><\/div><\/section><section class=\"l-section wpb_row height_auto\"><div class=\"l-section-h i-cf\"><div class=\"g-cols vc_row via_flex valign_top type_default stacking_default\"><div class=\"vc_col-sm-12 wpb_column vc_column_container\"><div class=\"vc_column-inner\"><div class=\"wpb_wrapper\"><div class=\"wpb_text_column\"><div class=\"wpb_wrapper\"><h2><span style=\"font-size: 20pt;\">Informieren Sie sich \u00fcber die Anwendung von Rohrpost in Ihrer Branche<\/span><\/h2>\n<\/div><\/div><\/div><\/div><\/div><\/div><\/div><\/section><!-- Row Backgrounds --><div class=\"upb_color\" data-bg-override=\"0\" data-bg-color=\"#f3f3f3\" data-fadeout=\"\" data-fadeout-percentage=\"30\" data-parallax-content=\"\" data-parallax-content-sense=\"30\" data-row-effect-mobile-disable=\"true\" data-img-parallax-mobile-disable=\"true\" data-rtl=\"false\"  data-custom-vc-row=\"\"  data-vc=\"8.7.2\"  data-is_old_vc=\"\"  data-theme-support=\"\"   data-overlay=\"false\" data-overlay-color=\"\" data-overlay-pattern=\"\" data-overlay-pattern-opacity=\"\" data-overlay-pattern-size=\"\"    ><\/div><section class=\"l-section wpb_row height_medium\"><div class=\"l-section-h i-cf\"><div class=\"g-cols vc_row via_flex valign_top type_default stacking_default\"><div class=\"vc_col-sm-3 wpb_column vc_column_container\"><div class=\"vc_column-inner\"><div class=\"wpb_wrapper\"><div class=\"w-image style_shadow-2 align_center us_animate_hfc\"><a href=\"https:\/\/www.rohrpost.de\/anwendungen\/krankenhaus\/\" aria-label=\"Krankenhaus-Rohrpost\" class=\"w-image-h\"><div class=\"w-image-shadow\" style=\"background-image:url(https:\/\/rohrpost.de\/wp-content\/uploads\/medic-563425_1920-l\u00e4nglich-und-beschriftet-350x218.jpg);\"><\/div><img decoding=\"async\" width=\"350\" height=\"218\" src=\"https:\/\/rohrpost.de\/wp-content\/uploads\/medic-563425_1920-l\u00e4nglich-und-beschriftet-350x218.jpg\" class=\"attachment-us_350_350_crop size-us_350_350_crop\" alt=\"Anwendung der Rohrpost im Krankenhaus\" loading=\"lazy\" srcset=\"https:\/\/rohrpost.de\/wp-content\/uploads\/\/medic-563425_1920-l\u00e4nglich-und-beschriftet.jpg 350w, https:\/\/rohrpost.de\/wp-content\/uploads\/\/medic-563425_1920-l\u00e4nglich-und-beschriftet-300x187.jpg 300w\" sizes=\"auto, (max-width: 350px) 100vw, 350px\" \/><\/a><\/div><\/div><\/div><\/div><div class=\"vc_col-sm-3 wpb_column vc_column_container\"><div class=\"vc_column-inner\"><div class=\"wpb_wrapper\"><div class=\"w-image style_shadow-2 align_center us_animate_hfc\" style=\"animation-delay:0.2s\"><a href=\"https:\/\/www.rohrpost.de\/anwendungen\/industrielabor\/\" aria-label=\"Anwendung-Rohrpost-Industrielabor\" class=\"w-image-h\"><div class=\"w-image-shadow\" style=\"background-image:url(https:\/\/rohrpost.de\/wp-content\/uploads\/10505-1-laenglich-mit-Beschriftung-350x218.jpg);\"><\/div><img decoding=\"async\" width=\"350\" height=\"218\" src=\"https:\/\/rohrpost.de\/wp-content\/uploads\/10505-1-laenglich-mit-Beschriftung-350x218.jpg\" class=\"attachment-us_350_350_crop size-us_350_350_crop\" alt=\"Anwendung der Rohrpost im Industrielabor\" loading=\"lazy\" srcset=\"https:\/\/rohrpost.de\/wp-content\/uploads\/\/10505-1-laenglich-mit-Beschriftung.jpg 350w, https:\/\/rohrpost.de\/wp-content\/uploads\/\/10505-1-laenglich-mit-Beschriftung-300x187.jpg 300w\" sizes=\"auto, (max-width: 350px) 100vw, 350px\" \/><\/a><\/div><\/div><\/div><\/div><div class=\"vc_col-sm-3 wpb_column vc_column_container\"><div class=\"vc_column-inner\"><div class=\"wpb_wrapper\"><div class=\"w-image style_shadow-2 align_center us_animate_hfc\" style=\"animation-delay:0.4s\"><a href=\"https:\/\/www.rohrpost.de\/anwendungen\/bargeld-logistik\/\" aria-label=\"bargeld-logistik-rohrpost\" class=\"w-image-h\"><div class=\"w-image-shadow\" style=\"background-image:url(https:\/\/rohrpost.de\/wp-content\/uploads\/bargeld-logistik-rohrpost-350x218.jpg);\"><\/div><img decoding=\"async\" width=\"350\" height=\"218\" src=\"https:\/\/rohrpost.de\/wp-content\/uploads\/bargeld-logistik-rohrpost-350x218.jpg\" class=\"attachment-us_350_350_crop size-us_350_350_crop\" alt=\"Anwendungen von Rohrpost\" loading=\"lazy\" srcset=\"https:\/\/rohrpost.de\/wp-content\/uploads\/\/bargeld-logistik-rohrpost.jpg 350w, https:\/\/rohrpost.de\/wp-content\/uploads\/\/bargeld-logistik-rohrpost-300x187.jpg 300w\" sizes=\"auto, (max-width: 350px) 100vw, 350px\" \/><\/a><\/div><\/div><\/div><\/div><div class=\"vc_col-sm-3 wpb_column vc_column_container\"><div class=\"vc_column-inner\"><div class=\"wpb_wrapper\"><div class=\"w-image style_shadow-2 align_none us_animate_hfc\" style=\"animation-delay:0.6s\"><a href=\"https:\/\/www.rohrpost.de\/anwendungen\/produktion\/\" aria-label=\"produktion-rohrpost\" class=\"w-image-h\"><div class=\"w-image-shadow\" style=\"background-image:url(https:\/\/rohrpost.de\/wp-content\/uploads\/produktion-rohrpost.jpg);\"><\/div><img decoding=\"async\" width=\"350\" height=\"218\" src=\"https:\/\/rohrpost.de\/wp-content\/uploads\/produktion-rohrpost.jpg\" class=\"attachment-large size-large\" alt=\"Rohrpost in der Produktion\" loading=\"lazy\" srcset=\"https:\/\/rohrpost.de\/wp-content\/uploads\/\/produktion-rohrpost.jpg 350w, https:\/\/rohrpost.de\/wp-content\/uploads\/\/produktion-rohrpost-300x187.jpg 300w\" sizes=\"auto, (max-width: 350px) 100vw, 350px\" \/><\/a><\/div><\/div><\/div><\/div><\/div><\/div><\/section><!-- Row Backgrounds --><div class=\"upb_color\" data-bg-override=\"0\" data-bg-color=\"#f3f3f3\" data-fadeout=\"\" data-fadeout-percentage=\"30\" data-parallax-content=\"\" data-parallax-content-sense=\"30\" data-row-effect-mobile-disable=\"true\" data-img-parallax-mobile-disable=\"true\" data-rtl=\"false\"  data-custom-vc-row=\"\"  data-vc=\"8.7.2\"  data-is_old_vc=\"\"  data-theme-support=\"\"   data-overlay=\"false\" data-overlay-color=\"\" data-overlay-pattern=\"\" data-overlay-pattern-opacity=\"\" data-overlay-pattern-size=\"\"    ><\/div><section class=\"l-section wpb_row height_auto\"><div class=\"l-section-h i-cf\"><div class=\"g-cols vc_row via_flex valign_top type_default stacking_default\"><div class=\"vc_col-sm-12 wpb_column vc_column_container\"><div class=\"vc_column-inner\"><div class=\"wpb_wrapper\"><div class=\"w-btn-wrapper align_center\"><a class=\"w-btn us-btn-style_1 us_custom_1e0e9307\" href=\"https:\/\/www.rohrpost.de\/anwendungen\/spezialanwendungen\/\"><span class=\"w-btn-label\">Weitere Anwendungsm\u00f6glichkeiten<\/span><\/a><\/div><div class=\"w-separator size_custom\" style=\"height:32px\"><\/div><\/div><\/div><\/div><\/div><\/div><\/section><!-- Row Backgrounds --><div class=\"upb_color\" data-bg-override=\"0\" data-bg-color=\"#f3f3f3\" data-fadeout=\"\" data-fadeout-percentage=\"30\" data-parallax-content=\"\" data-parallax-content-sense=\"30\" data-row-effect-mobile-disable=\"true\" data-img-parallax-mobile-disable=\"true\" data-rtl=\"false\"  data-custom-vc-row=\"\"  data-vc=\"8.7.2\"  data-is_old_vc=\"\"  data-theme-support=\"\"   data-overlay=\"false\" data-overlay-color=\"\" data-overlay-pattern=\"\" data-overlay-pattern-opacity=\"\" data-overlay-pattern-size=\"\"    ><\/div><section class=\"l-section wpb_row height_medium\"><div class=\"l-section-h i-cf\"><div class=\"g-cols vc_row via_flex valign_top type_default stacking_default\"><div class=\"vc_col-sm-12 wpb_column vc_column_container\"><div class=\"vc_column-inner\"><div class=\"wpb_wrapper\"><div class=\"wpb_text_column\"><div class=\"wpb_wrapper\"><p style=\"text-align: justify;\">Bei einem Klick auf die einzelnen Kategorien gelangen Sie zu typischen <strong>Anwendungsm\u00f6glichkeiten<\/strong> f\u00fcr die Rohrpost in Ihrem Gesch\u00e4ftszweig. Au\u00dferdem geben wir Empfehlungen f\u00fcr die Auswahl eines <strong>passenden Systems<\/strong> und informieren Sie \u00fcber Produkte, die wir <strong>branchenspezifisch<\/strong> entwickelt haben. Diese sind auf die typischen Anforderungen in Ihrem Bereich abgestimmt und wurden passgenau f\u00fcr individuelle Erfordernisse konzipiert.<\/p>\n<p>Aber auch, wenn Ihr Unternehmen keiner dieser Branchen angeh\u00f6rt, gibt es sicherlich eine passende Einsatzm\u00f6glichkeit. Kontaktieren Sie uns f\u00fcr eine individuelle Potenzialanalyse!<\/p>\n<\/div><\/div><div class=\"w-separator size_custom\" style=\"height:32px\"><\/div><\/div><\/div><\/div><\/div><\/div><\/section>\n","protected":false},"excerpt":{"rendered":"Wo Rohrpost eingesetzt werden kann Die Einsatzm\u00f6glichkeiten der Rohrpost haben mit den technologischen Anforderungen Schritt gehalten und sich weiterentwickelt. Anfangs wurden sie tats\u00e4chlich als R\u00f6hrenpost in gro\u00dfen St\u00e4dten zum Briefversand genutzt. Heutige Verwendungen sind weit ausdifferenziert und nutzerorientiert. Rohrpostsysteme werden \u00fcberall dort eingesetzt, wo In-house Logistik eine zuverl\u00e4ssige interne Transportkommunikation zur \u00dcberbr\u00fcckung gr\u00f6\u00dferer Entfernungen fordert....","protected":false},"author":1,"featured_media":0,"parent":0,"menu_order":13,"comment_status":"closed","ping_status":"closed","template":"","meta":{"footnotes":""},"class_list":["post-20","page","type-page","status-publish","hentry"],"yoast_head":"<!-- This site is optimized with the Yoast SEO plugin v27.2 - https:\/\/yoast.com\/product\/yoast-seo-wordpress\/ -->\n<title>Einsatzm\u00f6glichkeiten von Rohrpost f\u00fcr Unternehmen | H\u00f6rtig GmbH<\/title>\n<meta name=\"description\" content=\"\u00dcbersicht \u00fcber die Anwendungsm\u00f6glichkeiten der Rohrpost \u2013 Informieren Sie sich \u00fcber die Nutzung von Rohrpost in verschiedenen Branchen!\" \/>\n<meta name=\"robots\" content=\"noindex, follow\" \/>\n<meta property=\"og:locale\" content=\"de_DE\" \/>\n<meta property=\"og:type\" content=\"article\" \/>\n<meta property=\"og:title\" content=\"Einsatzm\u00f6glichkeiten von Rohrpost f\u00fcr Unternehmen | H\u00f6rtig GmbH\" \/>\n<meta property=\"og:description\" content=\"\u00dcbersicht \u00fcber die Anwendungsm\u00f6glichkeiten der Rohrpost \u2013 Informieren Sie sich \u00fcber die Nutzung von Rohrpost in verschiedenen Branchen!\" \/>\n<meta property=\"og:url\" content=\"https:\/\/rohrpost.de\/de\/anwendungen\/\" \/>\n<meta property=\"og:site_name\" content=\"H\u00f6rtig Rohrpost\" \/>\n<meta property=\"article:modified_time\" content=\"2023-08-02T14:12:51+00:00\" \/>\n<meta property=\"og:image\" content=\"https:\/\/rohrpost.de\/wp-content\/uploads\/HR-Logo2017-RAL6018.jpg\" \/>\n\t<meta property=\"og:image:width\" content=\"10000\" \/>\n\t<meta property=\"og:image:height\" content=\"2759\" \/>\n\t<meta property=\"og:image:type\" content=\"image\/jpeg\" \/>\n<meta name=\"twitter:card\" content=\"summary_large_image\" \/>\n<meta name=\"twitter:label1\" content=\"Gesch\u00e4tzte Lesezeit\" \/>\n\t<meta name=\"twitter:data1\" content=\"2\u00a0Minuten\" \/>\n<script type=\"application\/ld+json\" class=\"yoast-schema-graph\">{\"@context\":\"https:\/\/schema.org\",\"@graph\":[{\"@type\":\"WebPage\",\"@id\":\"https:\/\/rohrpost.de\/de\/anwendungen\/\",\"url\":\"https:\/\/rohrpost.de\/de\/anwendungen\/\",\"name\":\"Einsatzm\u00f6glichkeiten von Rohrpost f\u00fcr Unternehmen | H\u00f6rtig GmbH\",\"isPartOf\":{\"@id\":\"https:\/\/rohrpost.de\/de\/#website\"},\"datePublished\":\"2015-01-08T20:26:51+00:00\",\"dateModified\":\"2023-08-02T14:12:51+00:00\",\"description\":\"\u00dcbersicht \u00fcber die Anwendungsm\u00f6glichkeiten der Rohrpost \u2013 Informieren Sie sich \u00fcber die Nutzung von Rohrpost in verschiedenen Branchen!\",\"breadcrumb\":{\"@id\":\"https:\/\/rohrpost.de\/de\/anwendungen\/#breadcrumb\"},\"inLanguage\":\"de\",\"potentialAction\":[{\"@type\":\"ReadAction\",\"target\":[\"https:\/\/rohrpost.de\/de\/anwendungen\/\"]}]},{\"@type\":\"BreadcrumbList\",\"@id\":\"https:\/\/rohrpost.de\/de\/anwendungen\/#breadcrumb\",\"itemListElement\":[{\"@type\":\"ListItem\",\"position\":1,\"name\":\"Startseite\",\"item\":\"https:\/\/rohrpost.de\/de\/\"},{\"@type\":\"ListItem\",\"position\":2,\"name\":\"Anwendungen\"}]},{\"@type\":\"WebSite\",\"@id\":\"https:\/\/rohrpost.de\/de\/#website\",\"url\":\"https:\/\/rohrpost.de\/de\/\",\"name\":\"H\u00f6rtig Rohrpost\",\"description\":\"Hersteller von smarten Rohrpostsystemen\",\"publisher\":{\"@id\":\"https:\/\/rohrpost.de\/de\/#organization\"},\"potentialAction\":[{\"@type\":\"SearchAction\",\"target\":{\"@type\":\"EntryPoint\",\"urlTemplate\":\"https:\/\/rohrpost.de\/de\/?s={search_term_string}\"},\"query-input\":{\"@type\":\"PropertyValueSpecification\",\"valueRequired\":true,\"valueName\":\"search_term_string\"}}],\"inLanguage\":\"de\"},{\"@type\":\"Organization\",\"@id\":\"https:\/\/rohrpost.de\/de\/#organization\",\"name\":\"H\u00f6rtig Rohrpost GmbH\",\"url\":\"https:\/\/rohrpost.de\/de\/\",\"logo\":{\"@type\":\"ImageObject\",\"inLanguage\":\"de\",\"@id\":\"https:\/\/rohrpost.de\/de\/#\/schema\/logo\/image\/\",\"url\":\"http:\/\/air-tube-systems.com\/wp-content\/uploads\/HR-Logo2017-RAL6018.jpg\",\"contentUrl\":\"http:\/\/air-tube-systems.com\/wp-content\/uploads\/HR-Logo2017-RAL6018.jpg\",\"width\":10000,\"height\":2759,\"caption\":\"H\u00f6rtig Rohrpost GmbH\"},\"image\":{\"@id\":\"https:\/\/rohrpost.de\/de\/#\/schema\/logo\/image\/\"}}]}<\/script>\n<!-- \/ Yoast SEO plugin. -->","yoast_head_json":{"title":"Einsatzm\u00f6glichkeiten von Rohrpost f\u00fcr Unternehmen | H\u00f6rtig GmbH","description":"\u00dcbersicht \u00fcber die Anwendungsm\u00f6glichkeiten der Rohrpost \u2013 Informieren Sie sich \u00fcber die Nutzung von Rohrpost in verschiedenen Branchen!","robots":{"index":"noindex","follow":"follow"},"og_locale":"de_DE","og_type":"article","og_title":"Einsatzm\u00f6glichkeiten von Rohrpost f\u00fcr Unternehmen | H\u00f6rtig GmbH","og_description":"\u00dcbersicht \u00fcber die Anwendungsm\u00f6glichkeiten der Rohrpost \u2013 Informieren Sie sich \u00fcber die Nutzung von Rohrpost in verschiedenen Branchen!","og_url":"https:\/\/rohrpost.de\/de\/anwendungen\/","og_site_name":"H\u00f6rtig Rohrpost","article_modified_time":"2023-08-02T14:12:51+00:00","og_image":[{"width":10000,"height":2759,"url":"https:\/\/rohrpost.de\/wp-content\/uploads\/HR-Logo2017-RAL6018.jpg","type":"image\/jpeg"}],"twitter_card":"summary_large_image","twitter_misc":{"Gesch\u00e4tzte Lesezeit":"2\u00a0Minuten"},"schema":{"@context":"https:\/\/schema.org","@graph":[{"@type":"WebPage","@id":"https:\/\/rohrpost.de\/de\/anwendungen\/","url":"https:\/\/rohrpost.de\/de\/anwendungen\/","name":"Einsatzm\u00f6glichkeiten von Rohrpost f\u00fcr Unternehmen | H\u00f6rtig GmbH","isPartOf":{"@id":"https:\/\/rohrpost.de\/de\/#website"},"datePublished":"2015-01-08T20:26:51+00:00","dateModified":"2023-08-02T14:12:51+00:00","description":"\u00dcbersicht \u00fcber die Anwendungsm\u00f6glichkeiten der Rohrpost \u2013 Informieren Sie sich \u00fcber die Nutzung von Rohrpost in verschiedenen Branchen!","breadcrumb":{"@id":"https:\/\/rohrpost.de\/de\/anwendungen\/#breadcrumb"},"inLanguage":"de","potentialAction":[{"@type":"ReadAction","target":["https:\/\/rohrpost.de\/de\/anwendungen\/"]}]},{"@type":"BreadcrumbList","@id":"https:\/\/rohrpost.de\/de\/anwendungen\/#breadcrumb","itemListElement":[{"@type":"ListItem","position":1,"name":"Startseite","item":"https:\/\/rohrpost.de\/de\/"},{"@type":"ListItem","position":2,"name":"Anwendungen"}]},{"@type":"WebSite","@id":"https:\/\/rohrpost.de\/de\/#website","url":"https:\/\/rohrpost.de\/de\/","name":"H\u00f6rtig Rohrpost","description":"Hersteller von smarten Rohrpostsystemen","publisher":{"@id":"https:\/\/rohrpost.de\/de\/#organization"},"potentialAction":[{"@type":"SearchAction","target":{"@type":"EntryPoint","urlTemplate":"https:\/\/rohrpost.de\/de\/?s={search_term_string}"},"query-input":{"@type":"PropertyValueSpecification","valueRequired":true,"valueName":"search_term_string"}}],"inLanguage":"de"},{"@type":"Organization","@id":"https:\/\/rohrpost.de\/de\/#organization","name":"H\u00f6rtig Rohrpost GmbH","url":"https:\/\/rohrpost.de\/de\/","logo":{"@type":"ImageObject","inLanguage":"de","@id":"https:\/\/rohrpost.de\/de\/#\/schema\/logo\/image\/","url":"http:\/\/air-tube-systems.com\/wp-content\/uploads\/HR-Logo2017-RAL6018.jpg","contentUrl":"http:\/\/air-tube-systems.com\/wp-content\/uploads\/HR-Logo2017-RAL6018.jpg","width":10000,"height":2759,"caption":"H\u00f6rtig Rohrpost GmbH"},"image":{"@id":"https:\/\/rohrpost.de\/de\/#\/schema\/logo\/image\/"}}]}},"_links":{"self":[{"href":"https:\/\/rohrpost.de\/de\/wp-json\/wp\/v2\/pages\/20","targetHints":{"allow":["GET"]}}],"collection":[{"href":"https:\/\/rohrpost.de\/de\/wp-json\/wp\/v2\/pages"}],"about":[{"href":"https:\/\/rohrpost.de\/de\/wp-json\/wp\/v2\/types\/page"}],"author":[{"embeddable":true,"href":"https:\/\/rohrpost.de\/de\/wp-json\/wp\/v2\/users\/1"}],"replies":[{"embeddable":true,"href":"https:\/\/rohrpost.de\/de\/wp-json\/wp\/v2\/comments?post=20"}],"version-history":[{"count":0,"href":"https:\/\/rohrpost.de\/de\/wp-json\/wp\/v2\/pages\/20\/revisions"}],"wp:attachment":[{"href":"https:\/\/rohrpost.de\/de\/wp-json\/wp\/v2\/media?parent=20"}],"curies":[{"name":"wp","href":"https:\/\/api.w.org\/{rel}","templated":true}]}}