{"id":1975,"date":"2017-10-13T06:15:17","date_gmt":"2017-10-13T06:15:17","guid":{"rendered":"http:\/\/rohrpost.pulsar-media.de\/?page_id=1975"},"modified":"2025-02-20T17:14:29","modified_gmt":"2025-02-20T17:14:29","slug":"punkt-zu-punkt-h21","status":"publish","type":"page","link":"https:\/\/rohrpost.de\/de\/rohrpostsysteme\/punkt-zu-punkt-h21\/","title":{"rendered":"Punkt-zu-Punkt H21"},"content":{"rendered":"<section class=\"l-section wpb_row height_medium\"><div class=\"l-section-h i-cf\"><div class=\"g-cols vc_row via_flex valign_top type_default stacking_default\"><div class=\"vc_col-sm-12 wpb_column vc_column_container\"><div class=\"vc_column-inner\"><div class=\"wpb_wrapper\"><div class=\"wpb_text_column\"><div class=\"wpb_wrapper\"><h1><strong>Punkt-zu-Punkt-System H21<\/strong><\/h1>\n<h2 style=\"text-align: center;\"><strong>Besonders platzsparend und g\u00fcnstig<\/strong><\/h2>\n<\/div><\/div><\/div><\/div><\/div><\/div><\/div><\/section><section class=\"l-section wpb_row height_medium\"><div class=\"l-section-h i-cf\"><div class=\"g-cols vc_row via_flex valign_top type_default stacking_default\"><div class=\"vc_col-sm-12 wpb_column vc_column_container\"><div class=\"vc_column-inner\"><div class=\"wpb_wrapper\"><div class=\"wpb_text_column\"><div class=\"wpb_wrapper\"><p>Das Punkt-zu-Punkt-System H21 ist die g\u00fcnstigste und kleinste Rohrpostvariante. Es besteht aus zwei Stationen und einem verbindenden Rohr. Durch dieses kann in beide Richtungen gef\u00f6rdert werden (A\u2192B und B\u2192A). Aufgrund des Einrohr-Betriebs entf\u00e4llt beim Punkt-zu-Punkt-System der Schritt der Zieleingabe. Ein besonders schnelles Senden ist m\u00f6glich. Bei Bedarf kann das Punkt-zu-Punkt-System jederzeit individuell mit weiteren Komponenten erg\u00e4nzt werden.<\/p>\n<\/div><\/div><\/div><\/div><\/div><\/div><\/div><\/section><!-- Row Backgrounds --><div class=\"upb_color\" data-bg-override=\"0\" data-bg-color=\"#f3f3f3\" data-fadeout=\"\" data-fadeout-percentage=\"30\" data-parallax-content=\"\" data-parallax-content-sense=\"30\" data-row-effect-mobile-disable=\"true\" data-img-parallax-mobile-disable=\"true\" data-rtl=\"false\"  data-custom-vc-row=\"\"  data-vc=\"8.7.2\"  data-is_old_vc=\"\"  data-theme-support=\"\"   data-overlay=\"false\" data-overlay-color=\"\" data-overlay-pattern=\"\" data-overlay-pattern-opacity=\"\" data-overlay-pattern-size=\"\"    ><\/div><section class=\"l-section wpb_row height_medium\"><div class=\"l-section-h i-cf\"><div class=\"g-cols vc_row via_flex valign_top type_default stacking_default\"><div class=\"vc_col-sm-6 wpb_column vc_column_container\"><div class=\"vc_column-inner\"><div class=\"wpb_wrapper\"><div class=\"wpb_text_column\"><div class=\"wpb_wrapper\"><p><strong>Transportg\u00fcter, die beispielsweise mit dem H21 bef\u00f6rdert werden k\u00f6nnen:<\/strong><\/p>\n<ul>\n<li>Lieferscheine<\/li>\n<li>Rechnungen<\/li>\n<li>Zeichnungen bis zum Format DIN A0<\/li>\n<li>Filme in Foto-Labors<\/li>\n<li>Kassenbelege<\/li>\n<li>Laborproben in der Kernforschung<\/li>\n<li>Gebissabdr\u00fccke in Dental-Labors<\/li>\n<li>Werkzeuge direkt zu den Fertigungsautomaten<\/li>\n<li>Kennzeichnungsschilder in der Autoindustrie<\/li>\n<\/ul>\n<p>Neben diesen sind aber eine Reihe weiterer M\u00f6glichkeiten denkbar. Das H21 ist f\u00fcr alle Anwendungen geeignet, bei denen regelm\u00e4\u00dfig G\u00fcter zwischen zwei Orten bewegt werden m\u00fcssen.<\/p>\n<\/div><\/div><\/div><\/div><\/div><div class=\"vc_col-sm-6 wpb_column vc_column_container\"><div class=\"vc_column-inner\"><div class=\"wpb_wrapper\"><div class=\"w-image align_none\"><div class=\"w-image-h\"><img decoding=\"async\" width=\"600\" height=\"317\" src=\"https:\/\/rohrpost.de\/wp-content\/uploads\/Punkt-zu-Punkt-System-H21-Rohrpostsystem.png\" class=\"attachment-large size-large\" alt=\"Schema Punkt-zu-Punkt-System H21\" loading=\"lazy\" srcset=\"https:\/\/rohrpost.de\/wp-content\/uploads\/\/Punkt-zu-Punkt-System-H21-Rohrpostsystem.png 600w, https:\/\/rohrpost.de\/wp-content\/uploads\/\/Punkt-zu-Punkt-System-H21-Rohrpostsystem-400x211.png 400w, https:\/\/rohrpost.de\/wp-content\/uploads\/\/Punkt-zu-Punkt-System-H21-Rohrpostsystem-300x159.png 300w\" sizes=\"auto, (max-width: 600px) 100vw, 600px\" \/><\/div><\/div><\/div><\/div><\/div><\/div><\/div><\/section><section class=\"l-section wpb_row height_auto\"><div class=\"l-section-h i-cf\"><div class=\"g-cols vc_row via_flex valign_middle type_default stacking_default\"><div class=\"vc_col-sm-4 wpb_column vc_column_container\"><div class=\"vc_column-inner\"><div class=\"wpb_wrapper\"><div class=\"w-slider style_none fit_scaledown nav_none count_5\"><div class=\"w-slider-h\" aria-hidden=\"true\"><div class=\"royalSlider\"><div class=\"rsContent\"><a class=\"rsImg\" data-rsw=\"400\" data-rsh=\"400\" href=\"https:\/\/rohrpost.de\/wp-content\/uploads\/1.0124.6.TB-9.jpg\"><span data-alt=\"Punkt-zu-Punkt System H21\"><\/span><\/a><\/div><div class=\"rsContent\"><a class=\"rsImg\" data-rsw=\"400\" data-rsh=\"400\" href=\"https:\/\/rohrpost.de\/wp-content\/uploads\/1.0127.6.00-6.jpg\"><span data-alt=\"Punkt zu Punkt System H21 Schieberstation\"><\/span><\/a><\/div><div class=\"rsContent\"><a class=\"rsImg\" data-rsw=\"400\" data-rsh=\"400\" href=\"https:\/\/rohrpost.de\/wp-content\/uploads\/1.0124.6.T0.jpg\"><span data-alt=\"Schieberstation Punkt-zu-Punkt System H21\"><\/span><\/a><\/div><div class=\"rsContent\"><a class=\"rsImg\" data-rsw=\"400\" data-rsh=\"400\" href=\"https:\/\/rohrpost.de\/wp-content\/uploads\/1.0127.V.00.jpg\"><span data-alt=\"Kleines Rohrpostsystem Schieberstation H21\"><\/span><\/a><\/div><div class=\"rsContent\"><a class=\"rsImg\" data-rsw=\"400\" data-rsh=\"400\" href=\"https:\/\/rohrpost.de\/wp-content\/uploads\/Punkt-zu-Punkt-Station-Bargeld.jpg\"><span data-alt=\"Kleines Rohrpostsystem f\u00fcr Bargeld\"><\/span><\/a><\/div><\/div><img decoding=\"async\" src=\"https:\/\/rohrpost.de\/wp-content\/uploads\/1.0124.6.TB-9.jpg\" width=\"400\" height=\"400\" alt=\"Punkt-zu-Punkt System H21\" loading=\"lazy\"><\/div><div class=\"w-slider-json\" onclick='return {&quot;autoScaleSlider&quot;:true,&quot;addActiveClass&quot;:true,&quot;loop&quot;:true,&quot;fadeInLoadedSlide&quot;:false,&quot;slidesSpacing&quot;:0,&quot;imageScalePadding&quot;:0,&quot;numImagesToPreload&quot;:2,&quot;arrowsNav&quot;:true,&quot;arrowsNavAutoHide&quot;:false,&quot;transitionType&quot;:&quot;move&quot;,&quot;transitionSpeed&quot;:250,&quot;block&quot;:{&quot;moveEffect&quot;:&quot;none&quot;,&quot;speed&quot;:300},&quot;thumbs&quot;:{&quot;fitInViewport&quot;:false,&quot;firstMargin&quot;:false,&quot;spacing&quot;:4},&quot;controlNavigation&quot;:&quot;none&quot;,&quot;autoScaleSliderWidth&quot;:400,&quot;autoScaleSliderHeight&quot;:400}'><\/div><\/div><div class=\"wpb_text_column\"><div class=\"wpb_wrapper\"><p style=\"text-align: center;\"><em>Auswahl unserer Stationen f\u00fcr das Punkt-zu-Punkt-System H21<\/em><\/p>\n<\/div><\/div><\/div><\/div><\/div><div class=\"vc_col-sm-8 wpb_column vc_column_container\"><div class=\"vc_column-inner us_custom_2960b335\"><div class=\"wpb_wrapper\"><div class=\"wpb_text_column\"><div class=\"wpb_wrapper\"><h2>Stationsformen f\u00fcr das Punkt-zu-Punkt-System H21<\/h2>\n<p><strong>F\u00fcr das Punkt-zu-Punkt-System H21 k\u00f6nnen Sie aus folgenden Stationen w\u00e4hlen:<\/strong><\/p>\n<ul>\n<li>Offene Sende- und Empfangsstation<\/li>\n<li>Schieber-Station als Anfangs- und Endstation \u2013 Ankunft des Transportbeh\u00e4lters von unten<\/li>\n<li>Schieber-Station als Anfangs- und Endstation mit integrierter Stationssteuerung<\/li>\n<li>Schieber-Station als Anfangs- und Endstation \u2013 Ankunft des Transportbeh\u00e4lters von oben<\/li>\n<\/ul>\n<p>Je nach baulicher Situation k\u00f6nnen die Stationen senkrecht von oben\/unten oder waagrecht eingebaut werden.<\/p>\n<\/div><\/div><\/div><\/div><\/div><\/div><\/div><\/section><section class=\"l-section wpb_row height_medium width_full\"><div class=\"l-section-h i-cf\"><div class=\"g-cols vc_row via_flex valign_top type_default stacking_default\"><div class=\"vc_col-sm-12 wpb_column vc_column_container\"><div class=\"vc_column-inner\"><div class=\"wpb_wrapper\"><div class=\"w-actionbox color_light controls_bottom\"><div class=\"w-actionbox-text\"><h2 class=\"w-actionbox-title\">Sie haben eine Frage oder interessieren sich f\u00fcr das H21?<\/h2><\/div><div class=\"w-actionbox-controls\"><a class=\"w-btn us-btn-style_1\" href=\"https:\/\/www.rohrpost.de\/unternehmen\/kontakt\/\"><span class=\"w-btn-label\">Jetzt kontaktieren<\/span><\/a><\/div><\/div><\/div><\/div><\/div><\/div><\/div><\/section>\n","protected":false},"excerpt":{"rendered":"Punkt-zu-Punkt-System H21 Besonders platzsparend und g\u00fcnstig Das Punkt-zu-Punkt-System H21 ist die g\u00fcnstigste und kleinste Rohrpostvariante. Es besteht aus zwei Stationen und einem verbindenden Rohr. Durch dieses kann in beide Richtungen gef\u00f6rdert werden (A\u2192B und B\u2192A). Aufgrund des Einrohr-Betriebs entf\u00e4llt beim Punkt-zu-Punkt-System der Schritt der Zieleingabe. Ein besonders schnelles Senden ist m\u00f6glich. Bei Bedarf kann das...","protected":false},"author":6,"featured_media":0,"parent":1738,"menu_order":0,"comment_status":"closed","ping_status":"closed","template":"","meta":{"footnotes":""},"class_list":["post-1975","page","type-page","status-publish","hentry"],"yoast_head":"<!-- This site is optimized with the Yoast SEO plugin v27.2 - https:\/\/yoast.com\/product\/yoast-seo-wordpress\/ -->\n<title>Unser Punkt-zu-Punkt System H21 | H\u00d6RTIG Rohrpost<\/title>\n<meta name=\"description\" content=\"Das Punkt-zu-Punkt System H21 f\u00fcr einfache Transportanforderungen \u2013 Kleinste Systemvariante f\u00fcr zwei Stationen \u2013 F\u00fcr sehr schnelles Senden\" \/>\n<meta name=\"robots\" content=\"index, follow, max-snippet:-1, max-image-preview:large, max-video-preview:-1\" \/>\n<link rel=\"canonical\" href=\"https:\/\/rohrpost.de\/de\/rohrpostsysteme\/punkt-zu-punkt-h21\/\" \/>\n<meta property=\"og:locale\" content=\"de_DE\" \/>\n<meta property=\"og:type\" content=\"article\" \/>\n<meta property=\"og:title\" content=\"Unser Punkt-zu-Punkt System H21 | H\u00d6RTIG Rohrpost\" \/>\n<meta property=\"og:description\" content=\"Das Punkt-zu-Punkt System H21 f\u00fcr einfache Transportanforderungen \u2013 Kleinste Systemvariante f\u00fcr zwei Stationen \u2013 F\u00fcr sehr schnelles Senden\" \/>\n<meta property=\"og:url\" content=\"https:\/\/rohrpost.de\/de\/rohrpostsysteme\/punkt-zu-punkt-h21\/\" \/>\n<meta property=\"og:site_name\" content=\"H\u00f6rtig Rohrpost\" \/>\n<meta property=\"article:modified_time\" content=\"2025-02-20T17:14:29+00:00\" \/>\n<meta property=\"og:image\" content=\"https:\/\/rohrpost.de\/wp-content\/uploads\/HR-Logo2017-RAL6018.jpg\" \/>\n\t<meta property=\"og:image:width\" content=\"10000\" \/>\n\t<meta property=\"og:image:height\" content=\"2759\" \/>\n\t<meta property=\"og:image:type\" content=\"image\/jpeg\" \/>\n<meta name=\"twitter:card\" content=\"summary_large_image\" \/>\n<meta name=\"twitter:label1\" content=\"Gesch\u00e4tzte Lesezeit\" \/>\n\t<meta name=\"twitter:data1\" content=\"2\u00a0Minuten\" \/>\n<script type=\"application\/ld+json\" class=\"yoast-schema-graph\">{\"@context\":\"https:\/\/schema.org\",\"@graph\":[{\"@type\":\"WebPage\",\"@id\":\"https:\/\/rohrpost.de\/de\/rohrpostsysteme\/punkt-zu-punkt-h21\/\",\"url\":\"https:\/\/rohrpost.de\/de\/rohrpostsysteme\/punkt-zu-punkt-h21\/\",\"name\":\"Unser Punkt-zu-Punkt System H21 | H\u00d6RTIG Rohrpost\",\"isPartOf\":{\"@id\":\"https:\/\/rohrpost.de\/de\/#website\"},\"datePublished\":\"2017-10-13T06:15:17+00:00\",\"dateModified\":\"2025-02-20T17:14:29+00:00\",\"description\":\"Das Punkt-zu-Punkt System H21 f\u00fcr einfache Transportanforderungen \u2013 Kleinste Systemvariante f\u00fcr zwei Stationen \u2013 F\u00fcr sehr schnelles Senden\",\"breadcrumb\":{\"@id\":\"https:\/\/rohrpost.de\/de\/rohrpostsysteme\/punkt-zu-punkt-h21\/#breadcrumb\"},\"inLanguage\":\"de\",\"potentialAction\":[{\"@type\":\"ReadAction\",\"target\":[\"https:\/\/rohrpost.de\/de\/rohrpostsysteme\/punkt-zu-punkt-h21\/\"]}]},{\"@type\":\"BreadcrumbList\",\"@id\":\"https:\/\/rohrpost.de\/de\/rohrpostsysteme\/punkt-zu-punkt-h21\/#breadcrumb\",\"itemListElement\":[{\"@type\":\"ListItem\",\"position\":1,\"name\":\"Startseite\",\"item\":\"https:\/\/rohrpost.de\/de\/\"},{\"@type\":\"ListItem\",\"position\":2,\"name\":\"Rohrpostsysteme\",\"item\":\"https:\/\/rohrpost.de\/de\/rohrpostsysteme\/\"},{\"@type\":\"ListItem\",\"position\":3,\"name\":\"Punkt-zu-Punkt H21\"}]},{\"@type\":\"WebSite\",\"@id\":\"https:\/\/rohrpost.de\/de\/#website\",\"url\":\"https:\/\/rohrpost.de\/de\/\",\"name\":\"H\u00f6rtig Rohrpost\",\"description\":\"Hersteller von smarten Rohrpostsystemen\",\"publisher\":{\"@id\":\"https:\/\/rohrpost.de\/de\/#organization\"},\"potentialAction\":[{\"@type\":\"SearchAction\",\"target\":{\"@type\":\"EntryPoint\",\"urlTemplate\":\"https:\/\/rohrpost.de\/de\/?s={search_term_string}\"},\"query-input\":{\"@type\":\"PropertyValueSpecification\",\"valueRequired\":true,\"valueName\":\"search_term_string\"}}],\"inLanguage\":\"de\"},{\"@type\":\"Organization\",\"@id\":\"https:\/\/rohrpost.de\/de\/#organization\",\"name\":\"H\u00f6rtig Rohrpost GmbH\",\"url\":\"https:\/\/rohrpost.de\/de\/\",\"logo\":{\"@type\":\"ImageObject\",\"inLanguage\":\"de\",\"@id\":\"https:\/\/rohrpost.de\/de\/#\/schema\/logo\/image\/\",\"url\":\"http:\/\/air-tube-systems.com\/wp-content\/uploads\/HR-Logo2017-RAL6018.jpg\",\"contentUrl\":\"http:\/\/air-tube-systems.com\/wp-content\/uploads\/HR-Logo2017-RAL6018.jpg\",\"width\":10000,\"height\":2759,\"caption\":\"H\u00f6rtig Rohrpost GmbH\"},\"image\":{\"@id\":\"https:\/\/rohrpost.de\/de\/#\/schema\/logo\/image\/\"}}]}<\/script>\n<!-- \/ Yoast SEO plugin. -->","yoast_head_json":{"title":"Unser Punkt-zu-Punkt System H21 | H\u00d6RTIG Rohrpost","description":"Das Punkt-zu-Punkt System H21 f\u00fcr einfache Transportanforderungen \u2013 Kleinste Systemvariante f\u00fcr zwei Stationen \u2013 F\u00fcr sehr schnelles Senden","robots":{"index":"index","follow":"follow","max-snippet":"max-snippet:-1","max-image-preview":"max-image-preview:large","max-video-preview":"max-video-preview:-1"},"canonical":"https:\/\/rohrpost.de\/de\/rohrpostsysteme\/punkt-zu-punkt-h21\/","og_locale":"de_DE","og_type":"article","og_title":"Unser Punkt-zu-Punkt System H21 | H\u00d6RTIG Rohrpost","og_description":"Das Punkt-zu-Punkt System H21 f\u00fcr einfache Transportanforderungen \u2013 Kleinste Systemvariante f\u00fcr zwei Stationen \u2013 F\u00fcr sehr schnelles Senden","og_url":"https:\/\/rohrpost.de\/de\/rohrpostsysteme\/punkt-zu-punkt-h21\/","og_site_name":"H\u00f6rtig Rohrpost","article_modified_time":"2025-02-20T17:14:29+00:00","og_image":[{"width":10000,"height":2759,"url":"https:\/\/rohrpost.de\/wp-content\/uploads\/HR-Logo2017-RAL6018.jpg","type":"image\/jpeg"}],"twitter_card":"summary_large_image","twitter_misc":{"Gesch\u00e4tzte Lesezeit":"2\u00a0Minuten"},"schema":{"@context":"https:\/\/schema.org","@graph":[{"@type":"WebPage","@id":"https:\/\/rohrpost.de\/de\/rohrpostsysteme\/punkt-zu-punkt-h21\/","url":"https:\/\/rohrpost.de\/de\/rohrpostsysteme\/punkt-zu-punkt-h21\/","name":"Unser Punkt-zu-Punkt System H21 | H\u00d6RTIG Rohrpost","isPartOf":{"@id":"https:\/\/rohrpost.de\/de\/#website"},"datePublished":"2017-10-13T06:15:17+00:00","dateModified":"2025-02-20T17:14:29+00:00","description":"Das Punkt-zu-Punkt System H21 f\u00fcr einfache Transportanforderungen \u2013 Kleinste Systemvariante f\u00fcr zwei Stationen \u2013 F\u00fcr sehr schnelles Senden","breadcrumb":{"@id":"https:\/\/rohrpost.de\/de\/rohrpostsysteme\/punkt-zu-punkt-h21\/#breadcrumb"},"inLanguage":"de","potentialAction":[{"@type":"ReadAction","target":["https:\/\/rohrpost.de\/de\/rohrpostsysteme\/punkt-zu-punkt-h21\/"]}]},{"@type":"BreadcrumbList","@id":"https:\/\/rohrpost.de\/de\/rohrpostsysteme\/punkt-zu-punkt-h21\/#breadcrumb","itemListElement":[{"@type":"ListItem","position":1,"name":"Startseite","item":"https:\/\/rohrpost.de\/de\/"},{"@type":"ListItem","position":2,"name":"Rohrpostsysteme","item":"https:\/\/rohrpost.de\/de\/rohrpostsysteme\/"},{"@type":"ListItem","position":3,"name":"Punkt-zu-Punkt H21"}]},{"@type":"WebSite","@id":"https:\/\/rohrpost.de\/de\/#website","url":"https:\/\/rohrpost.de\/de\/","name":"H\u00f6rtig Rohrpost","description":"Hersteller von smarten Rohrpostsystemen","publisher":{"@id":"https:\/\/rohrpost.de\/de\/#organization"},"potentialAction":[{"@type":"SearchAction","target":{"@type":"EntryPoint","urlTemplate":"https:\/\/rohrpost.de\/de\/?s={search_term_string}"},"query-input":{"@type":"PropertyValueSpecification","valueRequired":true,"valueName":"search_term_string"}}],"inLanguage":"de"},{"@type":"Organization","@id":"https:\/\/rohrpost.de\/de\/#organization","name":"H\u00f6rtig Rohrpost GmbH","url":"https:\/\/rohrpost.de\/de\/","logo":{"@type":"ImageObject","inLanguage":"de","@id":"https:\/\/rohrpost.de\/de\/#\/schema\/logo\/image\/","url":"http:\/\/air-tube-systems.com\/wp-content\/uploads\/HR-Logo2017-RAL6018.jpg","contentUrl":"http:\/\/air-tube-systems.com\/wp-content\/uploads\/HR-Logo2017-RAL6018.jpg","width":10000,"height":2759,"caption":"H\u00f6rtig Rohrpost GmbH"},"image":{"@id":"https:\/\/rohrpost.de\/de\/#\/schema\/logo\/image\/"}}]}},"_links":{"self":[{"href":"https:\/\/rohrpost.de\/de\/wp-json\/wp\/v2\/pages\/1975","targetHints":{"allow":["GET"]}}],"collection":[{"href":"https:\/\/rohrpost.de\/de\/wp-json\/wp\/v2\/pages"}],"about":[{"href":"https:\/\/rohrpost.de\/de\/wp-json\/wp\/v2\/types\/page"}],"author":[{"embeddable":true,"href":"https:\/\/rohrpost.de\/de\/wp-json\/wp\/v2\/users\/6"}],"replies":[{"embeddable":true,"href":"https:\/\/rohrpost.de\/de\/wp-json\/wp\/v2\/comments?post=1975"}],"version-history":[{"count":2,"href":"https:\/\/rohrpost.de\/de\/wp-json\/wp\/v2\/pages\/1975\/revisions"}],"predecessor-version":[{"id":26928,"href":"https:\/\/rohrpost.de\/de\/wp-json\/wp\/v2\/pages\/1975\/revisions\/26928"}],"up":[{"embeddable":true,"href":"https:\/\/rohrpost.de\/de\/wp-json\/wp\/v2\/pages\/1738"}],"wp:attachment":[{"href":"https:\/\/rohrpost.de\/de\/wp-json\/wp\/v2\/media?parent=1975"}],"curies":[{"name":"wp","href":"https:\/\/api.w.org\/{rel}","templated":true}]}}