{"id":1954,"date":"2017-10-12T14:06:21","date_gmt":"2017-10-12T14:06:21","guid":{"rendered":"http:\/\/rohrpost.pulsar-media.de\/?page_id=1954"},"modified":"2025-02-20T14:25:37","modified_gmt":"2025-02-20T14:25:37","slug":"industrielabor","status":"publish","type":"page","link":"https:\/\/rohrpost.de\/de\/anwendungen\/industrielabor\/","title":{"rendered":"Industrielabor"},"content":{"rendered":"<section class=\"l-section wpb_row height_medium\"><div class=\"l-section-h i-cf\"><div class=\"g-cols vc_row via_flex valign_top type_default stacking_default\"><div class=\"vc_col-sm-12 wpb_column vc_column_container\"><div class=\"vc_column-inner\"><div class=\"wpb_wrapper\"><div class=\"wpb_text_column\"><div class=\"wpb_wrapper\"><h1 style=\"text-align: left;\"><strong>Anwendung der Rohrpost in Industrielabors<\/strong><\/h1>\n<h2 style=\"text-align: center;\"><strong>Hygienisch. Sicher. Effizient.<\/strong><\/h2>\n<\/div><\/div><\/div><\/div><\/div><\/div><\/div><\/section><section class=\"l-section wpb_row height_auto\"><div class=\"l-section-h i-cf\"><div class=\"g-cols vc_row via_flex valign_middle type_default stacking_default\"><div class=\"vc_col-sm-4 wpb_column vc_column_container has_bg_color\"><div class=\"vc_column-inner us_custom_17f42043\"><div class=\"wpb_wrapper\"><div class=\"wpb_text_column\"><div class=\"wpb_wrapper\"><p>Proben jeglicher Art k\u00f6nnen <strong>gefahrlos<\/strong> und <strong>hygienisch<\/strong> in das Industrielabor transportiert werden.<\/p>\n<p>Dabei ist es egal,<\/p>\n<ul>\n<li>welche physische Konsistenz oder<\/li>\n<li>welche Temperatur<\/li>\n<\/ul>\n<p>sie haben.<\/p>\n<\/div><\/div><\/div><\/div><\/div><div class=\"vc_col-sm-8 wpb_column vc_column_container\"><div class=\"vc_column-inner\"><div class=\"wpb_wrapper\"><div class=\"wpb_text_column\"><div class=\"wpb_wrapper\"><p style=\"text-align: left;\">Wir bieten f\u00fcr unterschiedliche Anforderungen in Industrielabors\u00a0<strong>passende Beh\u00e4lter<\/strong>\u00a0an. F\u00fcr das F\u00f6rdern hei\u00dfer Proben ist insbesondere unser Transportbeh\u00e4lter aus Stahl geeignet. Die L\u00e4nge des Beh\u00e4lters kann dabei individuell nach Ihren Anforderungen gefertigt werden. F\u00fcr den Transport fl\u00fcssiger Proben stellen wir <a href=\"#industriebehaelter\">auslaufsichere Beh\u00e4lter<\/a> bereit.<\/p>\n<p style=\"text-align: left;\">Beispielsweise k\u00f6nnen Lebensmittelproben in das Labor oder Stahlproben in die Qualit\u00e4tssicherung versendet werden. Dies optimiert die innerbetrieblichen Abl\u00e4ufe, da die <strong>Proben besonders schnell analysiert und ausgewertet<\/strong> werden k\u00f6nnen.<\/p>\n<\/div><\/div><\/div><\/div><\/div><\/div><\/div><\/section><section class=\"l-section wpb_row height_medium\"><div class=\"l-section-h i-cf\"><div class=\"g-cols vc_row via_flex valign_middle type_default stacking_default\"><div class=\"vc_col-sm-12 wpb_column vc_column_container\"><div class=\"vc_column-inner\"><div class=\"wpb_wrapper\"><div class=\"wpb_text_column\"><div class=\"wpb_wrapper\"><p>F\u00fcr den Transport in\/aus <strong>Reinr\u00e4umen<\/strong> bieten wir spezielle Stationen f\u00fcr Reinr\u00e4ume an. Au\u00dferdem gibt es die M\u00f6glichkeit, HEPA-Filter in das Rohrpostsystem zu integrieren. Die Filter entfernen mindestens 99,95 % aller Staubpartikel gr\u00f6\u00dfer als 0,1\u20130,3 Mikrometer aus der Luft. Um <strong>Sch\u00fcttgut<\/strong> zu f\u00f6rdern haben wir eine Station mit automatischer Be- und Entladung im Angebot.<\/p>\n<\/div><\/div><\/div><\/div><\/div><\/div><\/div><\/section><section class=\"l-section wpb_row height_medium\"><div class=\"l-section-h i-cf\"><div class=\"g-cols vc_row via_flex valign_top type_default stacking_default\"><div class=\"vc_col-sm-12 wpb_column vc_column_container\"><div class=\"vc_column-inner\"><div class=\"wpb_wrapper\"><div class=\"wpb_text_column\"><div class=\"wpb_wrapper\"><h2><strong>Stationen f\u00fcr Industrielabors<\/strong><\/h2>\n<\/div><\/div><div class=\"g-cols wpb_row via_flex valign_top type_default stacking_default\"><div class=\"vc_col-sm-8 wpb_column vc_column_container\"><div class=\"vc_column-inner\"><div class=\"wpb_wrapper\"><div class=\"wpb_text_column\"><div class=\"wpb_wrapper\"><p>Industrielabors haben spezielle Anforderungen an den Transport. Nicht nur schnell, sondern auch schonend sollen die genommenen Materialproben von der Produktion in die Qualit\u00e4tssicherung gelangen. Darauf abgestimmt, haben wir nicht nur spezielle Laborbeh\u00e4lter, sondern auch Laborstationen f\u00fcr die Industrie entwickelt. Sie sind auf die Nutzung in produzierenden Betrieben und deren Qualit\u00e4tssicherung ausgelegt:<\/p>\n<\/div><\/div><div class=\"w-iconbox iconpos_left style_default color_custom align_left no_text\"><div class=\"w-iconbox-icon\" style=\"font-size:2rem;--icon-color:#c4c4c4;\"><i class=\"fas fa-vial\"><\/i><\/div><div class=\"w-iconbox-meta\"><div class=\"w-iconbox-title\">Besonders probenschonender und sicherer Transport<\/div><\/div><\/div><div class=\"w-separator size_small\"><\/div><div class=\"w-iconbox iconpos_left style_default color_custom align_left no_text\"><div class=\"w-iconbox-icon\" style=\"font-size:2rem;--icon-color:#c4c4c4;\"><i class=\"fas fa-stopwatch\"><\/i><\/div><div class=\"w-iconbox-meta\"><div class=\"w-iconbox-title\">Schneller Transport und damit rasche Auswertung von Produktionsproben<\/div><\/div><\/div><div class=\"w-separator size_small\"><\/div><div class=\"w-iconbox iconpos_left style_default color_custom align_left no_text\"><div class=\"w-iconbox-icon\" style=\"font-size:2rem;--icon-color:#c4c4c4;\"><i class=\"fas fa-angle-double-up\"><\/i><\/div><div class=\"w-iconbox-meta\"><div class=\"w-iconbox-title\">Automatisierungs- und Trackingfunktionen zur konstanten Prozessoptimierung<\/div><\/div><\/div><div class=\"w-separator size_small\"><\/div><div class=\"w-iconbox iconpos_left style_default color_custom align_left no_text\"><div class=\"w-iconbox-icon\" style=\"font-size:2rem;--icon-color:#c4c4c4;\"><i class=\"fas fa-industry\"><\/i><\/div><div class=\"w-iconbox-meta\"><div class=\"w-iconbox-title\">Geringer Platzverbrauch dank kompaktem Design<\/div><\/div><\/div><div class=\"w-separator size_small\"><\/div><div class=\"wpb_text_column\"><div class=\"wpb_wrapper\"><p>Egal, ob gro\u00dfer Unternehmenskomplex oder kleiner Betrieb, wir haben f\u00fcr jegliche Betriebsgr\u00f6\u00dfe und Probe die passende Station.<\/p>\n<\/div><\/div><\/div><\/div><\/div><div class=\"vc_col-sm-4 wpb_column vc_column_container\"><div class=\"vc_column-inner\"><div class=\"wpb_wrapper\"><div class=\"w-image align_none\"><div class=\"w-image-h\"><img decoding=\"async\" width=\"350\" height=\"181\" src=\"https:\/\/rohrpost.de\/wp-content\/uploads\/chemieunternehmen-rohrpost-350.jpg\" class=\"attachment-full size-full\" alt=\"chemielabor rohrpost\" loading=\"lazy\" srcset=\"https:\/\/rohrpost.de\/wp-content\/uploads\/\/chemieunternehmen-rohrpost-350.jpg 350w, https:\/\/rohrpost.de\/wp-content\/uploads\/\/chemieunternehmen-rohrpost-350-300x155.jpg 300w\" sizes=\"auto, (max-width: 350px) 100vw, 350px\" \/><\/div><\/div><div class=\"w-separator size_small\"><\/div><div class=\"wpb_text_column\"><div class=\"wpb_wrapper\"><p><a href=\"http:\/\/air-tube-systems.com\/wp-content\/uploads\/DE_Laborstationen.pdf\" target=\"_new\">&gt;&gt; Download Flyer Laborstationen<\/a><\/p>\n<\/div><\/div><\/div><\/div><\/div><\/div><\/div><\/div><\/div><\/div><\/div><\/section><!-- Row Backgrounds --><div class=\"upb_color\" data-bg-override=\"0\" data-bg-color=\"#f3f3f3\" data-fadeout=\"\" data-fadeout-percentage=\"30\" data-parallax-content=\"\" data-parallax-content-sense=\"30\" data-row-effect-mobile-disable=\"true\" data-img-parallax-mobile-disable=\"true\" data-rtl=\"false\"  data-custom-vc-row=\"\"  data-vc=\"8.7.2\"  data-is_old_vc=\"\"  data-theme-support=\"\"   data-overlay=\"false\" data-overlay-color=\"\" data-overlay-pattern=\"\" data-overlay-pattern-opacity=\"\" data-overlay-pattern-size=\"\"    ><\/div><section class=\"l-section wpb_row height_medium\"><div class=\"l-section-h i-cf\"><div class=\"g-cols vc_row via_flex valign_middle type_default stacking_default\"><div class=\"vc_col-sm-12 wpb_column vc_column_container\"><div class=\"vc_column-inner\"><div class=\"wpb_wrapper\"><div class=\"wpb_text_column\"><div class=\"wpb_wrapper\"><h2><strong>Beispielhafte Rohrpostinstallation im Industrielabor<\/strong><\/h2>\n<\/div><\/div><div class=\"w-image style_shadow-1 align_center\"><div class=\"w-image-h\"><img decoding=\"async\" width=\"3140\" height=\"760\" src=\"https:\/\/rohrpost.de\/wp-content\/uploads\/Sadaraheader-Rohrpost-im-Foksu-bl\u00e4ulich.jpg\" class=\"attachment-full size-full\" alt=\"Laborempfangsstation\" loading=\"lazy\" srcset=\"https:\/\/rohrpost.de\/wp-content\/uploads\/\/Sadaraheader-Rohrpost-im-Foksu-bl\u00e4ulich.jpg 3140w, https:\/\/rohrpost.de\/wp-content\/uploads\/\/Sadaraheader-Rohrpost-im-Foksu-bl\u00e4ulich-400x97.jpg 400w, https:\/\/rohrpost.de\/wp-content\/uploads\/\/Sadaraheader-Rohrpost-im-Foksu-bl\u00e4ulich-300x73.jpg 300w, https:\/\/rohrpost.de\/wp-content\/uploads\/\/Sadaraheader-Rohrpost-im-Foksu-bl\u00e4ulich-1024x248.jpg 1024w\" sizes=\"auto, (max-width: 3140px) 100vw, 3140px\" \/><\/div><\/div><div class=\"w-separator size_small\"><\/div><div class=\"wpb_text_column\"><div class=\"wpb_wrapper\"><p style=\"text-align: center;\"><em>Rohrpost in einem Industrielabor: Horizontales Senden und Empfangen mit einer Sortierung der Transportg\u00fcter in Priorit\u00e4t, Normal und R\u00fccktransport<\/em><\/p>\n<\/div><\/div><\/div><\/div><\/div><\/div><\/div><\/section><section class=\"l-section wpb_row height_medium\"><div class=\"l-section-h i-cf\"><div class=\"g-cols vc_row via_flex valign_top type_default stacking_default\"><div class=\"vc_col-sm-12 wpb_column vc_column_container\"><div class=\"vc_column-inner\"><div class=\"wpb_wrapper\"><div class=\"wpb_text_column\"><div class=\"wpb_wrapper\"><h2 id=\"industriebehaelter\"><strong>Rohrpostbeh\u00e4lter f\u00fcr Industrielabore<\/strong><\/h2>\n<\/div><\/div><div class=\"g-cols wpb_row via_flex valign_top type_default stacking_default\"><div class=\"vc_col-sm-3 wpb_column vc_column_container\"><div class=\"vc_column-inner\"><div class=\"wpb_wrapper\"><div class=\"w-image align_none\"><div class=\"w-image-h\"><img decoding=\"async\" width=\"550\" height=\"550\" src=\"https:\/\/rohrpost.de\/wp-content\/uploads\/industrie-rohrpostbehaelter.jpg\" class=\"attachment-large size-large\" alt=\"Industrie-Rohrpostbeh\u00e4lter\" loading=\"lazy\" srcset=\"https:\/\/rohrpost.de\/wp-content\/uploads\/\/industrie-rohrpostbehaelter.jpg 550w, https:\/\/rohrpost.de\/wp-content\/uploads\/\/industrie-rohrpostbehaelter-300x300.jpg 300w, https:\/\/rohrpost.de\/wp-content\/uploads\/\/industrie-rohrpostbehaelter-150x150.jpg 150w, https:\/\/rohrpost.de\/wp-content\/uploads\/\/industrie-rohrpostbehaelter-350x350.jpg 350w\" sizes=\"auto, (max-width: 550px) 100vw, 550px\" \/><\/div><\/div><\/div><\/div><\/div><div class=\"vc_col-sm-6 wpb_column vc_column_container\"><div class=\"vc_column-inner\"><div class=\"wpb_wrapper\"><div class=\"wpb_text_column\"><div class=\"wpb_wrapper\"><p>Speziell f\u00fcr den Einsatz von Rohrpost in Industrielaboren haben wir unseren Laborbeh\u00e4lter entwickelt. Der einfach zu h\u00e4ndelnde Beh\u00e4lter ist fl\u00fcssigkeitsdicht und kann mit verschiedenen Einsch\u00fcben erg\u00e4nzt werden. Diese sind abgestimmt auf die Nutzung in Industriebetrieben. Beispielsweise bieten wir einen temperaturisolierten Innenbeh\u00e4lter an, der hei\u00dfe Proben vor Erkalten sch\u00fctzt.<\/p>\n<p>Weitere Informationen finden Sie in der Brosch\u00fcre rechts.<\/p>\n<\/div><\/div><\/div><\/div><\/div><div class=\"vc_col-sm-3 wpb_column vc_column_container\"><div class=\"vc_column-inner\"><div class=\"wpb_wrapper\"><div class=\"wpb_text_column\"><div class=\"wpb_wrapper\"><p><a href=\"http:\/\/air-tube-systems.com\/wp-content\/uploads\/DE_broschuere-laborbehaelter.pdf\" target=\"_new\">&gt;&gt; Download Flyer Laborbeh\u00e4lter<\/a><\/p>\n<\/div><\/div><\/div><\/div><\/div><\/div><div class=\"w-separator size_small\"><\/div><div class=\"wpb_text_column\"><div class=\"wpb_wrapper\"><p>Eine Auswahl unserer anderen Rohrpostb\u00fcchsen finden Sie unter dem Punkt <a href=\"http:\/\/air-tube-systems.com\/rohrpostsysteme\/rohrpost-transportbehaelter\/\">&#8222;Transportbeh\u00e4lter&#8220;<\/a>. Egal ob Chemieunternehmen, Stahlwerke, Gie\u00dfereien, Lebensmittelunternehmen oder metallverarbeitender Betrieb. Wir haben f\u00fcr jegliche Probe den passenden Beh\u00e4lter.<\/p>\n<\/div><\/div><\/div><\/div><\/div><\/div><\/div><\/section><!-- Row Backgrounds --><div class=\"upb_color\" data-bg-override=\"0\" data-bg-color=\"#f3f3f3\" data-fadeout=\"\" data-fadeout-percentage=\"30\" data-parallax-content=\"\" data-parallax-content-sense=\"30\" data-row-effect-mobile-disable=\"true\" data-img-parallax-mobile-disable=\"true\" data-rtl=\"false\"  data-custom-vc-row=\"\"  data-vc=\"8.7.2\"  data-is_old_vc=\"\"  data-theme-support=\"\"   data-overlay=\"false\" data-overlay-color=\"\" data-overlay-pattern=\"\" data-overlay-pattern-opacity=\"\" data-overlay-pattern-size=\"\"    ><\/div><section class=\"l-section wpb_row height_small\"><div class=\"l-section-h i-cf\"><div class=\"g-cols vc_row via_flex valign_top type_default stacking_default\"><div class=\"vc_col-sm-6 wpb_column vc_column_container\"><div class=\"vc_column-inner\"><div class=\"wpb_wrapper\"><div class=\"w-actionbox color_primary controls_bottom\"><div class=\"w-actionbox-text\"><h3 class=\"w-actionbox-title\">Rohrpostsystem f\u00fcr Industrielabors<\/h3><div class=\"w-actionbox-description\"><p>F\u00fcr den Einsatz in Industrielabors eignet sich insbesondere unser System H61. Dieses bietet dank intelligenter Steuerung zahlreiche Features und kann mit speziellen Transportbeh\u00e4ltern erg\u00e4nzt werden.<\/p>\n<\/div><\/div><div class=\"w-actionbox-controls\"><a class=\"w-btn us-btn-style_5\" href=\"https:\/\/www.rohrpost.de\/rohrpostsysteme\/universalsystem-h61\/\"><span class=\"w-btn-label\">System H61<\/span><\/a><\/div><\/div><\/div><\/div><\/div><div class=\"vc_col-sm-6 wpb_column vc_column_container has_bg_color\"><div class=\"vc_column-inner us_custom_034ae7cb\"><div class=\"wpb_wrapper\"><div class=\"wpb_text_column\"><div class=\"wpb_wrapper\"><h3 style=\"text-align: center;\">Case Study Rohrpost im Industrielabor<\/h3>\n<\/div><\/div><div class=\"g-cols wpb_row via_flex valign_top type_default stacking_default\"><div class=\"vc_col-sm-6 wpb_column vc_column_container\"><div class=\"vc_column-inner\"><div class=\"wpb_wrapper\"><div class=\"w-image align_center\"><a target=\" _blank\" rel=\"nofollow\" href=\"https:\/\/rohrpost.de\/wp-content\/uploads\/Use-Case-Chemiekomplex.pdf\" aria-label=\"Case Study Industrial download\" class=\"w-image-h\"><img decoding=\"async\" width=\"142\" height=\"203\" src=\"https:\/\/rohrpost.de\/wp-content\/uploads\/Case-Study-Industrial-download.jpg\" class=\"attachment-full size-full\" alt=\"case study industrial\" loading=\"lazy\" \/><\/a><\/div><\/div><\/div><\/div><div class=\"vc_col-sm-6 wpb_column vc_column_container\"><div class=\"vc_column-inner\"><div class=\"wpb_wrapper\"><div class=\"wpb_text_column\"><div class=\"wpb_wrapper\"><p style=\"text-align: left;\">Lernen Sie mehr \u00fcber die m\u00f6gliche Anwendung von Rohrpostsystemen in Industrielabors. Die Case Study zeigt die Verwendung f\u00fcr den Transport von Proben im Labor eines Chemiekomplexes.<\/p>\n<\/div><\/div><\/div><\/div><\/div><\/div><\/div><\/div><\/div><\/div><\/div><\/section><section class=\"l-section wpb_row height_small\"><div class=\"l-section-h i-cf\"><div class=\"g-cols vc_row via_flex valign_top type_default stacking_default\"><div class=\"vc_col-sm-12 wpb_column vc_column_container\"><div class=\"vc_column-inner\"><div class=\"wpb_wrapper\"><div class=\"wpb_text_column\"><div class=\"wpb_wrapper\"><p style=\"text-align: center;\"><strong>Sie sind an einer Anwendung in Kliniklabors interessiert? <a href=\"http:\/\/air-tube-systems.com\/anwendungen\/krankenhaus\/\">Hier<\/a> finden Sie dazu weitere Informationen.<\/strong><\/p>\n<\/div><\/div><\/div><\/div><\/div><\/div><\/div><\/section><section class=\"l-section wpb_row height_medium\"><div class=\"l-section-h i-cf\"><div class=\"g-cols vc_row via_flex valign_top type_default stacking_default\"><div class=\"vc_col-sm-12 wpb_column vc_column_container\"><div class=\"vc_column-inner\"><div class=\"wpb_wrapper\"><div class=\"w-actionbox color_light controls_bottom\"><div class=\"w-actionbox-text\"><h2 class=\"w-actionbox-title\">Sie haben eine Frage oder interessieren sich f\u00fcr eine Rohrpostanlage in Ihrem Labor?<\/h2><\/div><div class=\"w-actionbox-controls\"><a class=\"w-btn us-btn-style_1\" style=\"font-size:15px\" target=\"_blank\" rel=\"nofollow\" href=\"mailto:sales@rohrpost.de\"><span class=\"w-btn-label\">Jetzt kontaktieren!<\/span><\/a><\/div><\/div><div class=\"w-separator size_custom\" style=\"height:32px\"><\/div><\/div><\/div><\/div><\/div><\/div><\/section>\n","protected":false},"excerpt":{"rendered":"Anwendung der Rohrpost in Industrielabors Hygienisch. Sicher. Effizient. Proben jeglicher Art k\u00f6nnen gefahrlos und hygienisch in das Industrielabor transportiert werden. Dabei ist es egal, welche physische Konsistenz oder welche Temperatur sie haben. Wir bieten f\u00fcr unterschiedliche Anforderungen in Industrielabors\u00a0passende Beh\u00e4lter\u00a0an. F\u00fcr das F\u00f6rdern hei\u00dfer Proben ist insbesondere unser Transportbeh\u00e4lter aus Stahl geeignet. Die L\u00e4nge des...","protected":false},"author":6,"featured_media":0,"parent":20,"menu_order":0,"comment_status":"closed","ping_status":"closed","template":"","meta":{"footnotes":""},"class_list":["post-1954","page","type-page","status-publish","hentry"],"yoast_head":"<!-- This site is optimized with the Yoast SEO plugin v27.2 - https:\/\/yoast.com\/product\/yoast-seo-wordpress\/ -->\n<title>Effiziente Logistik mit Rohrpost in Industrielabors | H\u00f6rtig Rohrpost GmbH<\/title>\n<meta name=\"description\" content=\"Nutzung von Rohrpost in Industrielabors \u2013 Hygienischer, effizienter und gefahrloser Versand von Proben \u2013 Prozessoptimierung\" \/>\n<meta name=\"robots\" content=\"index, follow, max-snippet:-1, max-image-preview:large, max-video-preview:-1\" \/>\n<link rel=\"canonical\" href=\"https:\/\/rohrpost.de\/de\/anwendungen\/industrielabor\/\" \/>\n<meta property=\"og:locale\" content=\"de_DE\" \/>\n<meta property=\"og:type\" content=\"article\" \/>\n<meta property=\"og:title\" content=\"Effiziente Logistik mit Rohrpost in Industrielabors | H\u00f6rtig Rohrpost GmbH\" \/>\n<meta property=\"og:description\" content=\"Nutzung von Rohrpost in Industrielabors \u2013 Hygienischer, effizienter und gefahrloser Versand von Proben \u2013 Prozessoptimierung\" \/>\n<meta property=\"og:url\" content=\"https:\/\/rohrpost.de\/de\/anwendungen\/industrielabor\/\" \/>\n<meta property=\"og:site_name\" content=\"H\u00f6rtig Rohrpost\" \/>\n<meta property=\"article:modified_time\" content=\"2025-02-20T14:25:37+00:00\" \/>\n<meta property=\"og:image\" content=\"https:\/\/rohrpost.de\/wp-content\/uploads\/HR-Logo2017-RAL6018.jpg\" \/>\n\t<meta property=\"og:image:width\" content=\"10000\" \/>\n\t<meta property=\"og:image:height\" content=\"2759\" \/>\n\t<meta property=\"og:image:type\" content=\"image\/jpeg\" \/>\n<meta name=\"twitter:card\" content=\"summary_large_image\" \/>\n<meta name=\"twitter:label1\" content=\"Gesch\u00e4tzte Lesezeit\" \/>\n\t<meta name=\"twitter:data1\" content=\"4\u00a0Minuten\" \/>\n<script type=\"application\/ld+json\" class=\"yoast-schema-graph\">{\"@context\":\"https:\/\/schema.org\",\"@graph\":[{\"@type\":\"WebPage\",\"@id\":\"https:\/\/rohrpost.de\/de\/anwendungen\/industrielabor\/\",\"url\":\"https:\/\/rohrpost.de\/de\/anwendungen\/industrielabor\/\",\"name\":\"Effiziente Logistik mit Rohrpost in Industrielabors | H\u00f6rtig Rohrpost GmbH\",\"isPartOf\":{\"@id\":\"https:\/\/rohrpost.de\/de\/#website\"},\"datePublished\":\"2017-10-12T14:06:21+00:00\",\"dateModified\":\"2025-02-20T14:25:37+00:00\",\"description\":\"Nutzung von Rohrpost in Industrielabors \u2013 Hygienischer, effizienter und gefahrloser Versand von Proben \u2013 Prozessoptimierung\",\"breadcrumb\":{\"@id\":\"https:\/\/rohrpost.de\/de\/anwendungen\/industrielabor\/#breadcrumb\"},\"inLanguage\":\"de\",\"potentialAction\":[{\"@type\":\"ReadAction\",\"target\":[\"https:\/\/rohrpost.de\/de\/anwendungen\/industrielabor\/\"]}]},{\"@type\":\"BreadcrumbList\",\"@id\":\"https:\/\/rohrpost.de\/de\/anwendungen\/industrielabor\/#breadcrumb\",\"itemListElement\":[{\"@type\":\"ListItem\",\"position\":1,\"name\":\"Startseite\",\"item\":\"https:\/\/rohrpost.de\/de\/\"},{\"@type\":\"ListItem\",\"position\":2,\"name\":\"Anwendungen\",\"item\":\"https:\/\/rohrpost.de\/de\/anwendungen\/\"},{\"@type\":\"ListItem\",\"position\":3,\"name\":\"Industrielabor\"}]},{\"@type\":\"WebSite\",\"@id\":\"https:\/\/rohrpost.de\/de\/#website\",\"url\":\"https:\/\/rohrpost.de\/de\/\",\"name\":\"H\u00f6rtig Rohrpost\",\"description\":\"Hersteller von smarten Rohrpostsystemen\",\"publisher\":{\"@id\":\"https:\/\/rohrpost.de\/de\/#organization\"},\"potentialAction\":[{\"@type\":\"SearchAction\",\"target\":{\"@type\":\"EntryPoint\",\"urlTemplate\":\"https:\/\/rohrpost.de\/de\/?s={search_term_string}\"},\"query-input\":{\"@type\":\"PropertyValueSpecification\",\"valueRequired\":true,\"valueName\":\"search_term_string\"}}],\"inLanguage\":\"de\"},{\"@type\":\"Organization\",\"@id\":\"https:\/\/rohrpost.de\/de\/#organization\",\"name\":\"H\u00f6rtig Rohrpost GmbH\",\"url\":\"https:\/\/rohrpost.de\/de\/\",\"logo\":{\"@type\":\"ImageObject\",\"inLanguage\":\"de\",\"@id\":\"https:\/\/rohrpost.de\/de\/#\/schema\/logo\/image\/\",\"url\":\"http:\/\/air-tube-systems.com\/wp-content\/uploads\/HR-Logo2017-RAL6018.jpg\",\"contentUrl\":\"http:\/\/air-tube-systems.com\/wp-content\/uploads\/HR-Logo2017-RAL6018.jpg\",\"width\":10000,\"height\":2759,\"caption\":\"H\u00f6rtig Rohrpost GmbH\"},\"image\":{\"@id\":\"https:\/\/rohrpost.de\/de\/#\/schema\/logo\/image\/\"}}]}<\/script>\n<!-- \/ Yoast SEO plugin. -->","yoast_head_json":{"title":"Effiziente Logistik mit Rohrpost in Industrielabors | H\u00f6rtig Rohrpost GmbH","description":"Nutzung von Rohrpost in Industrielabors \u2013 Hygienischer, effizienter und gefahrloser Versand von Proben \u2013 Prozessoptimierung","robots":{"index":"index","follow":"follow","max-snippet":"max-snippet:-1","max-image-preview":"max-image-preview:large","max-video-preview":"max-video-preview:-1"},"canonical":"https:\/\/rohrpost.de\/de\/anwendungen\/industrielabor\/","og_locale":"de_DE","og_type":"article","og_title":"Effiziente Logistik mit Rohrpost in Industrielabors | H\u00f6rtig Rohrpost GmbH","og_description":"Nutzung von Rohrpost in Industrielabors \u2013 Hygienischer, effizienter und gefahrloser Versand von Proben \u2013 Prozessoptimierung","og_url":"https:\/\/rohrpost.de\/de\/anwendungen\/industrielabor\/","og_site_name":"H\u00f6rtig Rohrpost","article_modified_time":"2025-02-20T14:25:37+00:00","og_image":[{"width":10000,"height":2759,"url":"https:\/\/rohrpost.de\/wp-content\/uploads\/HR-Logo2017-RAL6018.jpg","type":"image\/jpeg"}],"twitter_card":"summary_large_image","twitter_misc":{"Gesch\u00e4tzte Lesezeit":"4\u00a0Minuten"},"schema":{"@context":"https:\/\/schema.org","@graph":[{"@type":"WebPage","@id":"https:\/\/rohrpost.de\/de\/anwendungen\/industrielabor\/","url":"https:\/\/rohrpost.de\/de\/anwendungen\/industrielabor\/","name":"Effiziente Logistik mit Rohrpost in Industrielabors | H\u00f6rtig Rohrpost GmbH","isPartOf":{"@id":"https:\/\/rohrpost.de\/de\/#website"},"datePublished":"2017-10-12T14:06:21+00:00","dateModified":"2025-02-20T14:25:37+00:00","description":"Nutzung von Rohrpost in Industrielabors \u2013 Hygienischer, effizienter und gefahrloser Versand von Proben \u2013 Prozessoptimierung","breadcrumb":{"@id":"https:\/\/rohrpost.de\/de\/anwendungen\/industrielabor\/#breadcrumb"},"inLanguage":"de","potentialAction":[{"@type":"ReadAction","target":["https:\/\/rohrpost.de\/de\/anwendungen\/industrielabor\/"]}]},{"@type":"BreadcrumbList","@id":"https:\/\/rohrpost.de\/de\/anwendungen\/industrielabor\/#breadcrumb","itemListElement":[{"@type":"ListItem","position":1,"name":"Startseite","item":"https:\/\/rohrpost.de\/de\/"},{"@type":"ListItem","position":2,"name":"Anwendungen","item":"https:\/\/rohrpost.de\/de\/anwendungen\/"},{"@type":"ListItem","position":3,"name":"Industrielabor"}]},{"@type":"WebSite","@id":"https:\/\/rohrpost.de\/de\/#website","url":"https:\/\/rohrpost.de\/de\/","name":"H\u00f6rtig Rohrpost","description":"Hersteller von smarten Rohrpostsystemen","publisher":{"@id":"https:\/\/rohrpost.de\/de\/#organization"},"potentialAction":[{"@type":"SearchAction","target":{"@type":"EntryPoint","urlTemplate":"https:\/\/rohrpost.de\/de\/?s={search_term_string}"},"query-input":{"@type":"PropertyValueSpecification","valueRequired":true,"valueName":"search_term_string"}}],"inLanguage":"de"},{"@type":"Organization","@id":"https:\/\/rohrpost.de\/de\/#organization","name":"H\u00f6rtig Rohrpost GmbH","url":"https:\/\/rohrpost.de\/de\/","logo":{"@type":"ImageObject","inLanguage":"de","@id":"https:\/\/rohrpost.de\/de\/#\/schema\/logo\/image\/","url":"http:\/\/air-tube-systems.com\/wp-content\/uploads\/HR-Logo2017-RAL6018.jpg","contentUrl":"http:\/\/air-tube-systems.com\/wp-content\/uploads\/HR-Logo2017-RAL6018.jpg","width":10000,"height":2759,"caption":"H\u00f6rtig Rohrpost GmbH"},"image":{"@id":"https:\/\/rohrpost.de\/de\/#\/schema\/logo\/image\/"}}]}},"_links":{"self":[{"href":"https:\/\/rohrpost.de\/de\/wp-json\/wp\/v2\/pages\/1954","targetHints":{"allow":["GET"]}}],"collection":[{"href":"https:\/\/rohrpost.de\/de\/wp-json\/wp\/v2\/pages"}],"about":[{"href":"https:\/\/rohrpost.de\/de\/wp-json\/wp\/v2\/types\/page"}],"author":[{"embeddable":true,"href":"https:\/\/rohrpost.de\/de\/wp-json\/wp\/v2\/users\/6"}],"replies":[{"embeddable":true,"href":"https:\/\/rohrpost.de\/de\/wp-json\/wp\/v2\/comments?post=1954"}],"version-history":[{"count":7,"href":"https:\/\/rohrpost.de\/de\/wp-json\/wp\/v2\/pages\/1954\/revisions"}],"predecessor-version":[{"id":26873,"href":"https:\/\/rohrpost.de\/de\/wp-json\/wp\/v2\/pages\/1954\/revisions\/26873"}],"up":[{"embeddable":true,"href":"https:\/\/rohrpost.de\/de\/wp-json\/wp\/v2\/pages\/20"}],"wp:attachment":[{"href":"https:\/\/rohrpost.de\/de\/wp-json\/wp\/v2\/media?parent=1954"}],"curies":[{"name":"wp","href":"https:\/\/api.w.org\/{rel}","templated":true}]}}