{"id":1819,"date":"2017-10-09T07:33:47","date_gmt":"2017-10-09T07:33:47","guid":{"rendered":"http:\/\/rohrpost.pulsar-media.de\/?page_id=1819"},"modified":"2025-02-20T17:23:26","modified_gmt":"2025-02-20T17:23:26","slug":"rohrpost-spezialloesungen","status":"publish","type":"page","link":"https:\/\/rohrpost.de\/de\/rohrpostsysteme\/rohrpost-spezialloesungen\/","title":{"rendered":"Rohrpost Speziall\u00f6sungen"},"content":{"rendered":"<section class=\"l-section wpb_row height_medium\"><div class=\"l-section-h i-cf\"><div class=\"g-cols vc_row via_flex valign_top type_default stacking_default\"><div class=\"vc_col-sm-12 wpb_column vc_column_container\"><div class=\"vc_column-inner\"><div class=\"wpb_wrapper\"><div class=\"wpb_text_column\"><div class=\"wpb_wrapper\"><h1 style=\"text-align: left;\" align=\"justify\"><strong>Unsere Speziall\u00f6sungen<\/strong><\/h1>\n<p style=\"text-align: left;\" align=\"justify\">Neben den Standardsystemen entwickelt und fertigt H\u00d6RTIG Rohrpost <strong>kundenspezifische Rohrf\u00f6rdersysteme<\/strong> f\u00fcr alle Bereiche des innerbetrieblichen Warentransports. Auch k\u00f6nnen Sie sich als Kunde auf Wunsch Ihre Steuerung zu unseren Produkten selbst bauen.<\/p>\n<p style=\"text-align: left;\" align=\"justify\">Wir passen unser Angebot den unterschiedlichsten Anforderungen hinsichtlich Transportgut, Zuladung und Stationsausf\u00fchrung an. Transportiert werden k\u00f6nnen beispielsweise gro\u00dfe Mengen von Versandpapieren oder Lieferscheinen, <strong>hei\u00dfe<\/strong> Schlacke, <strong>Sch\u00fcttgut<\/strong> oder besonders <strong>schwere<\/strong> sowie <strong>gro\u00dfe<\/strong> G\u00fcter, einschlie\u00dflich Ger\u00e4te und Metallwaren. Die Systeme Jumbo und Cargo(Plus) k\u00f6nnen besonders gro\u00dfe und schwere G\u00fcter schnell und zuverl\u00e4ssig transportieren \u2013 bis hin zu einem Rohrdurchmesser von 500 mm und einem Gewicht von 50 kg.<\/p>\n<\/div><\/div><\/div><\/div><\/div><\/div><\/div><\/section><section class=\"l-section wpb_row height_auto\"><div class=\"l-section-h i-cf\"><div class=\"g-cols vc_row via_flex valign_top type_default stacking_default\"><div class=\"vc_col-sm-6 wpb_column vc_column_container\"><div class=\"vc_column-inner\"><div class=\"wpb_wrapper\"><div class=\"wpb_text_column\"><div class=\"wpb_wrapper\"><h2><strong>System Jumbo 160<\/strong><\/h2>\n<h3>Unser System f\u00fcr gro\u00dfes und schweres Transportvolumen<\/h3>\n<p style=\"text-align: left;\" align=\"justify\">Ob zum Transport von Werkzeugen, Schrauben, Laborproben oder sonstigen Teilen \u2013 mit dem Rohrf\u00f6rdersystem <strong>Jumbo<\/strong> kann alles bef\u00f6rdert werden, was in den Beh\u00e4lter passt. Es f\u00f6rdert G\u00fcter mit einem Gesamtgewicht von bis zu 13 kg.<\/p>\n<p style=\"text-align: left;\" align=\"justify\">Beispielhafte <strong>Transportwege<\/strong> des Jumbos:<\/p>\n<figure id=\"attachment_2139\" aria-describedby=\"caption-attachment-2139\" style=\"width: 225px\" class=\"wp-caption alignright\"><img loading=\"lazy\" decoding=\"async\" class=\"wp-image-2139 size-medium\" src=\"http:\/\/air-tube-systems.com\/wp-content\/uploads\/Rohrpost-Produktion-225x300.jpg\" alt=\"Nutzung der Rohrpost zum Transport von Werkzeug in der Produktion\" width=\"225\" height=\"300\" \/><figcaption id=\"caption-attachment-2139\" class=\"wp-caption-text\">Transportbeh\u00e4lter aus VA-Stahl<\/figcaption><\/figure>\n<ul style=\"text-align: left;\">\n<li>Warenausgabe zur Fertigung oder zum Best\u00fcckungsautomaten<\/li>\n<li>Werkzeugausgabe zu den Fertigungsautomaten<\/li>\n<li>Lager zum Montageband<\/li>\n<li>Fertigung zum Lager oder zur Qualit\u00e4tssicherung<\/li>\n<\/ul>\n<p style=\"text-align: left;\" align=\"justify\">Unsere <strong>Angebotspalette<\/strong> rund um den Jumbo beinhaltet zum Beispiel: eine platzsparende senkrechte Sende- und Empfangsstation, die waagrechte Sende- und Empfangsstation mit Sicherheitsverschluss bei ankommenden Transportbeh\u00e4ltern, oder die vollautomatische Abfahrt der Transportbeh\u00e4lter mit Zuf\u00fchrung auf Flie\u00dfb\u00e4ndern.<\/p>\n<p style=\"text-align: left;\" align=\"justify\">Au\u00dferdem bieten wir einen, eigens f\u00fcr dieses System von uns entwickelten, <strong>Transportbeh\u00e4lter aus VA-Stahl<\/strong> mit selbsthaltendem Dreh-Schwenk-Verschluss an.<\/p>\n<\/div><\/div><div class=\"wpb_text_column\"><div class=\"wpb_wrapper\"><p style=\"text-align: left;\" align=\"justify\">Das System <strong>Cargo<\/strong> bildet eine Verbindung zwischen Kommissionierungssystemen und Best\u00fcckungsarbeitsplatz. Es ist <strong>vollautomatisch<\/strong> oder entsprechend dem Einsatzbereich auch manuell bedienbar.<\/p>\n<p style=\"text-align: left;\" align=\"justify\">Unser speziell f\u00fcr dieses System entwickelter Transportbeh\u00e4lter verbleibt im Fahrrohr und f\u00e4hrt nach der <strong>selbstst\u00e4ndigen Entladung<\/strong> in einer senkrechten Empfangsstation sofort zu seiner Sendestation zur\u00fcck. In der Zwischenzeit kann in der Sendestation ein zweiter Beh\u00e4lter bef\u00fcllt werden.<\/p>\n<p style=\"text-align: left;\" align=\"justify\">Dank der <strong>schnellen Fahrtgeschwindigkeit<\/strong> des Beh\u00e4lters (bis zu 6 m\/s) ist Cargo f\u00fcr das F\u00f6rdern bei zeitabh\u00e4ngigen Fertigungskommissionierungen in Industriebetrieben ausgelegt. Wegen des <strong>gro\u00dfen Ladevolumens<\/strong> kann es auch f\u00fcr den Transport von Versandpapieren in Logistikunternehmen genutzt werden.<\/p>\n<p style=\"text-align: left;\" align=\"justify\">Das System wird kundenspezifischen Anforderungen und W\u00fcnschen angepasst. Lieferbarer Fahrrohrdurchmesser: Do315 mm \u2013 F\u00f6rdergewicht bis 25 kg.<\/p>\n<figure id=\"attachment_4081\" aria-describedby=\"caption-attachment-4081\" style=\"width: 300px\" class=\"wp-caption aligncenter\"><img loading=\"lazy\" decoding=\"async\" class=\"wp-image-4081 size-full\" src=\"http:\/\/air-tube-systems.com\/wp-content\/uploads\/Cargo-Transportbeh\u00e4lter-gro\u00df-.jpg\" alt=\"\" width=\"300\" height=\"300\" srcset=\"https:\/\/rohrpost.de\/wp-content\/uploads\/\/Cargo-Transportbeh\u00e4lter-gro\u00df-.jpg 300w, https:\/\/rohrpost.de\/wp-content\/uploads\/\/Cargo-Transportbeh\u00e4lter-gro\u00df--150x150.jpg 150w\" sizes=\"auto, (max-width: 300px) 100vw, 300px\" \/><figcaption id=\"caption-attachment-4081\" class=\"wp-caption-text\">Transportbeh\u00e4lter 1.9405.W.00 f\u00fcr das System &#8222;Cargo&#8220;<\/figcaption><\/figure>\n<\/div><\/div><div class=\"wpb_text_column\"><div class=\"wpb_wrapper\"><p style=\"text-align: left;\" align=\"justify\">Das System <strong>CargoPlus<\/strong> ist das weltweit erste Rohrf\u00f6rdersystem mit einem <strong>Fahrrohrdurchmesser von 500 mm.<\/strong> Mit einer Fahrgeschwindigkeit von 2 m\/s bef\u00f6rdert CargoPlus G\u00fcter <strong>bis zu einem Gewicht von 50 kg.<\/strong><\/p>\n<figure id=\"attachment_2220\" aria-describedby=\"caption-attachment-2220\" style=\"width: 224px\" class=\"wp-caption alignright\"><img loading=\"lazy\" decoding=\"async\" class=\"wp-image-2220 size-medium\" src=\"http:\/\/air-tube-systems.com\/wp-content\/uploads\/cargoplus-gro\u00dfe-rohrpostbuechse-224x300.jpg\" alt=\"CargoPlus Rohrpost besonders gro\u00dfe G\u00fcter\" width=\"224\" height=\"300\" \/><figcaption id=\"caption-attachment-2220\" class=\"wp-caption-text\">Cargo Plus Beh\u00e4lter<\/figcaption><\/figure>\n<p style=\"text-align: left;\" align=\"justify\">CargoPlus bietet optimale Logistik f\u00fcr den Warentransport innerhalb unterschiedlichster industrieller Fertigungsprozesse. Es kann den steigenden Bed\u00fcrfnissen des Kunden nach <strong>Flexibilit\u00e4t und Effizienz<\/strong> individuell angepasst werden. Die Transportbeh\u00e4lter werden <strong>f\u00fcr das jeweils zu bef\u00f6rdernde Ladegut ma\u00dfgeschneidert<\/strong> gefertigt.<\/p>\n<p style=\"text-align: left;\" align=\"justify\">Dank <a href=\"http:\/\/air-tube-systems.com\/warum-rohrpost\/\">platzsparender Verlegung der Fahrrohre <\/a>an der Decke bleibt der Bodenbereich mit der Nutzung eines Rohrpostsystems als Produktionsraum frei.<\/p>\n<\/div><\/div><\/div><\/div><\/div><div class=\"vc_col-sm-6 wpb_column vc_column_container\"><div class=\"vc_column-inner\"><div class=\"wpb_wrapper\"><div class=\"wpb_text_column\"><div class=\"wpb_wrapper\"><h2><strong>System Sch\u00fcttgut<\/strong><\/h2>\n<h3>Unser System f\u00fcr den Sch\u00fcttg\u00fctertransport<\/h3>\n<p style=\"text-align: left;\">Das <strong>impulsgesteuerte Intervall-F\u00f6rdersystem<\/strong> f\u00fcr Fahrrohr-Nennweite Do110 mm ist speziell an den Transport von Sch\u00fcttgut angepasst. Dieses kann in regelm\u00e4\u00dfigen oder unregelm\u00e4\u00dfigen Zeitintervallen von der Bef\u00fcllungsanlage zur jeweiligen Weiterverarbeitung bef\u00f6rdert werden.<\/p>\n<\/div><\/div><div class=\"w-image style_shadow-1 align_center\"><div class=\"w-image-h\"><img decoding=\"async\" width=\"528\" height=\"396\" src=\"https:\/\/rohrpost.de\/wp-content\/uploads\/Schuettguttransport_Rohrpost.jpg\" class=\"attachment-us_600_600_crop size-us_600_600_crop\" alt=\"Sch\u00fcttg\u00fcter f\u00f6rdern\" loading=\"lazy\" srcset=\"https:\/\/rohrpost.de\/wp-content\/uploads\/\/Schuettguttransport_Rohrpost.jpg 528w, https:\/\/rohrpost.de\/wp-content\/uploads\/\/Schuettguttransport_Rohrpost-400x300.jpg 400w, https:\/\/rohrpost.de\/wp-content\/uploads\/\/Schuettguttransport_Rohrpost-300x225.jpg 300w\" sizes=\"auto, (max-width: 528px) 100vw, 528px\" \/><\/div><\/div><div class=\"wpb_text_column\"><div class=\"wpb_wrapper\"><p style=\"text-align: left;\"><span id=\"_ctl6_Show_Article\" class=\"beitrag\">Mit unserer Rohrpost kann hei\u00dfe Schlacke in das Labor versendet werden. Dies erm\u00f6glicht eine <strong>Qualit\u00e4tskontrolle w\u00e4hrend der laufenden Produktion<\/strong> von Stahl.<\/span><\/p>\n<\/div><\/div><div class=\"w-image style_shadow-1 align_center\"><div class=\"w-image-h\"><img decoding=\"async\" width=\"528\" height=\"492\" src=\"https:\/\/rohrpost.de\/wp-content\/uploads\/hei\u00dfe-schlacke-transport.jpg\" class=\"attachment-us_600_600_crop size-us_600_600_crop\" alt=\"Transport von hei\u00dfer Schlacke, Stahlproben\" loading=\"lazy\" srcset=\"https:\/\/rohrpost.de\/wp-content\/uploads\/\/hei\u00dfe-schlacke-transport.jpg 528w, https:\/\/rohrpost.de\/wp-content\/uploads\/\/hei\u00dfe-schlacke-transport-400x373.jpg 400w, https:\/\/rohrpost.de\/wp-content\/uploads\/\/hei\u00dfe-schlacke-transport-300x280.jpg 300w\" sizes=\"auto, (max-width: 528px) 100vw, 528px\" \/><\/div><\/div><div class=\"wpb_text_column\"><div class=\"wpb_wrapper\"><p style=\"text-align: left;\">F\u00fcr unsere Systeme gibt es eine Reihe speziell entwickelter Transportbeh\u00e4lter:<\/p>\n<ul>\n<li style=\"text-align: left;\">Temperaturisolierter Beh\u00e4lter mit vollkommener Dichtigkeit f\u00fcr Chemielabors und Krankenh\u00e4user \u2013 auch in einer Variante f\u00fcr 3 kg schwere Gaszylinder erh\u00e4ltlich<\/li>\n<li style=\"text-align: left;\">Druckdichte Beh\u00e4lter mit 3 Sicherheitslayers, die ein Auslaufen verhindern, f\u00fcr den Transport von Giftgasen<\/li>\n<li style=\"text-align: left;\">Beh\u00e4lter mit K\u00fchlakkus oder W\u00e4rmevorrichtung<\/li>\n<\/ul>\n<\/div><\/div><\/div><\/div><\/div><\/div><\/div><\/section><section class=\"l-section wpb_row height_medium\"><div class=\"l-section-h i-cf\"><div class=\"g-cols vc_row via_flex valign_top type_default stacking_default\"><div class=\"vc_col-sm-12 wpb_column vc_column_container\"><div class=\"vc_column-inner\"><div class=\"wpb_wrapper\"><div class=\"w-actionbox color_primary controls_right\"><div class=\"w-actionbox-text\"><h2 class=\"w-actionbox-title\" style=\"font-size:30px\">Sie interessieren sich f\u00fcr unsere Speziall\u00f6sungen oder w\u00fcnschen weitere Informationen?<\/h2><\/div><div class=\"w-actionbox-controls\"><a class=\"w-btn us-btn-style_5\" href=\"https:\/\/www.rohrpost.de\/unternehmen\/kontakt\/\"><span class=\"w-btn-label\">Jetzt kontaktieren<\/span><\/a><\/div><\/div><\/div><\/div><\/div><\/div><\/div><\/section>\n","protected":false},"excerpt":{"rendered":"Unsere Speziall\u00f6sungen Neben den Standardsystemen entwickelt und fertigt H\u00d6RTIG Rohrpost kundenspezifische Rohrf\u00f6rdersysteme f\u00fcr alle Bereiche des innerbetrieblichen Warentransports. Auch k\u00f6nnen Sie sich als Kunde auf Wunsch Ihre Steuerung zu unseren Produkten selbst bauen. Wir passen unser Angebot den unterschiedlichsten Anforderungen hinsichtlich Transportgut, Zuladung und Stationsausf\u00fchrung an. Transportiert werden k\u00f6nnen beispielsweise gro\u00dfe Mengen von Versandpapieren oder...","protected":false},"author":6,"featured_media":0,"parent":1738,"menu_order":0,"comment_status":"closed","ping_status":"closed","template":"","meta":{"footnotes":""},"class_list":["post-1819","page","type-page","status-publish","hentry"],"yoast_head":"<!-- This site is optimized with the Yoast SEO plugin v27.2 - https:\/\/yoast.com\/product\/yoast-seo-wordpress\/ -->\n<title>Individuelle Rohrpost Speziall\u00f6sungen | H\u00f6rtig Rohrpost GmbH<\/title>\n<meta name=\"description\" content=\"Kundenspezifische Rohrpostsysteme \u2013 vollautomatische Probenahme \u2013 CargoPlus f\u00fcr besonders gro\u00dfe und schwere G\u00fcter \u2013 Lassen Sie sich beraten!\" \/>\n<meta name=\"robots\" content=\"index, follow, max-snippet:-1, max-image-preview:large, max-video-preview:-1\" \/>\n<link rel=\"canonical\" href=\"https:\/\/rohrpost.de\/de\/rohrpostsysteme\/rohrpost-spezialloesungen\/\" \/>\n<meta property=\"og:locale\" content=\"de_DE\" \/>\n<meta property=\"og:type\" content=\"article\" \/>\n<meta property=\"og:title\" content=\"Individuelle Rohrpost Speziall\u00f6sungen | H\u00f6rtig Rohrpost GmbH\" \/>\n<meta property=\"og:description\" content=\"Kundenspezifische Rohrpostsysteme \u2013 vollautomatische Probenahme \u2013 CargoPlus f\u00fcr besonders gro\u00dfe und schwere G\u00fcter \u2013 Lassen Sie sich beraten!\" \/>\n<meta property=\"og:url\" content=\"https:\/\/rohrpost.de\/de\/rohrpostsysteme\/rohrpost-spezialloesungen\/\" \/>\n<meta property=\"og:site_name\" content=\"H\u00f6rtig Rohrpost\" \/>\n<meta property=\"article:modified_time\" content=\"2025-02-20T17:23:26+00:00\" \/>\n<meta property=\"og:image\" content=\"http:\/\/air-tube-systems.com\/wp-content\/uploads\/Rohrpost-Produktion-225x300.jpg\" \/>\n<meta name=\"twitter:card\" content=\"summary_large_image\" \/>\n<meta name=\"twitter:label1\" content=\"Gesch\u00e4tzte Lesezeit\" \/>\n\t<meta name=\"twitter:data1\" content=\"4\u00a0Minuten\" \/>\n<script type=\"application\/ld+json\" class=\"yoast-schema-graph\">{\"@context\":\"https:\/\/schema.org\",\"@graph\":[{\"@type\":\"WebPage\",\"@id\":\"https:\/\/rohrpost.de\/de\/rohrpostsysteme\/rohrpost-spezialloesungen\/\",\"url\":\"https:\/\/rohrpost.de\/de\/rohrpostsysteme\/rohrpost-spezialloesungen\/\",\"name\":\"Individuelle Rohrpost Speziall\u00f6sungen | H\u00f6rtig Rohrpost GmbH\",\"isPartOf\":{\"@id\":\"https:\/\/rohrpost.de\/de\/#website\"},\"primaryImageOfPage\":{\"@id\":\"https:\/\/rohrpost.de\/de\/rohrpostsysteme\/rohrpost-spezialloesungen\/#primaryimage\"},\"image\":{\"@id\":\"https:\/\/rohrpost.de\/de\/rohrpostsysteme\/rohrpost-spezialloesungen\/#primaryimage\"},\"thumbnailUrl\":\"http:\/\/air-tube-systems.com\/wp-content\/uploads\/Rohrpost-Produktion-225x300.jpg\",\"datePublished\":\"2017-10-09T07:33:47+00:00\",\"dateModified\":\"2025-02-20T17:23:26+00:00\",\"description\":\"Kundenspezifische Rohrpostsysteme \u2013 vollautomatische Probenahme \u2013 CargoPlus f\u00fcr besonders gro\u00dfe und schwere G\u00fcter \u2013 Lassen Sie sich beraten!\",\"breadcrumb\":{\"@id\":\"https:\/\/rohrpost.de\/de\/rohrpostsysteme\/rohrpost-spezialloesungen\/#breadcrumb\"},\"inLanguage\":\"de\",\"potentialAction\":[{\"@type\":\"ReadAction\",\"target\":[\"https:\/\/rohrpost.de\/de\/rohrpostsysteme\/rohrpost-spezialloesungen\/\"]}]},{\"@type\":\"ImageObject\",\"inLanguage\":\"de\",\"@id\":\"https:\/\/rohrpost.de\/de\/rohrpostsysteme\/rohrpost-spezialloesungen\/#primaryimage\",\"url\":\"http:\/\/air-tube-systems.com\/wp-content\/uploads\/Rohrpost-Produktion-225x300.jpg\",\"contentUrl\":\"http:\/\/air-tube-systems.com\/wp-content\/uploads\/Rohrpost-Produktion-225x300.jpg\"},{\"@type\":\"BreadcrumbList\",\"@id\":\"https:\/\/rohrpost.de\/de\/rohrpostsysteme\/rohrpost-spezialloesungen\/#breadcrumb\",\"itemListElement\":[{\"@type\":\"ListItem\",\"position\":1,\"name\":\"Startseite\",\"item\":\"https:\/\/rohrpost.de\/de\/\"},{\"@type\":\"ListItem\",\"position\":2,\"name\":\"Rohrpostsysteme\",\"item\":\"https:\/\/rohrpost.de\/de\/rohrpostsysteme\/\"},{\"@type\":\"ListItem\",\"position\":3,\"name\":\"Rohrpost Speziall\u00f6sungen\"}]},{\"@type\":\"WebSite\",\"@id\":\"https:\/\/rohrpost.de\/de\/#website\",\"url\":\"https:\/\/rohrpost.de\/de\/\",\"name\":\"H\u00f6rtig Rohrpost\",\"description\":\"Hersteller von smarten Rohrpostsystemen\",\"publisher\":{\"@id\":\"https:\/\/rohrpost.de\/de\/#organization\"},\"potentialAction\":[{\"@type\":\"SearchAction\",\"target\":{\"@type\":\"EntryPoint\",\"urlTemplate\":\"https:\/\/rohrpost.de\/de\/?s={search_term_string}\"},\"query-input\":{\"@type\":\"PropertyValueSpecification\",\"valueRequired\":true,\"valueName\":\"search_term_string\"}}],\"inLanguage\":\"de\"},{\"@type\":\"Organization\",\"@id\":\"https:\/\/rohrpost.de\/de\/#organization\",\"name\":\"H\u00f6rtig Rohrpost GmbH\",\"url\":\"https:\/\/rohrpost.de\/de\/\",\"logo\":{\"@type\":\"ImageObject\",\"inLanguage\":\"de\",\"@id\":\"https:\/\/rohrpost.de\/de\/#\/schema\/logo\/image\/\",\"url\":\"http:\/\/air-tube-systems.com\/wp-content\/uploads\/HR-Logo2017-RAL6018.jpg\",\"contentUrl\":\"http:\/\/air-tube-systems.com\/wp-content\/uploads\/HR-Logo2017-RAL6018.jpg\",\"width\":10000,\"height\":2759,\"caption\":\"H\u00f6rtig Rohrpost GmbH\"},\"image\":{\"@id\":\"https:\/\/rohrpost.de\/de\/#\/schema\/logo\/image\/\"}}]}<\/script>\n<!-- \/ Yoast SEO plugin. -->","yoast_head_json":{"title":"Individuelle Rohrpost Speziall\u00f6sungen | H\u00f6rtig Rohrpost GmbH","description":"Kundenspezifische Rohrpostsysteme \u2013 vollautomatische Probenahme \u2013 CargoPlus f\u00fcr besonders gro\u00dfe und schwere G\u00fcter \u2013 Lassen Sie sich beraten!","robots":{"index":"index","follow":"follow","max-snippet":"max-snippet:-1","max-image-preview":"max-image-preview:large","max-video-preview":"max-video-preview:-1"},"canonical":"https:\/\/rohrpost.de\/de\/rohrpostsysteme\/rohrpost-spezialloesungen\/","og_locale":"de_DE","og_type":"article","og_title":"Individuelle Rohrpost Speziall\u00f6sungen | H\u00f6rtig Rohrpost GmbH","og_description":"Kundenspezifische Rohrpostsysteme \u2013 vollautomatische Probenahme \u2013 CargoPlus f\u00fcr besonders gro\u00dfe und schwere G\u00fcter \u2013 Lassen Sie sich beraten!","og_url":"https:\/\/rohrpost.de\/de\/rohrpostsysteme\/rohrpost-spezialloesungen\/","og_site_name":"H\u00f6rtig Rohrpost","article_modified_time":"2025-02-20T17:23:26+00:00","og_image":[{"url":"http:\/\/air-tube-systems.com\/wp-content\/uploads\/Rohrpost-Produktion-225x300.jpg","type":"","width":"","height":""}],"twitter_card":"summary_large_image","twitter_misc":{"Gesch\u00e4tzte Lesezeit":"4\u00a0Minuten"},"schema":{"@context":"https:\/\/schema.org","@graph":[{"@type":"WebPage","@id":"https:\/\/rohrpost.de\/de\/rohrpostsysteme\/rohrpost-spezialloesungen\/","url":"https:\/\/rohrpost.de\/de\/rohrpostsysteme\/rohrpost-spezialloesungen\/","name":"Individuelle Rohrpost Speziall\u00f6sungen | H\u00f6rtig Rohrpost GmbH","isPartOf":{"@id":"https:\/\/rohrpost.de\/de\/#website"},"primaryImageOfPage":{"@id":"https:\/\/rohrpost.de\/de\/rohrpostsysteme\/rohrpost-spezialloesungen\/#primaryimage"},"image":{"@id":"https:\/\/rohrpost.de\/de\/rohrpostsysteme\/rohrpost-spezialloesungen\/#primaryimage"},"thumbnailUrl":"http:\/\/air-tube-systems.com\/wp-content\/uploads\/Rohrpost-Produktion-225x300.jpg","datePublished":"2017-10-09T07:33:47+00:00","dateModified":"2025-02-20T17:23:26+00:00","description":"Kundenspezifische Rohrpostsysteme \u2013 vollautomatische Probenahme \u2013 CargoPlus f\u00fcr besonders gro\u00dfe und schwere G\u00fcter \u2013 Lassen Sie sich beraten!","breadcrumb":{"@id":"https:\/\/rohrpost.de\/de\/rohrpostsysteme\/rohrpost-spezialloesungen\/#breadcrumb"},"inLanguage":"de","potentialAction":[{"@type":"ReadAction","target":["https:\/\/rohrpost.de\/de\/rohrpostsysteme\/rohrpost-spezialloesungen\/"]}]},{"@type":"ImageObject","inLanguage":"de","@id":"https:\/\/rohrpost.de\/de\/rohrpostsysteme\/rohrpost-spezialloesungen\/#primaryimage","url":"http:\/\/air-tube-systems.com\/wp-content\/uploads\/Rohrpost-Produktion-225x300.jpg","contentUrl":"http:\/\/air-tube-systems.com\/wp-content\/uploads\/Rohrpost-Produktion-225x300.jpg"},{"@type":"BreadcrumbList","@id":"https:\/\/rohrpost.de\/de\/rohrpostsysteme\/rohrpost-spezialloesungen\/#breadcrumb","itemListElement":[{"@type":"ListItem","position":1,"name":"Startseite","item":"https:\/\/rohrpost.de\/de\/"},{"@type":"ListItem","position":2,"name":"Rohrpostsysteme","item":"https:\/\/rohrpost.de\/de\/rohrpostsysteme\/"},{"@type":"ListItem","position":3,"name":"Rohrpost Speziall\u00f6sungen"}]},{"@type":"WebSite","@id":"https:\/\/rohrpost.de\/de\/#website","url":"https:\/\/rohrpost.de\/de\/","name":"H\u00f6rtig Rohrpost","description":"Hersteller von smarten Rohrpostsystemen","publisher":{"@id":"https:\/\/rohrpost.de\/de\/#organization"},"potentialAction":[{"@type":"SearchAction","target":{"@type":"EntryPoint","urlTemplate":"https:\/\/rohrpost.de\/de\/?s={search_term_string}"},"query-input":{"@type":"PropertyValueSpecification","valueRequired":true,"valueName":"search_term_string"}}],"inLanguage":"de"},{"@type":"Organization","@id":"https:\/\/rohrpost.de\/de\/#organization","name":"H\u00f6rtig Rohrpost GmbH","url":"https:\/\/rohrpost.de\/de\/","logo":{"@type":"ImageObject","inLanguage":"de","@id":"https:\/\/rohrpost.de\/de\/#\/schema\/logo\/image\/","url":"http:\/\/air-tube-systems.com\/wp-content\/uploads\/HR-Logo2017-RAL6018.jpg","contentUrl":"http:\/\/air-tube-systems.com\/wp-content\/uploads\/HR-Logo2017-RAL6018.jpg","width":10000,"height":2759,"caption":"H\u00f6rtig Rohrpost GmbH"},"image":{"@id":"https:\/\/rohrpost.de\/de\/#\/schema\/logo\/image\/"}}]}},"_links":{"self":[{"href":"https:\/\/rohrpost.de\/de\/wp-json\/wp\/v2\/pages\/1819","targetHints":{"allow":["GET"]}}],"collection":[{"href":"https:\/\/rohrpost.de\/de\/wp-json\/wp\/v2\/pages"}],"about":[{"href":"https:\/\/rohrpost.de\/de\/wp-json\/wp\/v2\/types\/page"}],"author":[{"embeddable":true,"href":"https:\/\/rohrpost.de\/de\/wp-json\/wp\/v2\/users\/6"}],"replies":[{"embeddable":true,"href":"https:\/\/rohrpost.de\/de\/wp-json\/wp\/v2\/comments?post=1819"}],"version-history":[{"count":4,"href":"https:\/\/rohrpost.de\/de\/wp-json\/wp\/v2\/pages\/1819\/revisions"}],"predecessor-version":[{"id":26938,"href":"https:\/\/rohrpost.de\/de\/wp-json\/wp\/v2\/pages\/1819\/revisions\/26938"}],"up":[{"embeddable":true,"href":"https:\/\/rohrpost.de\/de\/wp-json\/wp\/v2\/pages\/1738"}],"wp:attachment":[{"href":"https:\/\/rohrpost.de\/de\/wp-json\/wp\/v2\/media?parent=1819"}],"curies":[{"name":"wp","href":"https:\/\/api.w.org\/{rel}","templated":true}]}}