{"id":16118,"date":"2021-04-01T09:44:57","date_gmt":"2021-04-01T09:44:57","guid":{"rendered":"https:\/\/rohrpost.de\/?page_id=16118"},"modified":"2025-02-20T16:38:51","modified_gmt":"2025-02-20T16:38:51","slug":"rohre","status":"publish","type":"page","link":"https:\/\/rohrpost.de\/de\/rohre\/","title":{"rendered":"Rohre"},"content":{"rendered":"<section class=\"l-section wpb_row height_medium\"><div class=\"l-section-h i-cf\"><div class=\"g-cols vc_row via_flex valign_top type_default stacking_default\"><div class=\"vc_col-sm-12 wpb_column vc_column_container\"><div class=\"vc_column-inner\"><div class=\"wpb_wrapper\"><div class=\"wpb_text_column\"><div class=\"wpb_wrapper\"><h1 style=\"text-align: left;\"><strong>Rohre, B\u00f6gen, Muffen<\/strong><\/h1>\n<\/div><\/div><div class=\"wpb_text_column\"><div class=\"wpb_wrapper\"><p>Rohre, B\u00f6gen und Muffen sind kritische Komponenten in Rohrpostsystemen: Bei nur geringen Abweichungen in den Ma\u00dfen oder einer ungenauen Installation, k\u00f6nnen sie die Funktion der gesamten Anlage behindern. Die von uns eingesetzten Rohre sind von h\u00f6chster Qualit\u00e4t. Um das System perfekt in das Umfeld einzupassen, verwenden wir unterschiedliche Rohrmaterialien und Einbaumethoden je nach Einsatzort.<\/p>\n<\/div><\/div><\/div><\/div><\/div><\/div><\/div><\/section><!-- Row Backgrounds --><div class=\"upb_color\" data-bg-override=\"0\" data-bg-color=\"#f3f3f3\" data-fadeout=\"\" data-fadeout-percentage=\"30\" data-parallax-content=\"\" data-parallax-content-sense=\"30\" data-row-effect-mobile-disable=\"true\" data-img-parallax-mobile-disable=\"true\" data-rtl=\"false\"  data-custom-vc-row=\"\"  data-vc=\"8.7.2\"  data-is_old_vc=\"\"  data-theme-support=\"\"   data-overlay=\"false\" data-overlay-color=\"\" data-overlay-pattern=\"\" data-overlay-pattern-opacity=\"\" data-overlay-pattern-size=\"\"    ><\/div><section class=\"l-section wpb_row height_medium\"><div class=\"l-section-h i-cf\"><div class=\"g-cols vc_row via_flex valign_top type_default stacking_default\"><div class=\"vc_col-sm-12 wpb_column vc_column_container\"><div class=\"vc_column-inner\"><div class=\"wpb_wrapper\"><div class=\"wpb_text_column\"><div class=\"wpb_wrapper\"><h2><strong>Verschiedene Rohrmaterialien im Einsatz<\/strong><\/h2>\n<\/div><\/div><div class=\"g-cols wpb_row via_flex valign_top type_default stacking_default\"><div class=\"vc_col-sm-4 wpb_column vc_column_container\"><div class=\"vc_column-inner\"><div class=\"wpb_wrapper\"><div class=\"wpb_text_column\"><div class=\"wpb_wrapper\"><h3>PVC<\/h3>\n<\/div><\/div><div class=\"wpb_text_column\"><div class=\"wpb_wrapper\"><p>Die am h\u00e4ufigsten verbauten Rohre sind aus PVC. Standardm\u00e4\u00dfig nutzen wir eisengraue PVC-Komponenten. Alternativ k\u00f6nnen aber aus optischen Gr\u00fcnden auch silbergraue, wei\u00dfe oder durchsichtige Rohre verbaut werden.<\/p>\n<\/div><\/div><\/div><\/div><\/div><div class=\"vc_col-sm-4 wpb_column vc_column_container\"><div class=\"vc_column-inner\"><div class=\"wpb_wrapper\"><div class=\"wpb_text_column\"><div class=\"wpb_wrapper\"><h3>Edelstahl<\/h3>\n<\/div><\/div><div class=\"wpb_text_column\"><div class=\"wpb_wrapper\"><p>In manchen Geb\u00e4uden darf kein PVC-Rohr verwendet werden. In diesen F\u00e4llen verbauen wir Edelstahlrohre.<\/p>\n<\/div><\/div><\/div><\/div><\/div><div class=\"vc_col-sm-4 wpb_column vc_column_container\"><div class=\"vc_column-inner\"><div class=\"wpb_wrapper\"><div class=\"wpb_text_column\"><div class=\"wpb_wrapper\"><h3>PEHD-Erdrohr<\/h3>\n<\/div><\/div><div class=\"wpb_text_column\"><div class=\"wpb_wrapper\"><p>Da die Rohrlinien unsichtbar im Boden verbaut werden k\u00f6nnen, wird f\u00fcr solche Strecken auf das daf\u00fcr bestimmte PEHD-Erdrohr zur\u00fcckgegriffen.<\/p>\n<\/div><\/div><\/div><\/div><\/div><\/div><div class=\"g-cols wpb_row via_flex valign_top type_default stacking_default\"><div class=\"vc_col-sm-4 wpb_column vc_column_container\"><div class=\"vc_column-inner\"><div class=\"wpb_wrapper\"><div class=\"w-separator size_small\"><\/div><div class=\"w-image align_none\"><div class=\"w-image-h\"><img decoding=\"async\" width=\"300\" height=\"300\" src=\"https:\/\/rohrpost.de\/wp-content\/uploads\/rohrpostrohr-pvc-300x300.jpg\" class=\"attachment-medium size-medium\" alt=\"pvc-rohrpostrohr\" loading=\"lazy\" srcset=\"https:\/\/rohrpost.de\/wp-content\/uploads\/\/rohrpostrohr-pvc-300x300.jpg 300w, https:\/\/rohrpost.de\/wp-content\/uploads\/\/rohrpostrohr-pvc-150x150.jpg 150w, https:\/\/rohrpost.de\/wp-content\/uploads\/\/rohrpostrohr-pvc.jpg 350w\" sizes=\"auto, (max-width: 300px) 100vw, 300px\" \/><\/div><\/div><\/div><\/div><\/div><div class=\"vc_col-sm-4 wpb_column vc_column_container\"><div class=\"vc_column-inner\"><div class=\"wpb_wrapper\"><div class=\"w-separator size_small\"><\/div><div class=\"w-image align_none\"><div class=\"w-image-h\"><img decoding=\"async\" width=\"300\" height=\"300\" src=\"https:\/\/rohrpost.de\/wp-content\/uploads\/edelstahlrohr-rohrpost-300x300.jpg\" class=\"attachment-medium size-medium\" alt=\"edelstahlrohr fuer rohrpost\" loading=\"lazy\" srcset=\"https:\/\/rohrpost.de\/wp-content\/uploads\/\/edelstahlrohr-rohrpost.jpg 300w, https:\/\/rohrpost.de\/wp-content\/uploads\/\/edelstahlrohr-rohrpost-150x150.jpg 150w\" sizes=\"auto, (max-width: 300px) 100vw, 300px\" \/><\/div><\/div><\/div><\/div><\/div><div class=\"vc_col-sm-4 wpb_column vc_column_container\"><div class=\"vc_column-inner\"><div class=\"wpb_wrapper\"><div class=\"w-separator size_small\"><\/div><div class=\"w-image align_none\"><div class=\"w-image-h\"><img decoding=\"async\" width=\"300\" height=\"300\" src=\"https:\/\/rohrpost.de\/wp-content\/uploads\/erdrohr-rohrpost-300x300.jpg\" class=\"attachment-medium size-medium\" alt=\"erdrohr-rohrpost\" loading=\"lazy\" srcset=\"https:\/\/rohrpost.de\/wp-content\/uploads\/\/erdrohr-rohrpost-300x300.jpg 300w, https:\/\/rohrpost.de\/wp-content\/uploads\/\/erdrohr-rohrpost-150x150.jpg 150w, https:\/\/rohrpost.de\/wp-content\/uploads\/\/erdrohr-rohrpost.jpg 350w\" sizes=\"auto, (max-width: 300px) 100vw, 300px\" \/><\/div><\/div><\/div><\/div><\/div><\/div><\/div><\/div><\/div><\/div><\/div><\/section><section class=\"l-section wpb_row height_medium\"><div class=\"l-section-h i-cf\"><div class=\"g-cols vc_row via_flex valign_top type_default stacking_default\"><div class=\"vc_col-sm-12 wpb_column vc_column_container\"><div class=\"vc_column-inner\"><div class=\"wpb_wrapper\"><div class=\"wpb_text_column\"><div class=\"wpb_wrapper\"><h2><strong>Einbaum\u00f6glichkeiten f\u00fcr das Rohrnetz<\/strong><\/h2>\n<\/div><\/div><div class=\"g-cols wpb_row via_flex valign_top type_default stacking_default\"><div class=\"vc_col-sm-3 wpb_column vc_column_container\"><div class=\"vc_column-inner\"><div class=\"wpb_wrapper\"><div class=\"wpb_text_column\"><div class=\"wpb_wrapper\"><h3>Decke<\/h3>\n<\/div><\/div><div class=\"wpb_text_column\"><div class=\"wpb_wrapper\"><p>In den meisten F\u00e4llen wird das Rohrnetz unterhalb von Deckenplatten installiert. So verl\u00e4uft die Rohrpost unsichtbar und nimmt kaum Platz ein.<\/p>\n<\/div><\/div><\/div><\/div><\/div><div class=\"vc_col-sm-3 wpb_column vc_column_container\"><div class=\"vc_column-inner\"><div class=\"wpb_wrapper\"><div class=\"wpb_text_column\"><div class=\"wpb_wrapper\"><h3>Erde<\/h3>\n<\/div><\/div><div class=\"wpb_text_column\"><div class=\"wpb_wrapper\"><p>Vor allem bei Rohrpostsystemen, die \u00fcber mehr als ein Geb\u00e4ude gehen, werden Rohre in der Erde verlegt.<\/p>\n<\/div><\/div><\/div><\/div><\/div><div class=\"vc_col-sm-3 wpb_column vc_column_container\"><div class=\"vc_column-inner\"><div class=\"wpb_wrapper\"><div class=\"wpb_text_column\"><div class=\"wpb_wrapper\"><h3>Br\u00fccke<\/h3>\n<\/div><\/div><div class=\"wpb_text_column\"><div class=\"wpb_wrapper\"><p>Mehrere Geb\u00e4ude k\u00f6nnen aber auch \u00fcber Rohrbr\u00fccken miteinander verbunden werden.<\/p>\n<\/div><\/div><\/div><\/div><\/div><div class=\"vc_col-sm-3 wpb_column vc_column_container\"><div class=\"vc_column-inner\"><div class=\"wpb_wrapper\"><div class=\"wpb_text_column\"><div class=\"wpb_wrapper\"><h3>Sichtbar<\/h3>\n<\/div><\/div><div class=\"wpb_text_column\"><div class=\"wpb_wrapper\"><p>Als besonderer Blickfang k\u00f6nnen die Rohre sichtbar installiert werden.<\/p>\n<\/div><\/div><\/div><\/div><\/div><\/div><\/div><\/div><\/div><\/div><\/div><\/section><!-- Row Backgrounds --><div class=\"upb_color\" data-bg-override=\"0\" data-bg-color=\"#f3f3f3\" data-fadeout=\"\" data-fadeout-percentage=\"30\" data-parallax-content=\"\" data-parallax-content-sense=\"30\" data-row-effect-mobile-disable=\"true\" data-img-parallax-mobile-disable=\"true\" data-rtl=\"false\"  data-custom-vc-row=\"\"  data-vc=\"8.7.2\"  data-is_old_vc=\"\"  data-theme-support=\"\"   data-overlay=\"false\" data-overlay-color=\"\" data-overlay-pattern=\"\" data-overlay-pattern-opacity=\"\" data-overlay-pattern-size=\"\"    ><\/div><section class=\"l-section wpb_row height_medium\"><div class=\"l-section-h i-cf\"><div class=\"g-cols vc_row via_flex valign_top type_default stacking_default\"><div class=\"vc_col-sm-12 wpb_column vc_column_container\"><div class=\"vc_column-inner\"><div class=\"wpb_wrapper\"><div class=\"wpb_text_column\"><div class=\"wpb_wrapper\"><h2>FAQ Thema Rohre<\/h2>\n<\/div><\/div><div class=\"w-tabs style_default switch_click accordion has_scrolling\" style=\"--sections-title-size:inherit\"><div class=\"w-tabs-sections titles-align_none icon_chevron cpos_right\"><div class=\"w-tabs-section\" id=\"a34e\"><button class=\"w-tabs-section-header\" aria-controls=\"content-a34e\" aria-expanded=\"false\"><div class=\"w-tabs-section-title\">Wonach entscheidet sich, welches Rohrmaterial verwendet wird?<\/div><div class=\"w-tabs-section-control\"><\/div><\/button><div  class=\"w-tabs-section-content\" id=\"content-a34e\"><div class=\"w-tabs-section-content-h i-cf\"><div class=\"wpb_text_column\"><div class=\"wpb_wrapper\"><p>Welches Rohrmaterial wir f\u00fcr Ihre Anlage verwenden, entscheiden wir ganz nach den Anforderungen der Umgebung. Stahlrohre sind zum Beispiel besonders resistent und haben eine antiseptische Wirkung, sodass sie h\u00e4ufig in Krankenh\u00e4usern oder im Freien eingesetzt werden. Au\u00dferdem verwenden wir sie zum Beispiel in Chemiewerken, da sie anders als PVC nicht zur Funkenbildung neigen.<\/p>\n<p>Das graue Plexiglasrohr ist unser Standardrohr, das eingesetzt wird, wenn keine besonderen Umfeldbedingungen herrschen. Durch seine graue Farbe ist es nicht anf\u00e4llig f\u00fcr Staub. Wir bieten das Rohr aber auch in wei\u00df oder transparent an, um es unauff\u00e4llig in das Setting vor Ort integrieren zu k\u00f6nnen.<\/p>\n<p>Sie sind in der N\u00e4he von Seewasser angesiedelt? Dann setzen wir seewasserbest\u00e4ndiges Rohr ein, dass besonders widerstandsf\u00e4hig gegen\u00fcber salziger Luft ist.<\/p>\n<\/div><\/div><\/div><\/div><\/div><div class=\"w-tabs-section\" id=\"y3e4\"><button class=\"w-tabs-section-header\" aria-controls=\"content-y3e4\" aria-expanded=\"false\"><div class=\"w-tabs-section-title\">Welche Gr\u00f6\u00dfen sind erh\u00e4ltlich?<\/div><div class=\"w-tabs-section-control\"><\/div><\/button><div  class=\"w-tabs-section-content\" id=\"content-y3e4\"><div class=\"w-tabs-section-content-h i-cf\"><div class=\"wpb_text_column\"><div class=\"wpb_wrapper\"><p>In unseren Systemen verbauen wir die Fahrrohre in allen typischen Rohrpostgr\u00f6\u00dfen. Der kleinste m\u00f6gliche Rohrdurchmesser liegt bei Do63, der gr\u00f6\u00dfte bei einem Wert von 500 mm.<\/p>\n<\/div><\/div><\/div><\/div><\/div><\/div><\/div><\/div><\/div><\/div><\/div><\/div><\/section>\n","protected":false},"excerpt":{"rendered":"Rohre, B\u00f6gen, Muffen Rohre, B\u00f6gen und Muffen sind kritische Komponenten in Rohrpostsystemen: Bei nur geringen Abweichungen in den Ma\u00dfen oder einer ungenauen Installation, k\u00f6nnen sie die Funktion der gesamten Anlage behindern. Die von uns eingesetzten Rohre sind von h\u00f6chster Qualit\u00e4t. Um das System perfekt in das Umfeld einzupassen, verwenden wir unterschiedliche Rohrmaterialien und Einbaumethoden je...","protected":false},"author":6,"featured_media":0,"parent":0,"menu_order":26,"comment_status":"closed","ping_status":"closed","template":"","meta":{"footnotes":""},"class_list":["post-16118","page","type-page","status-publish","hentry"],"yoast_head":"<!-- This site is optimized with the Yoast SEO plugin v27.2 - https:\/\/yoast.com\/product\/yoast-seo-wordpress\/ -->\n<title>Von uns eingesetzte Rohre f\u00fcr Rohrpostsysteme | H\u00f6rtig Rohrpost GmbH<\/title>\n<meta name=\"description\" content=\"Welche Rohre werden f\u00fcr Rohrpostsysteme eingesetzt? Worauf sollte man bei der Auswahl achten? Wie k\u00f6nnen sie verbaut werden?\" \/>\n<meta name=\"robots\" content=\"index, follow, max-snippet:-1, max-image-preview:large, max-video-preview:-1\" \/>\n<link rel=\"canonical\" href=\"https:\/\/rohrpost.de\/de\/rohre\/\" \/>\n<meta property=\"og:locale\" content=\"de_DE\" \/>\n<meta property=\"og:type\" content=\"article\" \/>\n<meta property=\"og:title\" content=\"Von uns eingesetzte Rohre f\u00fcr Rohrpostsysteme | H\u00f6rtig Rohrpost GmbH\" \/>\n<meta property=\"og:description\" content=\"Welche Rohre werden f\u00fcr Rohrpostsysteme eingesetzt? Worauf sollte man bei der Auswahl achten? Wie k\u00f6nnen sie verbaut werden?\" \/>\n<meta property=\"og:url\" content=\"https:\/\/rohrpost.de\/de\/rohre\/\" \/>\n<meta property=\"og:site_name\" content=\"H\u00f6rtig Rohrpost\" \/>\n<meta property=\"article:modified_time\" content=\"2025-02-20T16:38:51+00:00\" \/>\n<meta property=\"og:image\" content=\"https:\/\/rohrpost.de\/wp-content\/uploads\/HR-Logo2017-RAL6018.jpg\" \/>\n\t<meta property=\"og:image:width\" content=\"10000\" \/>\n\t<meta property=\"og:image:height\" content=\"2759\" \/>\n\t<meta property=\"og:image:type\" content=\"image\/jpeg\" \/>\n<meta name=\"twitter:card\" content=\"summary_large_image\" \/>\n<meta name=\"twitter:label1\" content=\"Gesch\u00e4tzte Lesezeit\" \/>\n\t<meta name=\"twitter:data1\" content=\"3\u00a0Minuten\" \/>\n<script type=\"application\/ld+json\" class=\"yoast-schema-graph\">{\"@context\":\"https:\/\/schema.org\",\"@graph\":[{\"@type\":\"WebPage\",\"@id\":\"https:\/\/rohrpost.de\/de\/rohre\/\",\"url\":\"https:\/\/rohrpost.de\/de\/rohre\/\",\"name\":\"Von uns eingesetzte Rohre f\u00fcr Rohrpostsysteme | H\u00f6rtig Rohrpost GmbH\",\"isPartOf\":{\"@id\":\"https:\/\/rohrpost.de\/de\/#website\"},\"datePublished\":\"2021-04-01T09:44:57+00:00\",\"dateModified\":\"2025-02-20T16:38:51+00:00\",\"description\":\"Welche Rohre werden f\u00fcr Rohrpostsysteme eingesetzt? Worauf sollte man bei der Auswahl achten? Wie k\u00f6nnen sie verbaut werden?\",\"breadcrumb\":{\"@id\":\"https:\/\/rohrpost.de\/de\/rohre\/#breadcrumb\"},\"inLanguage\":\"de\",\"potentialAction\":[{\"@type\":\"ReadAction\",\"target\":[\"https:\/\/rohrpost.de\/de\/rohre\/\"]}]},{\"@type\":\"BreadcrumbList\",\"@id\":\"https:\/\/rohrpost.de\/de\/rohre\/#breadcrumb\",\"itemListElement\":[{\"@type\":\"ListItem\",\"position\":1,\"name\":\"Startseite\",\"item\":\"https:\/\/rohrpost.de\/de\/\"},{\"@type\":\"ListItem\",\"position\":2,\"name\":\"Rohre\"}]},{\"@type\":\"WebSite\",\"@id\":\"https:\/\/rohrpost.de\/de\/#website\",\"url\":\"https:\/\/rohrpost.de\/de\/\",\"name\":\"H\u00f6rtig Rohrpost\",\"description\":\"Hersteller von smarten Rohrpostsystemen\",\"publisher\":{\"@id\":\"https:\/\/rohrpost.de\/de\/#organization\"},\"potentialAction\":[{\"@type\":\"SearchAction\",\"target\":{\"@type\":\"EntryPoint\",\"urlTemplate\":\"https:\/\/rohrpost.de\/de\/?s={search_term_string}\"},\"query-input\":{\"@type\":\"PropertyValueSpecification\",\"valueRequired\":true,\"valueName\":\"search_term_string\"}}],\"inLanguage\":\"de\"},{\"@type\":\"Organization\",\"@id\":\"https:\/\/rohrpost.de\/de\/#organization\",\"name\":\"H\u00f6rtig Rohrpost GmbH\",\"url\":\"https:\/\/rohrpost.de\/de\/\",\"logo\":{\"@type\":\"ImageObject\",\"inLanguage\":\"de\",\"@id\":\"https:\/\/rohrpost.de\/de\/#\/schema\/logo\/image\/\",\"url\":\"http:\/\/air-tube-systems.com\/wp-content\/uploads\/HR-Logo2017-RAL6018.jpg\",\"contentUrl\":\"http:\/\/air-tube-systems.com\/wp-content\/uploads\/HR-Logo2017-RAL6018.jpg\",\"width\":10000,\"height\":2759,\"caption\":\"H\u00f6rtig Rohrpost GmbH\"},\"image\":{\"@id\":\"https:\/\/rohrpost.de\/de\/#\/schema\/logo\/image\/\"}}]}<\/script>\n<!-- \/ Yoast SEO plugin. -->","yoast_head_json":{"title":"Von uns eingesetzte Rohre f\u00fcr Rohrpostsysteme | H\u00f6rtig Rohrpost GmbH","description":"Welche Rohre werden f\u00fcr Rohrpostsysteme eingesetzt? Worauf sollte man bei der Auswahl achten? Wie k\u00f6nnen sie verbaut werden?","robots":{"index":"index","follow":"follow","max-snippet":"max-snippet:-1","max-image-preview":"max-image-preview:large","max-video-preview":"max-video-preview:-1"},"canonical":"https:\/\/rohrpost.de\/de\/rohre\/","og_locale":"de_DE","og_type":"article","og_title":"Von uns eingesetzte Rohre f\u00fcr Rohrpostsysteme | H\u00f6rtig Rohrpost GmbH","og_description":"Welche Rohre werden f\u00fcr Rohrpostsysteme eingesetzt? Worauf sollte man bei der Auswahl achten? Wie k\u00f6nnen sie verbaut werden?","og_url":"https:\/\/rohrpost.de\/de\/rohre\/","og_site_name":"H\u00f6rtig Rohrpost","article_modified_time":"2025-02-20T16:38:51+00:00","og_image":[{"width":10000,"height":2759,"url":"https:\/\/rohrpost.de\/wp-content\/uploads\/HR-Logo2017-RAL6018.jpg","type":"image\/jpeg"}],"twitter_card":"summary_large_image","twitter_misc":{"Gesch\u00e4tzte Lesezeit":"3\u00a0Minuten"},"schema":{"@context":"https:\/\/schema.org","@graph":[{"@type":"WebPage","@id":"https:\/\/rohrpost.de\/de\/rohre\/","url":"https:\/\/rohrpost.de\/de\/rohre\/","name":"Von uns eingesetzte Rohre f\u00fcr Rohrpostsysteme | H\u00f6rtig Rohrpost GmbH","isPartOf":{"@id":"https:\/\/rohrpost.de\/de\/#website"},"datePublished":"2021-04-01T09:44:57+00:00","dateModified":"2025-02-20T16:38:51+00:00","description":"Welche Rohre werden f\u00fcr Rohrpostsysteme eingesetzt? Worauf sollte man bei der Auswahl achten? Wie k\u00f6nnen sie verbaut werden?","breadcrumb":{"@id":"https:\/\/rohrpost.de\/de\/rohre\/#breadcrumb"},"inLanguage":"de","potentialAction":[{"@type":"ReadAction","target":["https:\/\/rohrpost.de\/de\/rohre\/"]}]},{"@type":"BreadcrumbList","@id":"https:\/\/rohrpost.de\/de\/rohre\/#breadcrumb","itemListElement":[{"@type":"ListItem","position":1,"name":"Startseite","item":"https:\/\/rohrpost.de\/de\/"},{"@type":"ListItem","position":2,"name":"Rohre"}]},{"@type":"WebSite","@id":"https:\/\/rohrpost.de\/de\/#website","url":"https:\/\/rohrpost.de\/de\/","name":"H\u00f6rtig Rohrpost","description":"Hersteller von smarten Rohrpostsystemen","publisher":{"@id":"https:\/\/rohrpost.de\/de\/#organization"},"potentialAction":[{"@type":"SearchAction","target":{"@type":"EntryPoint","urlTemplate":"https:\/\/rohrpost.de\/de\/?s={search_term_string}"},"query-input":{"@type":"PropertyValueSpecification","valueRequired":true,"valueName":"search_term_string"}}],"inLanguage":"de"},{"@type":"Organization","@id":"https:\/\/rohrpost.de\/de\/#organization","name":"H\u00f6rtig Rohrpost GmbH","url":"https:\/\/rohrpost.de\/de\/","logo":{"@type":"ImageObject","inLanguage":"de","@id":"https:\/\/rohrpost.de\/de\/#\/schema\/logo\/image\/","url":"http:\/\/air-tube-systems.com\/wp-content\/uploads\/HR-Logo2017-RAL6018.jpg","contentUrl":"http:\/\/air-tube-systems.com\/wp-content\/uploads\/HR-Logo2017-RAL6018.jpg","width":10000,"height":2759,"caption":"H\u00f6rtig Rohrpost GmbH"},"image":{"@id":"https:\/\/rohrpost.de\/de\/#\/schema\/logo\/image\/"}}]}},"_links":{"self":[{"href":"https:\/\/rohrpost.de\/de\/wp-json\/wp\/v2\/pages\/16118","targetHints":{"allow":["GET"]}}],"collection":[{"href":"https:\/\/rohrpost.de\/de\/wp-json\/wp\/v2\/pages"}],"about":[{"href":"https:\/\/rohrpost.de\/de\/wp-json\/wp\/v2\/types\/page"}],"author":[{"embeddable":true,"href":"https:\/\/rohrpost.de\/de\/wp-json\/wp\/v2\/users\/6"}],"replies":[{"embeddable":true,"href":"https:\/\/rohrpost.de\/de\/wp-json\/wp\/v2\/comments?post=16118"}],"version-history":[{"count":2,"href":"https:\/\/rohrpost.de\/de\/wp-json\/wp\/v2\/pages\/16118\/revisions"}],"predecessor-version":[{"id":26908,"href":"https:\/\/rohrpost.de\/de\/wp-json\/wp\/v2\/pages\/16118\/revisions\/26908"}],"wp:attachment":[{"href":"https:\/\/rohrpost.de\/de\/wp-json\/wp\/v2\/media?parent=16118"}],"curies":[{"name":"wp","href":"https:\/\/api.w.org\/{rel}","templated":true}]}}